{"id":1626,"date":"2013-03-04T15:22:27","date_gmt":"2013-03-04T14:22:27","guid":{"rendered":"http:\/\/www.starnight.be\/dj-soiree\/?page_id=1626"},"modified":"2025-05-13T12:10:19","modified_gmt":"2025-05-13T10:10:19","slug":"contact-dj","status":"publish","type":"page","link":"https:\/\/www.starnight.be\/dj-soiree\/contact-dj\/","title":{"rendered":"Contact"},"content":{"rendered":"<div class=\"two-third\">\n<h1><strong>Vos questions sont les bienvenues !<\/strong><\/h1>\n<p><div class=\"bullets\" id=\"sc_bullets_1\"><\/p>\n<ul>\n<li>Besoin d&rsquo;une formule sp\u00e9cifique, adapt\u00e9e \u00e0 vos besoin ?<\/li>\n<li>Besoin d&rsquo;un devis d\u00e9taill\u00e9 ?<\/li>\n<li>Une question pratique ?<\/li>\n<li>Un rendez-vous ?<\/li>\n<\/ul>\n<p><\/div><style>#sc_bullets_1 ul li{background-image:url(https:\/\/www.starnight.be\/dj-soiree\/wp-content\/themes\/metro\/img\/icons\/0255.png)}<\/style><\/p>\n<h2><span style=\"text-decoration: underline;\">GARANTIE<\/span> :<\/h2>\n<h3><strong>Contact et suivi personnalis\u00e9 !<\/strong><\/h3>\n<p><\/div>\n<h4><strong>Nos coordonn\u00e9es <\/strong><span class=\"with-icon\" style=\"background-image:url(https:\/\/www.starnight.be\/dj-soiree\/wp-content\/themes\/metro\/img\/icons\/0222.png)\"><\/span><\/h4>\n<div class=\"one-third last\">\n<p><strong>STARNIGHT SONORISATION<\/strong><\/p>\n<p>Chemin du Bosquet, 7<br \/>\n1430 REBECQ<\/p>\n<p><span class=\"with-icon\" style=\"background-image:url(https:\/\/www.starnight.be\/dj-soiree\/wp-content\/themes\/metro\/img\/icons\/0047.png)\"><\/span>+32.477.96.46.36<\/p>\n<p><span class=\"with-icon\" style=\"background-image:url(https:\/\/www.starnight.be\/dj-soiree\/wp-content\/themes\/metro\/img\/icons\/0003.png)\"><\/span><span style=\"color: #000000;\"><a style=\"color: #000000;\" href=\"mailto:info@starnight.be\" target=\"_blank\" rel=\"noopener noreferrer\">info@starnight.be<\/a><\/span><\/p>\n<p><\/div><div class=\"clear\"><\/div>\n<hr \/>\n<h4><strong>Formulaire de contact<\/strong><\/h4>\n\n<div class=\"wpcf7 no-js\" id=\"wpcf7-f2432-o1\" lang=\"fr-FR\" dir=\"ltr\" data-wpcf7-id=\"2432\">\n<div class=\"screen-reader-response\"><p role=\"status\" aria-live=\"polite\" aria-atomic=\"true\"><\/p> <ul><\/ul><\/div>\n<form action=\"\/dj-soiree\/wp-json\/wp\/v2\/pages\/1626#wpcf7-f2432-o1\" method=\"post\" class=\"wpcf7-form init\" aria-label=\"Formulaire de contact\" novalidate=\"novalidate\" data-status=\"init\">\n<fieldset class=\"hidden-fields-container\"><input type=\"hidden\" name=\"_wpcf7\" value=\"2432\" \/><input type=\"hidden\" name=\"_wpcf7_version\" value=\"6.1.5\" \/><input type=\"hidden\" name=\"_wpcf7_locale\" value=\"fr_FR\" \/><input type=\"hidden\" name=\"_wpcf7_unit_tag\" value=\"wpcf7-f2432-o1\" \/><input type=\"hidden\" name=\"_wpcf7_container_post\" value=\"0\" \/><input type=\"hidden\" name=\"_wpcf7_posted_data_hash\" value=\"\" \/><input type=\"hidden\" name=\"_wpcf7_recaptcha_response\" value=\"\" \/>\n<\/fieldset>\n<p>Votre nom* : <span class=\"wpcf7-form-control-wrap\" data-name=\"your-name\"><input size=\"40\" maxlength=\"400\" class=\"wpcf7-form-control wpcf7-text wpcf7-validates-as-required\" aria-required=\"true\" aria-invalid=\"false\" value=\"\" type=\"text\" name=\"your-name\" \/><\/span>\n<\/p>\n<p>Votre pr\u00e9nom* : <span class=\"wpcf7-form-control-wrap\" data-name=\"your-surname\"><input size=\"40\" maxlength=\"400\" class=\"wpcf7-form-control wpcf7-text wpcf7-validates-as-required\" aria-required=\"true\" aria-invalid=\"false\" value=\"\" type=\"text\" name=\"your-surname\" \/><\/span>\n<\/p>\n<p>Votre email* : <span class=\"wpcf7-form-control-wrap\" data-name=\"your-email\"><input size=\"40\" maxlength=\"400\" class=\"wpcf7-form-control wpcf7-email wpcf7-validates-as-required wpcf7-text wpcf7-validates-as-email\" aria-required=\"true\" aria-invalid=\"false\" value=\"\" type=\"email\" name=\"your-email\" \/><\/span>\n<\/p>\n<p> Votre num\u00e9ro de t\u00e9l\u00e9phone* : <span class=\"wpcf7-form-control-wrap\" data-name=\"your-tel\"><input size=\"40\" maxlength=\"400\" class=\"wpcf7-form-control wpcf7-text wpcf7-validates-as-required\" aria-required=\"true\" aria-invalid=\"false\" value=\"\" type=\"text\" name=\"your-tel\" \/><\/span>\n<\/p>\n<p>Type d'\u00e9v\u00e9nement : <span class=\"wpcf7-form-control-wrap\" data-name=\"type\"><select class=\"wpcf7-form-control wpcf7-select\" aria-invalid=\"false\" name=\"type\"><option value=\"\">&#8212;Veuillez choisir une option&#8212;<\/option><option value=\"Mariage\">Mariage<\/option><option value=\"Anniversaire\">Anniversaire<\/option><option value=\"Festival\">Festival<\/option><option value=\"F\u00eate d&#039;entreprise\">F\u00eate d&#039;entreprise<\/option><option value=\"Merchandising\">Merchandising<\/option><option value=\"Stand de foire\">Stand de foire<\/option><option value=\"Sonorisation de discours\">Sonorisation de discours<\/option><option value=\"F\u00eate publique\">F\u00eate publique<\/option><option value=\"Autres ...\">Autres ...<\/option><\/select><\/span>\n<\/p>\n<p>Date pr\u00e9vue de l'\u00e9v\u00e9nement (si d\u00e9j\u00e0 connue) : <span class=\"wpcf7-form-control-wrap\" data-name=\"date\"><input class=\"wpcf7-form-control wpcf7-date wpcf7-validates-as-date\" aria-invalid=\"false\" value=\"\" type=\"date\" name=\"date\" \/><\/span>\n<\/p>\n<p>Lieu de l'\u00e9v\u00e9nement : <span class=\"wpcf7-form-control-wrap\" data-name=\"lieu\"><input size=\"40\" maxlength=\"400\" class=\"wpcf7-form-control wpcf7-text\" aria-invalid=\"false\" value=\"\" type=\"text\" name=\"lieu\" \/><\/span>\n<\/p>\n<p>Est-ce que la salle de danse est au rez-de-chauss\u00e9e ? <span class=\"wpcf7-form-control-wrap\" data-name=\"etage\"><select class=\"wpcf7-form-control wpcf7-select\" aria-invalid=\"false\" name=\"etage\"><option value=\"Oui\">Oui<\/option><option value=\"Non, \u00e0 l&#039;\u00e9tage avec escaliers\">Non, \u00e0 l&#039;\u00e9tage avec escaliers<\/option><option value=\"Non, \u00e0 l&#039;\u00e9tage avec un monte-charge\">Non, \u00e0 l&#039;\u00e9tage avec un monte-charge<\/option><\/select><\/span>\n<\/p>\n<p>Nombre approximatif d'invit\u00e9s* : <span class=\"wpcf7-form-control-wrap\" data-name=\"invites\"><select class=\"wpcf7-form-control wpcf7-select wpcf7-validates-as-required\" aria-required=\"true\" aria-invalid=\"false\" name=\"invites\"><option value=\"\">&#8212;Veuillez choisir une option&#8212;<\/option><option value=\"Moins de 40\">Moins de 40<\/option><option value=\"Entre 40 et 70\">Entre 40 et 70<\/option><option value=\"Entre 70 et 100\">Entre 70 et 100<\/option><option value=\"Entre 100 et 150\">Entre 100 et 150<\/option><option value=\"Entre 150 et 200\">Entre 150 et 200<\/option><option value=\"Entre 200 et 250\">Entre 200 et 250<\/option><option value=\"Entre 250 et 300\">Entre 250 et 300<\/option><option value=\"Plus de 300 (merci de pr\u00e9ciser le nombre dans votre message)\">Plus de 300 (merci de pr\u00e9ciser le nombre dans votre message)<\/option><option value=\"Il s&#039;agit d&#039;un magasin ou d&#039;un lieu public (d\u00e9crire la surface dans votre message)\">Il s&#039;agit d&#039;un magasin ou d&#039;un lieu public (d\u00e9crire la surface dans votre message)<\/option><\/select><\/span>\n<\/p>\n<p>Heure d'arriv\u00e9e des invit\u00e9s (si d\u00e9j\u00e0 connue) : <span class=\"wpcf7-form-control-wrap\" data-name=\"heure\"><select class=\"wpcf7-form-control wpcf7-select\" aria-invalid=\"false\" name=\"heure\"><option value=\"Pas encore connue\">Pas encore connue<\/option><option value=\"07h00\">07h00<\/option><option value=\"08h00\">08h00<\/option><option value=\"09h00\">09h00<\/option><option value=\"10h00\">10h00<\/option><option value=\"11h00\">11h00<\/option><option value=\"12h00\">12h00<\/option><option value=\"13h00\">13h00<\/option><option value=\"14h00\">14h00<\/option><option value=\"15h00\">15h00<\/option><option value=\"16h00\">16h00<\/option><option value=\"17h00\">17h00<\/option><option value=\"18h00\">18h00<\/option><option value=\"19h00\">19h00<\/option><option value=\"20h00\">20h00<\/option><option value=\"21h00\">21h00<\/option><option value=\"22h00\">22h00<\/option><option value=\"23h00\">23h00<\/option><option value=\"00h00\">00h00<\/option><\/select><\/span>\n<\/p>\n<p>Avez-vous d\u00e9j\u00e0 une id\u00e9e du pack qui vous plairait ? <span class=\"wpcf7-form-control-wrap\" data-name=\"pack\"><select class=\"wpcf7-form-control wpcf7-select\" aria-invalid=\"false\" name=\"pack\"><option value=\"Non, pas vraiment\">Non, pas vraiment<\/option><option value=\"DJ seul, la salle est d\u00e9j\u00e0 \u00e9quip\u00e9e\">DJ seul, la salle est d\u00e9j\u00e0 \u00e9quip\u00e9e<\/option><option value=\"Tout doit \u00eatre customis\u00e9 !\">Tout doit \u00eatre customis\u00e9 !<\/option><option value=\"DomoPack\">DomoPack<\/option><option value=\"Demi-Totem Pack\">Demi-Totem Pack<\/option><option value=\"TotemPack\">TotemPack<\/option><option value=\"Glamour\">Glamour<\/option><option value=\"DeliriumPack\">DeliriumPack<\/option><\/select><\/span>\n<\/p>\n<p><u>Options \u00e9ventuelles souhait\u00e9es<\/u>:<br \/>\n<span class=\"wpcf7-form-control-wrap\" data-name=\"options\"><span class=\"wpcf7-form-control wpcf7-checkbox\"><span class=\"wpcf7-list-item first\"><label><input type=\"checkbox\" name=\"options[]\" value=\"D\u00e9coPack (spots architecturaux)\" \/><span class=\"wpcf7-list-item-label\">D\u00e9coPack (spots architecturaux)<\/span><\/label><\/span><span class=\"wpcf7-list-item\"><label><input type=\"checkbox\" name=\"options[]\" value=\"Cloud Pack (Machine \u00e0 fum\u00e9e lourde effet &quot;nuage&quot; au sol)\" \/><span class=\"wpcf7-list-item-label\">Cloud Pack (Machine \u00e0 fum\u00e9e lourde effet &quot;nuage&quot; au sol)<\/span><\/label><\/span><span class=\"wpcf7-list-item\"><label><input type=\"checkbox\" name=\"options[]\" value=\"Machine \u00e0 Bulles\" \/><span class=\"wpcf7-list-item-label\">Machine \u00e0 Bulles<\/span><\/label><\/span><span class=\"wpcf7-list-item\"><label><input type=\"checkbox\" name=\"options[]\" value=\"Pack vid\u00e9oprojection\" \/><span class=\"wpcf7-list-item-label\">Pack vid\u00e9oprojection<\/span><\/label><\/span><span class=\"wpcf7-list-item\"><label><input type=\"checkbox\" name=\"options[]\" value=\"PhotoBooth\" \/><span class=\"wpcf7-list-item-label\">PhotoBooth<\/span><\/label><\/span><span class=\"wpcf7-list-item\"><label><input type=\"checkbox\" name=\"options[]\" value=\"LaserPack\" \/><span class=\"wpcf7-list-item-label\">LaserPack<\/span><\/label><\/span><span class=\"wpcf7-list-item\"><label><input type=\"checkbox\" name=\"options[]\" value=\"Pack UV\" \/><span class=\"wpcf7-list-item-label\">Pack UV<\/span><\/label><\/span><span class=\"wpcf7-list-item\"><label><input type=\"checkbox\" name=\"options[]\" value=\"Pack Seconde Salle\" \/><span class=\"wpcf7-list-item-label\">Pack Seconde Salle<\/span><\/label><\/span><span class=\"wpcf7-list-item\"><label><input type=\"checkbox\" name=\"options[]\" value=\"Tables hautes (mange-debout)\" \/><span class=\"wpcf7-list-item-label\">Tables hautes (mange-debout)<\/span><\/label><\/span><span class=\"wpcf7-list-item last\"><label><input type=\"checkbox\" name=\"options[]\" value=\"Autres ?\" \/><span class=\"wpcf7-list-item-label\">Autres ?<\/span><\/label><\/span><\/span><\/span>\n<\/p>\n<p>Votre message*\n<\/p>\n<p><span class=\"wpcf7-form-control-wrap\" data-name=\"your-message\"><textarea cols=\"40\" rows=\"10\" maxlength=\"2000\" class=\"wpcf7-form-control wpcf7-textarea wpcf7-validates-as-required\" aria-required=\"true\" aria-invalid=\"false\" name=\"your-message\"><\/textarea><\/span>\n<\/p>\n<p><input class=\"wpcf7-form-control wpcf7-submit has-spinner\" type=\"submit\" value=\"Envoyer\" \/>\n<\/p>\n<p><i>* : champs obligatoires<\/i>\n<\/p><div class=\"wpcf7-response-output\" aria-hidden=\"true\"><\/div>\n<\/form>\n<\/div>\n\n<p style=\"text-align: left;\"><em><span class=\"with-icon\" style=\"background-image:url(https:\/\/www.starnight.be\/dj-soiree\/wp-content\/themes\/metro\/img\/icons\/0049.png)\"><\/span>Merci de nous contacter par t\u00e9l\u00e9phone au <b>+32.477.96.46.36 <\/b>si vous n&rsquo;obtenez pas r\u00e9ponse <strong>dans les 24<\/strong> <strong>heures<\/strong> apr\u00e8s l&rsquo;envoi du formulaire ci-dessus.<\/em><\/p>\n<p><em><span class=\"with-icon\" style=\"background-image:url(https:\/\/www.starnight.be\/dj-soiree\/wp-content\/themes\/metro\/img\/icons\/0180.png)\"><\/span>Nous n&rsquo;utiliserons pas vos donn\u00e9es \u00e0 d&rsquo;autres titres que celui de vous contacter pour l&rsquo;organisation de votre \u00e9v\u00e9nement. Vos donn\u00e9es ne seront pas revendues ou reprises \u00e0 des fins publicitaires.<br \/>\n<\/em><\/p>\n<hr \/>\n<h4><strong>Sur une carte <\/strong><span class=\"with-icon\" style=\"background-image:url(https:\/\/www.starnight.be\/dj-soiree\/wp-content\/themes\/metro\/img\/icons\/0270.png)\"><\/span><\/h4>\n<p><center><iframe loading=\"lazy\" style=\"border: 0;\" src=\"https:\/\/www.google.com\/maps\/embed?pb=!1m18!1m12!1m3!1d2528.258105924278!2d4.1365414159527924!3d50.67803387882077!2m3!1f0!2f0!3f0!3m2!1i1024!2i768!4f13.1!3m3!1m2!1s0x47c3b5cdede43d6d%3A0x6d3959624e9f0ac2!2sSTARNIGHT+-+SONORISATION+-+Services+DJ+et+installations+%C3%A9v%C3%A9nementielles!5e0!3m2!1sfr!2sbe!4v1486117559460\" width=\"80%\" height=\"450\" frameborder=\"0\" allowfullscreen=\"allowfullscreen\"><\/iframe><\/center><\/p>\n<p style=\"text-align: center;\"><a href=\"https:\/\/maps.google.com\/maps?ll=50.677895,4.134481&amp;z=16&amp;t=m&amp;hl=fr-BE&amp;gl=BE&amp;mapclient=embed&amp;cid=7870420102567365314\">Cliquez ici pour agrandir le plan vers STARNIGHT SONORISATION<\/a><\/p>\n<p>&nbsp;<\/p>\n","protected":false},"excerpt":{"rendered":"<p>Nos coordonn\u00e9es Formulaire de contact Merci de nous contacter par t\u00e9l\u00e9phone au +32.477.96.46.36 si vous <a href=\"https:\/\/www.starnight.be\/dj-soiree\/contact-dj\/\">Read more<\/a><\/p>\n","protected":false},"author":1,"featured_media":0,"parent":0,"menu_order":0,"comment_status":"open","ping_status":"open","template":"","meta":{"om_disable_all_campaigns":false,"_monsterinsights_skip_tracking":false,"_monsterinsights_sitenote_active":false,"_monsterinsights_sitenote_note":"","_monsterinsights_sitenote_category":0,"footnotes":""},"class_list":["post-1626","page","type-page","status-publish","hentry"],"aioseo_notices":[],"_links":{"self":[{"href":"https:\/\/www.starnight.be\/dj-soiree\/wp-json\/wp\/v2\/pages\/1626","targetHints":{"allow":["GET"]}}],"collection":[{"href":"https:\/\/www.starnight.be\/dj-soiree\/wp-json\/wp\/v2\/pages"}],"about":[{"href":"https:\/\/www.starnight.be\/dj-soiree\/wp-json\/wp\/v2\/types\/page"}],"author":[{"embeddable":true,"href":"https:\/\/www.starnight.be\/dj-soiree\/wp-json\/wp\/v2\/users\/1"}],"replies":[{"embeddable":true,"href":"https:\/\/www.starnight.be\/dj-soiree\/wp-json\/wp\/v2\/comments?post=1626"}],"version-history":[{"count":104,"href":"https:\/\/www.starnight.be\/dj-soiree\/wp-json\/wp\/v2\/pages\/1626\/revisions"}],"predecessor-version":[{"id":8186,"href":"https:\/\/www.starnight.be\/dj-soiree\/wp-json\/wp\/v2\/pages\/1626\/revisions\/8186"}],"wp:attachment":[{"href":"https:\/\/www.starnight.be\/dj-soiree\/wp-json\/wp\/v2\/media?parent=1626"}],"curies":[{"name":"wp","href":"https:\/\/api.w.org\/{rel}","templated":true}]}}