{"id":2901,"date":"2016-11-29T14:29:17","date_gmt":"2016-11-29T13:29:17","guid":{"rendered":"http:\/\/www.starnight.be\/dj-soiree\/?page_id=2901"},"modified":"2025-05-13T12:27:48","modified_gmt":"2025-05-13T10:27:48","slug":"materiel-delire-pack","status":"publish","type":"page","link":"https:\/\/www.starnight.be\/dj-soiree\/materiel\/materiel-delire-pack\/","title":{"rendered":"Mat\u00e9riel &#8211; Delirium Pack"},"content":{"rendered":"<h4>Le <strong>Delirium Pack<\/strong> : le Pack parfait pour en mettre plein les yeux \u00e0 vos invit\u00e9s !<\/h4>\n<p><a href=\"https:\/\/www.starnight.be\/dj-soiree\/wp-content\/uploads\/2013\/03\/TRUSS.jpg\"><img loading=\"lazy\" decoding=\"async\" class=\"alignright wp-image-2697\" src=\"https:\/\/www.starnight.be\/dj-soiree\/wp-content\/uploads\/2013\/03\/TRUSS.jpg\" alt=\"Exemple de montage\" width=\"173\" height=\"150\" srcset=\"https:\/\/www.starnight.be\/dj-soiree\/wp-content\/uploads\/2013\/03\/TRUSS.jpg 335w, https:\/\/www.starnight.be\/dj-soiree\/wp-content\/uploads\/2013\/03\/TRUSS-300x260.jpg 300w\" sizes=\"auto, (max-width: 173px) 100vw, 173px\" \/><\/a>Vous aimez les belles installations sur la piste ? Avec de superbes effets gr\u00e2ces aux \u00ab\u00a0Lyres\u00a0\u00bb install\u00e9es sur la structure ?<\/p>\n<p>Ce pack est parfait pour impressionner vos invit\u00e9s et cr\u00e9er une ambiance g\u00e9niale sur la piste !<\/p>\n<p><strong><span style=\"text-decoration: underline;\">Ce pack comprend<\/span><\/strong> :<\/p>\n<p>\u2022 2 haut-parleurs puissants 700W\/RMS + ampli<br \/>\n\u2022 2 caissons de basses 1000W\/RMS + ampli<br \/>\n\u2022 1 structure carr\u00e9e de 5x5x3 m\u00e8tres (Lxlxh) pour les jeux de lumi\u00e8re<br \/>\n\u2022 4 spots couleur LED de 40W<br \/>\n\u2022 8 Lyres (projecteurs motoris\u00e9s) LED de 180W<br \/>\n\u2022 1 machine \u00e0 fum\u00e9e puissante<br \/>\n\u2022 2 micros sans fil<br \/>\n\u2022 1 kit mix pour le DJ (<em>uniquement si prestation DJ de STARNIGHT<\/em>)<\/p>\n<hr \/>\n<h4><strong><span style=\"text-decoration: underline;\">Exemples d&rsquo;installations du Delirium Pack<\/span><\/strong><\/h4>\n<style type=\"text\/css\" scoped>.rbs_gallery_69dff768abf12Spinner{\r\n\t\t\t\tmargin: 50px auto;\r\n\t\t\t\twidth: 50px;\r\n\t\t\t\theight: 40px;\r\n\t\t\t\ttext-align: center;\r\n\t\t\t\tfont-size: 10px;\r\n\t\t\t}\r\n\t\t\t.rbs_gallery_69dff768abf12Spinner > div{\r\n\t\t\t  background-color: #333;\r\n\t\t\t  height: 100%;\r\n\t\t\t  width: 6px;\r\n\t\t\t  display: inline-block;\r\n\t\t\t  -webkit-animation: rbs_gallery_69dff768abf12-stretchdelay 1.2s infinite ease-in-out;\r\n\t\t\t  animation: rbs_gallery_69dff768abf12-stretchdelay 1.2s infinite ease-in-out;\r\n\t\t\t}\r\n\t\t\t.rbs_gallery_69dff768abf12Spinner .rbs_gallery_69dff768abf12Rect2 {\r\n\t\t\t  -webkit-animation-delay: -1.1s;\r\n\t\t\t  animation-delay: -1.1s;\r\n\t\t\t}\r\n\t\t\t.rbs_gallery_69dff768abf12Spinner .rbs_gallery_69dff768abf12Rect3 {\r\n\t\t\t  -webkit-animation-delay: -1.0s;\r\n\t\t\t  animation-delay: -1.0s;\r\n\t\t\t}\r\n\t\t\t.rbs_gallery_69dff768abf12Spinner .rbs_gallery_69dff768abf12Rect4 {\r\n\t\t\t  -webkit-animation-delay: -0.9s;\r\n\t\t\t  animation-delay: -0.9s;\r\n\t\t\t}\r\n\t\t\t.rbs_gallery_69dff768abf12Spinner .rbs_gallery_69dff768abf12Rect5 {\r\n\t\t\t  -webkit-animation-delay: -0.8s;\r\n\t\t\t  animation-delay: -0.8s;\r\n\t\t\t}\r\n\t\t\t@-webkit-keyframes rbs_gallery_69dff768abf12-stretchdelay {\r\n\t\t\t  0%, 40%, 100% { -webkit-transform: scaleY(0.4) }  \r\n\t\t\t  20% { -webkit-transform: scaleY(1.0) }\r\n\t\t\t}\r\n\t\t\t@keyframes rbs_gallery_69dff768abf12-stretchdelay {\r\n\t\t\t  0%, 40%, 100% { \r\n\t\t\t    transform: scaleY(0.4);\r\n\t\t\t    -webkit-transform: scaleY(0.4);\r\n\t\t\t  }  20% { \r\n\t\t\t    transform: scaleY(1.0);\r\n\t\t\t    -webkit-transform: scaleY(1.0);\r\n\t\t\t  }\r\n\t\t\t}\r\n\t\t<\/style><div class=\"robo-gallery-wrap robo-gallery-wrap-id2904 robo-gallery-\" ><div id=\"rbs_gallery_69dff768abf12-block-loader\" class=\"rbs_gallery_69dff768abf12Spinner\"><div class=\"rbs_gallery_69dff768abf12Rect1\"><\/div> <div class=\"rbs_gallery_69dff768abf12Rect2\"><\/div> <div class=\"rbs_gallery_69dff768abf12Rect3\"><\/div> <div class=\"rbs_gallery_69dff768abf12Rect4\"><\/div> <div class=\"rbs_gallery_69dff768abf12Rect5\"><\/div><\/div><div class=\"rbs_gallery_button  rbs_gallery_align_left\" id=\"rbs_gallery_69dff768abf12filter\" style=\" display: none;\" ><\/div><div id=\"robo_gallery_main_block_rbs_gallery_69dff768abf12\" class=\"robogallery-gallery-2904\" style=\"width:100%;margin:0 auto;  display: none;\"><div id=\"rbs_gallery_69dff768abf12\" data-options=\"rbs_gallery_69dff768abf12\" style=\"width:100%;\" class=\"robo_gallery  \"><div class=\"rbs-img  category2904 \" ><div class=\"rbs-img-image   rbs-lightbox \"  data-descbox=\"GlamourPack Plus avec 1 laser du LaserPack\" ><div class=\"rbs-img-thumbs\"  data-thumbnail=\"https:\/\/www.starnight.be\/dj-soiree\/wp-content\/uploads\/2017\/02\/D\u00e9lirePack-Avec-1-laser-du-LaserPack-300x191.jpg\"  title=\"GlamourPack Plus avec 1 laser du LaserPack\"  data-width=\"300\"  data-height=\"191\" ><\/div><div class=\"rbs-img-data-popup\"  data-popup=\"https:\/\/www.starnight.be\/dj-soiree\/wp-content\/uploads\/2017\/02\/D\u00e9lirePack-Avec-1-laser-du-LaserPack.jpg\"  title=\"GlamourPack Plus avec 1 laser du LaserPack\" ><\/div><div class=\"thumbnail-overlay\"><div class=\"rbsTitle \">GlamourPack Plus avec 1 laser du LaserPack<\/div><div class=\"rbsIcons\"><i class=\"fa fa-search-plus rbsZoomIcon \" ><\/i><\/div><\/div><\/div><\/div><div class=\"rbs-img  category2904 \" ><div class=\"rbs-img-image   rbs-lightbox \"  data-descbox=\"STARNIGHT_Les salons du Forum_0003\" ><div class=\"rbs-img-thumbs\"  data-thumbnail=\"https:\/\/www.starnight.be\/dj-soiree\/wp-content\/uploads\/2023\/07\/STARNIGHT_Les-salons-du-Forum_0003-300x181.jpg\"  title=\"STARNIGHT_Les salons du Forum_0003\"  data-width=\"300\"  data-height=\"181\" ><\/div><div class=\"rbs-img-data-popup\"  data-popup=\"https:\/\/www.starnight.be\/dj-soiree\/wp-content\/uploads\/2023\/07\/STARNIGHT_Les-salons-du-Forum_0003.jpg\"  title=\"STARNIGHT_Les salons du Forum_0003\" ><\/div><div class=\"thumbnail-overlay\"><div class=\"rbsTitle \">STARNIGHT_Les salons du Forum_0003<\/div><div class=\"rbsIcons\"><i class=\"fa fa-search-plus rbsZoomIcon \" ><\/i><\/div><\/div><\/div><\/div><div class=\"rbs-img  category2904 \" ><div class=\"rbs-img-image   rbs-lightbox \"  data-descbox=\"GlamourPack Plus + D\u00e9coPack\" ><div class=\"rbs-img-thumbs\"  data-thumbnail=\"https:\/\/www.starnight.be\/dj-soiree\/wp-content\/uploads\/2017\/02\/D\u00e9lirePack-r\u00e9duit-1-300x201.jpg\"  title=\"GlamourPack Plus + D\u00e9coPack\"  data-width=\"300\"  data-height=\"201\" ><\/div><div class=\"rbs-img-data-popup\"  data-popup=\"https:\/\/www.starnight.be\/dj-soiree\/wp-content\/uploads\/2017\/02\/D\u00e9lirePack-r\u00e9duit-1.jpg\"  title=\"GlamourPack Plus + D\u00e9coPack\" ><\/div><div class=\"thumbnail-overlay\"><div class=\"rbsTitle \">GlamourPack Plus + D\u00e9coPack<\/div><div class=\"rbsIcons\"><i class=\"fa fa-search-plus rbsZoomIcon \" ><\/i><\/div><\/div><\/div><\/div><div class=\"rbs-img  category2904 \" ><div class=\"rbs-img-image   rbs-lightbox \"  data-descbox=\"STARNIGHT_Les salons du Forum_0002\" ><div class=\"rbs-img-thumbs\"  data-thumbnail=\"https:\/\/www.starnight.be\/dj-soiree\/wp-content\/uploads\/2023\/07\/STARNIGHT_Les-salons-du-Forum_0002-300x175.jpg\"  title=\"STARNIGHT_Les salons du Forum_0002\"  data-width=\"300\"  data-height=\"175\" ><\/div><div class=\"rbs-img-data-popup\"  data-popup=\"https:\/\/www.starnight.be\/dj-soiree\/wp-content\/uploads\/2023\/07\/STARNIGHT_Les-salons-du-Forum_0002.jpg\"  title=\"STARNIGHT_Les salons du Forum_0002\" ><\/div><div class=\"thumbnail-overlay\"><div class=\"rbsTitle \">STARNIGHT_Les salons du Forum_0002<\/div><div class=\"rbsIcons\"><i class=\"fa fa-search-plus rbsZoomIcon \" ><\/i><\/div><\/div><\/div><\/div><div class=\"rbs-img  category2904 \" ><div class=\"rbs-img-image   rbs-lightbox \"  data-descbox=\"Lancement du bouquet sous le DeliriumPack\" ><div class=\"rbs-img-thumbs\"  data-thumbnail=\"https:\/\/www.starnight.be\/dj-soiree\/wp-content\/uploads\/2021\/09\/STARNIGHT_sept-21_lancement-du-bouquet-300x220.jpg\"  title=\"Lancement du bouquet sous le DeliriumPack\"  data-width=\"300\"  data-height=\"220\" ><\/div><div class=\"rbs-img-data-popup\"  data-popup=\"https:\/\/www.starnight.be\/dj-soiree\/wp-content\/uploads\/2021\/09\/STARNIGHT_sept-21_lancement-du-bouquet.jpg\"  title=\"Lancement du bouquet sous le DeliriumPack\" ><\/div><div class=\"thumbnail-overlay\"><div class=\"rbsTitle \">Lancement du bouquet sous le DeliriumPack<\/div><div class=\"rbsIcons\"><i class=\"fa fa-search-plus rbsZoomIcon \" ><\/i><\/div><\/div><\/div><\/div><div class=\"rbs-img  category2904 \" ><div class=\"rbs-img-image   rbs-lightbox \"  data-descbox=\"DeliriumPack - suberbes effets gr\u00e2ce au mat\u00e9riel professionnel que nous poss\u00e9dons\" ><div class=\"rbs-img-thumbs\"  data-thumbnail=\"https:\/\/www.starnight.be\/dj-soiree\/wp-content\/uploads\/2021\/09\/STARNIGHT_sept-21_mariage_Ambiance_fin_de_soiree_mariage-300x200.jpg\"  title=\"DeliriumPack - suberbes effets gr\u00e2ce au mat\u00e9riel professionnel que nous poss\u00e9dons\"  data-width=\"300\"  data-height=\"200\" ><\/div><div class=\"rbs-img-data-popup\"  data-popup=\"https:\/\/www.starnight.be\/dj-soiree\/wp-content\/uploads\/2021\/09\/STARNIGHT_sept-21_mariage_Ambiance_fin_de_soiree_mariage.jpg\"  title=\"DeliriumPack - suberbes effets gr\u00e2ce au mat\u00e9riel professionnel que nous poss\u00e9dons\" ><\/div><div class=\"thumbnail-overlay\"><div class=\"rbsTitle \">DeliriumPack - suberbes effets gr\u00e2ce au mat\u00e9riel professionnel que nous poss\u00e9dons<\/div><div class=\"rbsIcons\"><i class=\"fa fa-search-plus rbsZoomIcon \" ><\/i><\/div><\/div><\/div><\/div><div class=\"rbs-img  category2904 \" ><div class=\"rbs-img-image   rbs-lightbox \"  data-descbox=\"DelirePack adapt\u00e9 \u00e0 l&#039;ouverture d&#039;un magasin ICI PARIS XL dans le Shopping CORA de Rocourt\" ><div class=\"rbs-img-thumbs\"  data-thumbnail=\"https:\/\/www.starnight.be\/dj-soiree\/wp-content\/uploads\/2016\/12\/DelirePack__ICI-PARIS-XL_Shopping_CORA_Rocourt-300x225.jpg\"  title=\"DelirePack adapt\u00e9 \u00e0 l&#039;ouverture d&#039;un magasin ICI PARIS XL dans le Shopping CORA de Rocourt\"  data-width=\"300\"  data-height=\"225\" ><\/div><div class=\"rbs-img-data-popup\"  data-popup=\"https:\/\/www.starnight.be\/dj-soiree\/wp-content\/uploads\/2016\/12\/DelirePack__ICI-PARIS-XL_Shopping_CORA_Rocourt.jpg\"  title=\"DelirePack adapt\u00e9 \u00e0 l&#039;ouverture d&#039;un magasin ICI PARIS XL dans le Shopping CORA de Rocourt\" ><\/div><div class=\"thumbnail-overlay\"><div class=\"rbsTitle \">DelirePack adapt\u00e9 \u00e0 l&#039;ouverture d&#039;un magasin ICI PARIS XL dans le Shopping CORA de Rocourt<\/div><div class=\"rbsIcons\"><i class=\"fa fa-search-plus rbsZoomIcon \" ><\/i><\/div><\/div><\/div><\/div><div class=\"rbs-img  category2904 \" ><div class=\"rbs-img-image   rbs-lightbox \"  data-descbox=\"Magasin ICI PARIS XL du Dosks Bruxsel : installation \u00e0 l&#039;occasion de l&#039;ouverture du Shopping (vue depuis l&#039;avant du magasin)\" ><div class=\"rbs-img-thumbs\"  data-thumbnail=\"https:\/\/www.starnight.be\/dj-soiree\/wp-content\/uploads\/2016\/11\/CustomPack_ICI-PARIS-XL_Docks-Bruxsel-3-300x225.jpg\"  title=\"Magasin ICI PARIS XL du Dosks Bruxsel : installation \u00e0 l&#039;occasion de l&#039;ouverture du Shopping (vue depuis l&#039;avant du magasin)\"  data-width=\"300\"  data-height=\"225\" ><\/div><div class=\"rbs-img-data-popup\"  data-popup=\"https:\/\/www.starnight.be\/dj-soiree\/wp-content\/uploads\/2016\/11\/CustomPack_ICI-PARIS-XL_Docks-Bruxsel-3.jpg\"  title=\"Magasin ICI PARIS XL du Dosks Bruxsel : installation \u00e0 l&#039;occasion de l&#039;ouverture du Shopping (vue depuis l&#039;avant du magasin)\" ><\/div><div class=\"thumbnail-overlay\"><div class=\"rbsTitle \">Magasin ICI PARIS XL du Dosks Bruxsel : installation \u00e0 l&#039;occasion de l&#039;ouverture du Shopping (vue depuis l&#039;avant du magasin)<\/div><div class=\"rbsIcons\"><i class=\"fa fa-search-plus rbsZoomIcon \" ><\/i><\/div><\/div><\/div><\/div><div class=\"rbs-img  category2904 \" ><div class=\"rbs-img-image   rbs-lightbox \"  data-descbox=\"D\u00e9lirePack avec 2 lasers du LaserPack et D\u00e9coPack\" ><div class=\"rbs-img-thumbs\"  data-thumbnail=\"https:\/\/www.starnight.be\/dj-soiree\/wp-content\/uploads\/2016\/12\/DecoPack-300x225.jpg\"  title=\"D\u00e9lirePack avec 2 lasers du LaserPack et D\u00e9coPack\"  data-width=\"300\"  data-height=\"225\" ><\/div><div class=\"rbs-img-data-popup\"  data-popup=\"https:\/\/www.starnight.be\/dj-soiree\/wp-content\/uploads\/2016\/12\/DecoPack.jpg\"  title=\"D\u00e9lirePack avec 2 lasers du LaserPack et D\u00e9coPack\" ><\/div><div class=\"thumbnail-overlay\"><div class=\"rbsTitle \">D\u00e9lirePack avec 2 lasers du LaserPack et D\u00e9coPack<\/div><div class=\"rbsIcons\"><i class=\"fa fa-search-plus rbsZoomIcon \" ><\/i><\/div><\/div><\/div><\/div><div class=\"rbs-img  category2904 \" ><div class=\"rbs-img-image   rbs-lightbox \"  data-descbox=\"DeliriumPack - petit test avant que les invit\u00e9s arrivent\" ><div class=\"rbs-img-thumbs\"  data-thumbnail=\"https:\/\/www.starnight.be\/dj-soiree\/wp-content\/uploads\/2021\/09\/DeliriumPack_vert-300x177.png\"  title=\"DeliriumPack - petit test avant que les invit\u00e9s arrivent\"  data-width=\"300\"  data-height=\"177\" ><\/div><div class=\"rbs-img-data-popup\"  data-popup=\"https:\/\/www.starnight.be\/dj-soiree\/wp-content\/uploads\/2021\/09\/DeliriumPack_vert.png\"  title=\"DeliriumPack - petit test avant que les invit\u00e9s arrivent\" ><\/div><div class=\"thumbnail-overlay\"><div class=\"rbsTitle \">DeliriumPack - petit test avant que les invit\u00e9s arrivent<\/div><div class=\"rbsIcons\"><i class=\"fa fa-search-plus rbsZoomIcon \" ><\/i><\/div><\/div><\/div><\/div><div class=\"rbs-img  category2904 \" ><div class=\"rbs-img-image   rbs-lightbox \"  data-descbox=\"Magasin ICI PARIS XL de Gembloux - Installation provisoire \u00e0 l&#039;occasion de l&#039;ouverture de leur nouveau magasin.\" ><div class=\"rbs-img-thumbs\"  data-thumbnail=\"https:\/\/www.starnight.be\/dj-soiree\/wp-content\/uploads\/2016\/12\/ICI_PARIS_XL_GEMBOUX-300x245.jpg\"  title=\"Magasin ICI PARIS XL de Gembloux - Installation provisoire \u00e0 l&#039;occasion de l&#039;ouverture de leur nouveau magasin.\"  data-width=\"300\"  data-height=\"245\" ><\/div><div class=\"rbs-img-data-popup\"  data-popup=\"https:\/\/www.starnight.be\/dj-soiree\/wp-content\/uploads\/2016\/12\/ICI_PARIS_XL_GEMBOUX.jpg\"  title=\"Magasin ICI PARIS XL de Gembloux - Installation provisoire \u00e0 l&#039;occasion de l&#039;ouverture de leur nouveau magasin.\" ><\/div><div class=\"thumbnail-overlay\"><div class=\"rbsTitle \">Magasin ICI PARIS XL de Gembloux - Installation provisoire \u00e0 l&#039;occasion de l&#039;ouverture de leur nouveau magasin.<\/div><div class=\"rbsIcons\"><i class=\"fa fa-search-plus rbsZoomIcon \" ><\/i><\/div><\/div><\/div><\/div><div class=\"rbs-img  category2904 \" ><div class=\"rbs-img-image   rbs-lightbox \"  data-descbox=\"STARNIGHT_Les salons du Forum_0005\" ><div class=\"rbs-img-thumbs\"  data-thumbnail=\"https:\/\/www.starnight.be\/dj-soiree\/wp-content\/uploads\/2023\/07\/STARNIGHT_Les-salons-du-Forum_0005-300x194.jpg\"  title=\"STARNIGHT_Les salons du Forum_0005\"  data-width=\"300\"  data-height=\"194\" ><\/div><div class=\"rbs-img-data-popup\"  data-popup=\"https:\/\/www.starnight.be\/dj-soiree\/wp-content\/uploads\/2023\/07\/STARNIGHT_Les-salons-du-Forum_0005.jpg\"  title=\"STARNIGHT_Les salons du Forum_0005\" ><\/div><div class=\"thumbnail-overlay\"><div class=\"rbsTitle \">STARNIGHT_Les salons du Forum_0005<\/div><div class=\"rbsIcons\"><i class=\"fa fa-search-plus rbsZoomIcon \" ><\/i><\/div><\/div><\/div><\/div><div class=\"rbs-img  category2904 \" ><div class=\"rbs-img-image   rbs-lightbox \"  data-descbox=\"DeliriumPack - 8 lyres LED de 180W, 4 PAR de 48W pour illuminer les 4 pieds de la structure, et la structure de 5x5m et 3m de haut\" ><div class=\"rbs-img-thumbs\"  data-thumbnail=\"https:\/\/www.starnight.be\/dj-soiree\/wp-content\/uploads\/2021\/09\/DeliriumPack_setup-300x170.png\"  title=\"DeliriumPack - 8 lyres LED de 180W, 4 PAR de 48W pour illuminer les 4 pieds de la structure, et la structure de 5x5m et 3m de haut\"  data-width=\"300\"  data-height=\"170\" ><\/div><div class=\"rbs-img-data-popup\"  data-popup=\"https:\/\/www.starnight.be\/dj-soiree\/wp-content\/uploads\/2021\/09\/DeliriumPack_setup.png\"  title=\"DeliriumPack - 8 lyres LED de 180W, 4 PAR de 48W pour illuminer les 4 pieds de la structure, et la structure de 5x5m et 3m de haut\" ><\/div><div class=\"thumbnail-overlay\"><div class=\"rbsTitle \">DeliriumPack - 8 lyres LED de 180W, 4 PAR de 48W pour illuminer les 4 pieds de la structure, et la structure de 5x5m et 3m de haut<\/div><div class=\"rbsIcons\"><i class=\"fa fa-search-plus rbsZoomIcon \" ><\/i><\/div><\/div><\/div><\/div><div class=\"rbs-img  category2904 \" ><div class=\"rbs-img-image   rbs-lightbox \"  data-descbox=\"D\u00e9lirePack - customis\u00e9 pour un petit mariage - plus petit et adapt\u00e9 \u00e0 la salle et l&#039;\u00e9v\u00e9nement (avec 4 Lyres, 4 spots PAR, 1 spot UV, 1 Stroboscope et 1 laser du LaserPack)\" ><div class=\"rbs-img-thumbs\"  data-thumbnail=\"https:\/\/www.starnight.be\/dj-soiree\/wp-content\/uploads\/2017\/02\/D\u00e9lirePack-customis\u00e9-pour-un-petit-mariage-plus-petit-et-adapt\u00e9-\u00e0-la-salle-et-l\u00e9v\u00e9nement-avec-4-Lyres-4-spots-PAR-1-spot-UV-1-Stroboscope-et-1-laser-du-LaserPack-300x201.jpg\"  title=\"D\u00e9lirePack - customis\u00e9 pour un petit mariage - plus petit et adapt\u00e9 \u00e0 la salle et l&#039;\u00e9v\u00e9nement (avec 4 Lyres, 4 spots PAR, 1 spot UV, 1 Stroboscope et 1 laser du LaserPack)\"  data-width=\"300\"  data-height=\"201\" ><\/div><div class=\"rbs-img-data-popup\"  data-popup=\"https:\/\/www.starnight.be\/dj-soiree\/wp-content\/uploads\/2017\/02\/D\u00e9lirePack-customis\u00e9-pour-un-petit-mariage-plus-petit-et-adapt\u00e9-\u00e0-la-salle-et-l\u00e9v\u00e9nement-avec-4-Lyres-4-spots-PAR-1-spot-UV-1-Stroboscope-et-1-laser-du-LaserPack.jpg\"  title=\"D\u00e9lirePack - customis\u00e9 pour un petit mariage - plus petit et adapt\u00e9 \u00e0 la salle et l&#039;\u00e9v\u00e9nement (avec 4 Lyres, 4 spots PAR, 1 spot UV, 1 Stroboscope et 1 laser du LaserPack)\" ><\/div><div class=\"thumbnail-overlay\"><div class=\"rbsTitle \">D\u00e9lirePack - customis\u00e9 pour un petit mariage - plus petit et adapt\u00e9 \u00e0 la salle et l&#039;\u00e9v\u00e9nement (avec 4 Lyres, 4 spots PAR, 1 spot UV, 1 Stroboscope et 1 laser du LaserPack)<\/div><div class=\"rbsIcons\"><i class=\"fa fa-search-plus rbsZoomIcon \" ><\/i><\/div><\/div><\/div><\/div><div class=\"rbs-img  category2904 \" ><div class=\"rbs-img-image   rbs-lightbox \"  data-descbox=\"D\u00e9lirePack avec 2 lasers du LaserPack\" ><div class=\"rbs-img-thumbs\"  data-thumbnail=\"https:\/\/www.starnight.be\/dj-soiree\/wp-content\/uploads\/2017\/01\/D\u00e9lirePack_et_LaserPack-300x200.jpg\"  title=\"D\u00e9lirePack avec 2 lasers du LaserPack\"  data-width=\"300\"  data-height=\"200\" ><\/div><div class=\"rbs-img-data-popup\"  data-popup=\"https:\/\/www.starnight.be\/dj-soiree\/wp-content\/uploads\/2017\/01\/D\u00e9lirePack_et_LaserPack.jpg\"  title=\"D\u00e9lirePack avec 2 lasers du LaserPack\" ><\/div><div class=\"thumbnail-overlay\"><div class=\"rbsTitle \">D\u00e9lirePack avec 2 lasers du LaserPack<\/div><div class=\"rbsIcons\"><i class=\"fa fa-search-plus rbsZoomIcon \" ><\/i><\/div><\/div><\/div><\/div><div class=\"rbs-img  category2904 \" ><div class=\"rbs-img-image   rbs-lightbox \"  data-descbox=\"Outverture de bal d&#039;un mariage sous le Delirium pack\" ><div class=\"rbs-img-thumbs\"  data-thumbnail=\"https:\/\/www.starnight.be\/dj-soiree\/wp-content\/uploads\/2021\/09\/STARNIGHT_sept-21_ouverture_de_bal-300x200.jpg\"  title=\"Outverture de bal d&#039;un mariage sous le Delirium pack\"  data-width=\"300\"  data-height=\"200\" ><\/div><div class=\"rbs-img-data-popup\"  data-popup=\"https:\/\/www.starnight.be\/dj-soiree\/wp-content\/uploads\/2021\/09\/STARNIGHT_sept-21_ouverture_de_bal.jpg\"  title=\"Outverture de bal d&#039;un mariage sous le Delirium pack\" ><\/div><div class=\"thumbnail-overlay\"><div class=\"rbsTitle \">Outverture de bal d&#039;un mariage sous le Delirium pack<\/div><div class=\"rbsIcons\"><i class=\"fa fa-search-plus rbsZoomIcon \" ><\/i><\/div><\/div><\/div><\/div><div class=\"rbs-img  category2904 \" ><div class=\"rbs-img-image   rbs-lightbox \"  data-descbox=\"STARNIGHT_Les salons du Forum_0007\" ><div class=\"rbs-img-thumbs\"  data-thumbnail=\"https:\/\/www.starnight.be\/dj-soiree\/wp-content\/uploads\/2023\/07\/STARNIGHT_Les-salons-du-Forum_0007-300x190.jpg\"  title=\"STARNIGHT_Les salons du Forum_0007\"  data-width=\"300\"  data-height=\"190\" ><\/div><div class=\"rbs-img-data-popup\"  data-popup=\"https:\/\/www.starnight.be\/dj-soiree\/wp-content\/uploads\/2023\/07\/STARNIGHT_Les-salons-du-Forum_0007.jpg\"  title=\"STARNIGHT_Les salons du Forum_0007\" ><\/div><div class=\"thumbnail-overlay\"><div class=\"rbsTitle \">STARNIGHT_Les salons du Forum_0007<\/div><div class=\"rbsIcons\"><i class=\"fa fa-search-plus rbsZoomIcon \" ><\/i><\/div><\/div><\/div><\/div><div class=\"rbs-img  category2904 \" ><div class=\"rbs-img-image   rbs-lightbox \"  data-descbox=\"D\u00e9coPack en rose avec D\u00e9lirePack avec 2 lasers du LaserPack\" ><div class=\"rbs-img-thumbs\"  data-thumbnail=\"https:\/\/www.starnight.be\/dj-soiree\/wp-content\/uploads\/2017\/01\/DecoPack-avec-DelirePack-300x225.jpg\"  title=\"D\u00e9coPack en rose avec D\u00e9lirePack avec 2 lasers du LaserPack\"  data-width=\"300\"  data-height=\"225\" ><\/div><div class=\"rbs-img-data-popup\"  data-popup=\"https:\/\/www.starnight.be\/dj-soiree\/wp-content\/uploads\/2017\/01\/DecoPack-avec-DelirePack.jpg\"  title=\"D\u00e9coPack en rose avec D\u00e9lirePack avec 2 lasers du LaserPack\" ><\/div><div class=\"thumbnail-overlay\"><div class=\"rbsTitle \">D\u00e9coPack en rose avec D\u00e9lirePack avec 2 lasers du LaserPack<\/div><div class=\"rbsIcons\"><i class=\"fa fa-search-plus rbsZoomIcon \" ><\/i><\/div><\/div><\/div><\/div><\/div><\/div><\/div><script>var rbs_gallery_69dff768abf12 = {\"version\":\"5.1.2\",\"id\":2904,\"class\":\"id2904\",\"roboGalleryDelay\":1000,\"mainContainer\":\"#robo_gallery_main_block_rbs_gallery_69dff768abf12\",\"loadingContainer\":\"#rbs_gallery_69dff768abf12-block-loader\",\"loadingContainerObj\":\"rbs_gallery_69dff768abf12-block-loader\",\"columnWidth\":\"auto\",\"columns\":3,\"resolutions\":[{\"columnWidth\":\"auto\",\"columns\":3,\"maxWidth\":960},{\"columnWidth\":\"auto\",\"columns\":2,\"maxWidth\":650},{\"columnWidth\":\"auto\",\"columns\":1,\"maxWidth\":450}],\"descBox\":true,\"descBoxClass\":\"rbs_desc_panel_light\",\"hideTitle\":true,\"lightboxOptions\":{\"gallery\":{\"enabled\":true,\"tCounter\":\"%curr% \\\/ %total%\"}},\"facebook\":true,\"twitter\":true,\"pinterest\":true,\"overlayEffect\":\"direction-aware-fade\",\"boxesToLoadStart\":50,\"boxesToLoad\":50,\"waitUntilThumbLoads\":1,\"waitForAllThumbsNoMatterWhat\":1,\"LoadingWord\":\"Chargement des images en cours ...\",\"loadMoreWord\":\"Encore plus d'images ici ...\",\"noMoreEntriesWord\":\"No More Entries\",\"horizontalSpaceBetweenBoxes\":15,\"verticalSpaceBetweenBoxes\":15,\"lazyLoad\":1,\"wrapContainer\":\"#robo-gallery-wrap-rbs_gallery_69dff768abf12\",\"filterContainer\":\"#rbs_gallery_69dff768abf12filter\",\"loadMoreClass\":\"button-border-caution \"};<\/script>\n<hr \/>\n<p style=\"text-align: center;\"><iframe loading=\"lazy\" title=\"YouTube video player\" src=\"https:\/\/www.youtube.com\/embed\/-xf2ogKXV3E\" width=\"100%\" height=\"315\" frameborder=\"0\" allowfullscreen=\"allowfullscreen\"><\/iframe><\/p>\n<p style=\"text-align: center;\"><iframe loading=\"lazy\" title=\"YouTube video player\" src=\"https:\/\/www.youtube.com\/embed\/sj_rZUOOTxA\" width=\"100%\" height=\"315\" frameborder=\"0\" allowfullscreen=\"allowfullscreen\"><\/iframe><\/p>\n<p><iframe loading=\"lazy\" title=\"YouTube video player\" src=\"https:\/\/www.youtube.com\/embed\/usgG69paGlk?si=DCeBL0cjl07W61Ty\" width=\"100%\" height=\"315\" frameborder=\"0\" allowfullscreen=\"allowfullscreen\"><\/iframe><\/p>\n<p style=\"text-align: center;\"><iframe loading=\"lazy\" src=\"https:\/\/www.youtube.com\/embed\/tMOkfPysDuE\" width=\"100%\" height=\"315\" frameborder=\"0\" allowfullscreen=\"allowfullscreen\"><\/iframe><\/p>\n<hr \/>\n<h4>En voir plus sur nos derniers \u00e9v\u00e9nements utilisant ce pack !<\/h4>\n<p>Cliquez ici =&gt; <a href=\"https:\/\/www.starnight.be\/dj-soiree\/category\/deliriumpack\">https:\/\/www.starnight.be\/dj-soiree\/category\/deliriumpack<\/a><\/p>\n","protected":false},"excerpt":{"rendered":"<p>Le Delirium Pack : le Pack parfait pour en mettre plein les yeux \u00e0 vos <a href=\"https:\/\/www.starnight.be\/dj-soiree\/materiel\/materiel-delire-pack\/\">Read more<\/a><\/p>\n","protected":false},"author":1,"featured_media":7304,"parent":1622,"menu_order":0,"comment_status":"closed","ping_status":"closed","template":"","meta":{"om_disable_all_campaigns":false,"_monsterinsights_skip_tracking":false,"_monsterinsights_sitenote_active":false,"_monsterinsights_sitenote_note":"","_monsterinsights_sitenote_category":0,"footnotes":""},"class_list":["post-2901","page","type-page","status-publish","has-post-thumbnail","hentry"],"aioseo_notices":[],"_links":{"self":[{"href":"https:\/\/www.starnight.be\/dj-soiree\/wp-json\/wp\/v2\/pages\/2901","targetHints":{"allow":["GET"]}}],"collection":[{"href":"https:\/\/www.starnight.be\/dj-soiree\/wp-json\/wp\/v2\/pages"}],"about":[{"href":"https:\/\/www.starnight.be\/dj-soiree\/wp-json\/wp\/v2\/types\/page"}],"author":[{"embeddable":true,"href":"https:\/\/www.starnight.be\/dj-soiree\/wp-json\/wp\/v2\/users\/1"}],"replies":[{"embeddable":true,"href":"https:\/\/www.starnight.be\/dj-soiree\/wp-json\/wp\/v2\/comments?post=2901"}],"version-history":[{"count":47,"href":"https:\/\/www.starnight.be\/dj-soiree\/wp-json\/wp\/v2\/pages\/2901\/revisions"}],"predecessor-version":[{"id":8208,"href":"https:\/\/www.starnight.be\/dj-soiree\/wp-json\/wp\/v2\/pages\/2901\/revisions\/8208"}],"up":[{"embeddable":true,"href":"https:\/\/www.starnight.be\/dj-soiree\/wp-json\/wp\/v2\/pages\/1622"}],"wp:featuredmedia":[{"embeddable":true,"href":"https:\/\/www.starnight.be\/dj-soiree\/wp-json\/wp\/v2\/media\/7304"}],"wp:attachment":[{"href":"https:\/\/www.starnight.be\/dj-soiree\/wp-json\/wp\/v2\/media?parent=2901"}],"curies":[{"name":"wp","href":"https:\/\/api.w.org\/{rel}","templated":true}]}}