{"id":2934,"date":"2016-12-11T04:55:26","date_gmt":"2016-12-11T03:55:26","guid":{"rendered":"http:\/\/www.starnight.be\/dj-soiree\/?page_id=2934"},"modified":"2025-05-13T12:29:51","modified_gmt":"2025-05-13T10:29:51","slug":"materiel-laser-pack","status":"publish","type":"page","link":"https:\/\/www.starnight.be\/dj-soiree\/materiel\/materiel-laser-pack\/","title":{"rendered":"Mat\u00e9riel &#8211; Laser Pack"},"content":{"rendered":"<h4>Le <strong>Laser Pack<\/strong> : pour un show grandiose !<\/h4>\n<p><a href=\"https:\/\/www.starnight.be\/dj-soiree\/wp-content\/uploads\/2016\/12\/Laser-Scan-500mW.jpg\"><img loading=\"lazy\" decoding=\"async\" class=\"wp-image-2987 size-thumbnail alignright\" src=\"https:\/\/www.starnight.be\/dj-soiree\/wp-content\/uploads\/2016\/12\/Laser-Scan-500mW-150x150.jpg\" width=\"150\" height=\"150\" srcset=\"https:\/\/www.starnight.be\/dj-soiree\/wp-content\/uploads\/2016\/12\/Laser-Scan-500mW-150x150.jpg 150w, https:\/\/www.starnight.be\/dj-soiree\/wp-content\/uploads\/2016\/12\/Laser-Scan-500mW-300x300.jpg 300w, https:\/\/www.starnight.be\/dj-soiree\/wp-content\/uploads\/2016\/12\/Laser-Scan-500mW-768x768.jpg 768w, https:\/\/www.starnight.be\/dj-soiree\/wp-content\/uploads\/2016\/12\/Laser-Scan-500mW-144x144.jpg 144w, https:\/\/www.starnight.be\/dj-soiree\/wp-content\/uploads\/2016\/12\/Laser-Scan-500mW-480x480.jpg 480w, https:\/\/www.starnight.be\/dj-soiree\/wp-content\/uploads\/2016\/12\/Laser-Scan-500mW-900x900.jpg 900w, https:\/\/www.starnight.be\/dj-soiree\/wp-content\/uploads\/2016\/12\/Laser-Scan-500mW-924x924.jpg 924w, https:\/\/www.starnight.be\/dj-soiree\/wp-content\/uploads\/2016\/12\/Laser-Scan-500mW-200x200.jpg 200w, https:\/\/www.starnight.be\/dj-soiree\/wp-content\/uploads\/2016\/12\/Laser-Scan-500mW-400x400.jpg 400w, https:\/\/www.starnight.be\/dj-soiree\/wp-content\/uploads\/2016\/12\/Laser-Scan-500mW.jpg 1024w\" sizes=\"auto, (max-width: 150px) 100vw, 150px\" \/><\/a>Vous souhaitez \u00e9pater vos invit\u00e9s ? Utilisez nos lasers vert puissants de 500mW chacun qui couvrent facilement des salles de 1000 personnes !<\/p>\n<p>Mont\u00e9s sous forme de scanners, les rayons peuvent \u00eatre dirig\u00e9s dans toute la salle contrairement aux lasers classiques ! Le tout \u00e9tant contr\u00f4l\u00e9 par ordinateur.<\/p>\n<p>Ils se rajoutent sur un pack existant ou se louent s\u00e9par\u00e9ment.<\/p>\n<hr \/>\n<h4><strong><span style=\"text-decoration: underline;\">Exemples d&rsquo;installations<\/span><\/strong><\/h4>\n<style type=\"text\/css\" scoped>.rbs_gallery_69dff76600e93Spinner{\r\n\t\t\t\tmargin: 50px auto;\r\n\t\t\t\twidth: 50px;\r\n\t\t\t\theight: 40px;\r\n\t\t\t\ttext-align: center;\r\n\t\t\t\tfont-size: 10px;\r\n\t\t\t}\r\n\t\t\t.rbs_gallery_69dff76600e93Spinner > div{\r\n\t\t\t  background-color: #333;\r\n\t\t\t  height: 100%;\r\n\t\t\t  width: 6px;\r\n\t\t\t  display: inline-block;\r\n\t\t\t  -webkit-animation: rbs_gallery_69dff76600e93-stretchdelay 1.2s infinite ease-in-out;\r\n\t\t\t  animation: rbs_gallery_69dff76600e93-stretchdelay 1.2s infinite ease-in-out;\r\n\t\t\t}\r\n\t\t\t.rbs_gallery_69dff76600e93Spinner .rbs_gallery_69dff76600e93Rect2 {\r\n\t\t\t  -webkit-animation-delay: -1.1s;\r\n\t\t\t  animation-delay: -1.1s;\r\n\t\t\t}\r\n\t\t\t.rbs_gallery_69dff76600e93Spinner .rbs_gallery_69dff76600e93Rect3 {\r\n\t\t\t  -webkit-animation-delay: -1.0s;\r\n\t\t\t  animation-delay: -1.0s;\r\n\t\t\t}\r\n\t\t\t.rbs_gallery_69dff76600e93Spinner .rbs_gallery_69dff76600e93Rect4 {\r\n\t\t\t  -webkit-animation-delay: -0.9s;\r\n\t\t\t  animation-delay: -0.9s;\r\n\t\t\t}\r\n\t\t\t.rbs_gallery_69dff76600e93Spinner .rbs_gallery_69dff76600e93Rect5 {\r\n\t\t\t  -webkit-animation-delay: -0.8s;\r\n\t\t\t  animation-delay: -0.8s;\r\n\t\t\t}\r\n\t\t\t@-webkit-keyframes rbs_gallery_69dff76600e93-stretchdelay {\r\n\t\t\t  0%, 40%, 100% { -webkit-transform: scaleY(0.4) }  \r\n\t\t\t  20% { -webkit-transform: scaleY(1.0) }\r\n\t\t\t}\r\n\t\t\t@keyframes rbs_gallery_69dff76600e93-stretchdelay {\r\n\t\t\t  0%, 40%, 100% { \r\n\t\t\t    transform: scaleY(0.4);\r\n\t\t\t    -webkit-transform: scaleY(0.4);\r\n\t\t\t  }  20% { \r\n\t\t\t    transform: scaleY(1.0);\r\n\t\t\t    -webkit-transform: scaleY(1.0);\r\n\t\t\t  }\r\n\t\t\t}\r\n\t\t<\/style><div class=\"robo-gallery-wrap robo-gallery-wrap-id2937 robo-gallery-\" ><div id=\"rbs_gallery_69dff76600e93-block-loader\" class=\"rbs_gallery_69dff76600e93Spinner\"><div class=\"rbs_gallery_69dff76600e93Rect1\"><\/div> <div class=\"rbs_gallery_69dff76600e93Rect2\"><\/div> <div class=\"rbs_gallery_69dff76600e93Rect3\"><\/div> <div class=\"rbs_gallery_69dff76600e93Rect4\"><\/div> <div class=\"rbs_gallery_69dff76600e93Rect5\"><\/div><\/div><div class=\"rbs_gallery_button  rbs_gallery_align_left\" id=\"rbs_gallery_69dff76600e93filter\" style=\" display: none;\" ><\/div><div id=\"robo_gallery_main_block_rbs_gallery_69dff76600e93\" class=\"robogallery-gallery-2937\" style=\"width:100%;margin:0 auto;  display: none;\"><div id=\"rbs_gallery_69dff76600e93\" data-options=\"rbs_gallery_69dff76600e93\" style=\"width:100%;\" class=\"robo_gallery  \"><div class=\"rbs-img  category2937 \" ><div class=\"rbs-img-image   rbs-lightbox \"  data-descbox=\"LaserPack - 1 laser central\" ><div class=\"rbs-img-thumbs\"  data-thumbnail=\"https:\/\/www.starnight.be\/dj-soiree\/wp-content\/uploads\/2017\/02\/LaserPack-1-laser-central--300x194.jpg\"  title=\"LaserPack - 1 laser central\"  data-width=\"300\"  data-height=\"194\" ><\/div><div class=\"rbs-img-data-popup\"  data-popup=\"https:\/\/www.starnight.be\/dj-soiree\/wp-content\/uploads\/2017\/02\/LaserPack-1-laser-central-.jpg\"  title=\"LaserPack - 1 laser central\" ><\/div><div class=\"thumbnail-overlay\"><div class=\"rbsTitle \">LaserPack - 1 laser central<\/div><div class=\"rbsIcons\"><i class=\"fa fa-search-plus rbsZoomIcon \" ><\/i><\/div><\/div><\/div><\/div><div class=\"rbs-img  category2937 \" ><div class=\"rbs-img-image   rbs-lightbox \"  data-descbox=\"School2025_Beloeil_Laser_fin de soir\u00e9e\" ><div class=\"rbs-img-thumbs\"  data-thumbnail=\"https:\/\/www.starnight.be\/dj-soiree\/wp-content\/uploads\/2025\/04\/School2025_Beloeil_Laser_101-300x169.jpg\"  title=\"School2025_Beloeil_Laser_fin de soir\u00e9e\"  data-width=\"300\"  data-height=\"169\" ><\/div><div class=\"rbs-img-data-popup\"  data-popup=\"https:\/\/www.starnight.be\/dj-soiree\/wp-content\/uploads\/2025\/04\/School2025_Beloeil_Laser_101.jpg\"  title=\"School2025_Beloeil_Laser_fin de soir\u00e9e\" ><\/div><div class=\"thumbnail-overlay\"><div class=\"rbsTitle \">School2025_Beloeil_Laser_fin de soir\u00e9e<\/div><div class=\"rbsIcons\"><i class=\"fa fa-search-plus rbsZoomIcon \" ><\/i><\/div><\/div><\/div><\/div><div class=\"rbs-img  category2937 \" ><div class=\"rbs-img-image   rbs-lightbox \"  data-descbox=\"LaserPack - 1 laser central\" ><div class=\"rbs-img-thumbs\"  data-thumbnail=\"https:\/\/www.starnight.be\/dj-soiree\/wp-content\/uploads\/2017\/02\/LaserPack-1-laser-central-300x183.jpg\"  title=\"LaserPack - 1 laser central\"  data-width=\"300\"  data-height=\"183\" ><\/div><div class=\"rbs-img-data-popup\"  data-popup=\"https:\/\/www.starnight.be\/dj-soiree\/wp-content\/uploads\/2017\/02\/LaserPack-1-laser-central.jpg\"  title=\"LaserPack - 1 laser central\" ><\/div><div class=\"thumbnail-overlay\"><div class=\"rbsTitle \">LaserPack - 1 laser central<\/div><div class=\"rbsIcons\"><i class=\"fa fa-search-plus rbsZoomIcon \" ><\/i><\/div><\/div><\/div><\/div><div class=\"rbs-img  category2937 \" ><div class=\"rbs-img-image   rbs-lightbox \"  data-descbox=\"Exemple de montage de 2 lasers sur 1 totem\" ><div class=\"rbs-img-thumbs\"  data-thumbnail=\"https:\/\/www.starnight.be\/dj-soiree\/wp-content\/uploads\/2025\/04\/School2025_Beloeil_Laser_014-300x225.jpg\"  title=\"Exemple de montage de 2 lasers sur 1 totem\"  data-width=\"300\"  data-height=\"225\" ><\/div><div class=\"rbs-img-data-popup\"  data-popup=\"https:\/\/www.starnight.be\/dj-soiree\/wp-content\/uploads\/2025\/04\/School2025_Beloeil_Laser_014.jpg\"  title=\"Exemple de montage de 2 lasers sur 1 totem\" ><\/div><div class=\"thumbnail-overlay\"><div class=\"rbsTitle \">Exemple de montage de 2 lasers sur 1 totem<\/div><div class=\"rbsIcons\"><i class=\"fa fa-search-plus rbsZoomIcon \" ><\/i><\/div><\/div><\/div><\/div><div class=\"rbs-img  category2937 \" ><div class=\"rbs-img-image   rbs-lightbox \"  data-descbox=\"Prom-November-2025_0004\" ><div class=\"rbs-img-thumbs\"  data-thumbnail=\"https:\/\/www.starnight.be\/dj-soiree\/wp-content\/uploads\/2025\/11\/Prom-November-2025_0004-300x169.jpg\"  title=\"Prom-November-2025_0004\"  data-width=\"300\"  data-height=\"169\" ><\/div><div class=\"rbs-img-data-popup\"  data-popup=\"https:\/\/www.starnight.be\/dj-soiree\/wp-content\/uploads\/2025\/11\/Prom-November-2025_0004.jpg\"  title=\"Prom-November-2025_0004\" ><\/div><div class=\"thumbnail-overlay\"><div class=\"rbsTitle \">Prom-November-2025_0004<\/div><div class=\"rbsIcons\"><i class=\"fa fa-search-plus rbsZoomIcon \" ><\/i><\/div><\/div><\/div><\/div><div class=\"rbs-img  category2937 \" ><div class=\"rbs-img-image   rbs-lightbox \"  data-descbox=\"Prom-November-2025_0001\" ><div class=\"rbs-img-thumbs\"  data-thumbnail=\"https:\/\/www.starnight.be\/dj-soiree\/wp-content\/uploads\/2025\/11\/Prom-November-2025_0001-300x169.jpg\"  title=\"Prom-November-2025_0001\"  data-width=\"300\"  data-height=\"169\" ><\/div><div class=\"rbs-img-data-popup\"  data-popup=\"https:\/\/www.starnight.be\/dj-soiree\/wp-content\/uploads\/2025\/11\/Prom-November-2025_0001.jpg\"  title=\"Prom-November-2025_0001\" ><\/div><div class=\"thumbnail-overlay\"><div class=\"rbsTitle \">Prom-November-2025_0001<\/div><div class=\"rbsIcons\"><i class=\"fa fa-search-plus rbsZoomIcon \" ><\/i><\/div><\/div><\/div><\/div><div class=\"rbs-img  category2937 \" ><div class=\"rbs-img-image   rbs-lightbox \"  data-descbox=\"GlamourPack Plus avec 1 laser du LaserPack\" ><div class=\"rbs-img-thumbs\"  data-thumbnail=\"https:\/\/www.starnight.be\/dj-soiree\/wp-content\/uploads\/2017\/02\/D\u00e9lirePack-Avec-1-laser-du-LaserPack-300x191.jpg\"  title=\"GlamourPack Plus avec 1 laser du LaserPack\"  data-width=\"300\"  data-height=\"191\" ><\/div><div class=\"rbs-img-data-popup\"  data-popup=\"https:\/\/www.starnight.be\/dj-soiree\/wp-content\/uploads\/2017\/02\/D\u00e9lirePack-Avec-1-laser-du-LaserPack.jpg\"  title=\"GlamourPack Plus avec 1 laser du LaserPack\" ><\/div><div class=\"thumbnail-overlay\"><div class=\"rbsTitle \">GlamourPack Plus avec 1 laser du LaserPack<\/div><div class=\"rbsIcons\"><i class=\"fa fa-search-plus rbsZoomIcon \" ><\/i><\/div><\/div><\/div><\/div><div class=\"rbs-img  category2937 \" ><div class=\"rbs-img-image   rbs-lightbox \"  data-descbox=\"Exemple de montage de 2 lasers sur 1 totem\" ><div class=\"rbs-img-thumbs\"  data-thumbnail=\"https:\/\/www.starnight.be\/dj-soiree\/wp-content\/uploads\/2025\/04\/School2025_Beloeil_Laser_003-225x300.jpg\"  title=\"Exemple de montage de 2 lasers sur 1 totem\"  data-width=\"225\"  data-height=\"300\" ><\/div><div class=\"rbs-img-data-popup\"  data-popup=\"https:\/\/www.starnight.be\/dj-soiree\/wp-content\/uploads\/2025\/04\/School2025_Beloeil_Laser_003.jpg\"  title=\"Exemple de montage de 2 lasers sur 1 totem\" ><\/div><div class=\"thumbnail-overlay\"><div class=\"rbsTitle \">Exemple de montage de 2 lasers sur 1 totem<\/div><div class=\"rbsIcons\"><i class=\"fa fa-search-plus rbsZoomIcon \" ><\/i><\/div><\/div><\/div><\/div><div class=\"rbs-img  category2937 \" ><div class=\"rbs-img-image   rbs-lightbox \"  data-descbox=\"Prom-November-2025_0007\" ><div class=\"rbs-img-thumbs\"  data-thumbnail=\"https:\/\/www.starnight.be\/dj-soiree\/wp-content\/uploads\/2025\/11\/Prom-November-2025_0007-300x169.jpg\"  title=\"Prom-November-2025_0007\"  data-width=\"300\"  data-height=\"169\" ><\/div><div class=\"rbs-img-data-popup\"  data-popup=\"https:\/\/www.starnight.be\/dj-soiree\/wp-content\/uploads\/2025\/11\/Prom-November-2025_0007.jpg\"  title=\"Prom-November-2025_0007\" ><\/div><div class=\"thumbnail-overlay\"><div class=\"rbsTitle \">Prom-November-2025_0007<\/div><div class=\"rbsIcons\"><i class=\"fa fa-search-plus rbsZoomIcon \" ><\/i><\/div><\/div><\/div><\/div><div class=\"rbs-img  category2937 \" ><div class=\"rbs-img-image   rbs-lightbox \"  data-descbox=\"1 Laser puissant de 500mW plac\u00e9 sur le GlamourPack Plus\" ><div class=\"rbs-img-thumbs\"  data-thumbnail=\"https:\/\/www.starnight.be\/dj-soiree\/wp-content\/uploads\/2017\/06\/laser-300x199.jpg\"  title=\"1 Laser puissant de 500mW plac\u00e9 sur le GlamourPack Plus\"  data-width=\"300\"  data-height=\"199\" ><\/div><div class=\"rbs-img-data-popup\"  data-popup=\"https:\/\/www.starnight.be\/dj-soiree\/wp-content\/uploads\/2017\/06\/laser.jpg\"  title=\"1 Laser puissant de 500mW plac\u00e9 sur le GlamourPack Plus\" ><\/div><div class=\"thumbnail-overlay\"><div class=\"rbsTitle \">1 Laser puissant de 500mW plac\u00e9 sur le GlamourPack Plus<\/div><div class=\"rbsIcons\"><i class=\"fa fa-search-plus rbsZoomIcon \" ><\/i><\/div><\/div><\/div><\/div><div class=\"rbs-img  category2937 \" ><div class=\"rbs-img-image   rbs-lightbox \"  data-descbox=\"Laser Pack : 2 lasers utlilis\u00e9s avec le BasicPack\" ><div class=\"rbs-img-thumbs\"  data-thumbnail=\"https:\/\/www.starnight.be\/dj-soiree\/wp-content\/uploads\/2016\/12\/Laser_Pack_011-300x225.jpg\"  title=\"Laser Pack : 2 lasers utlilis\u00e9s avec le BasicPack\"  data-width=\"300\"  data-height=\"225\" ><\/div><div class=\"rbs-img-data-popup\"  data-popup=\"https:\/\/www.starnight.be\/dj-soiree\/wp-content\/uploads\/2016\/12\/Laser_Pack_011.jpg\"  title=\"Laser Pack : 2 lasers utlilis\u00e9s avec le BasicPack\" ><\/div><div class=\"thumbnail-overlay\"><div class=\"rbsTitle \">Laser Pack : 2 lasers utlilis\u00e9s avec le BasicPack<\/div><div class=\"rbsIcons\"><i class=\"fa fa-search-plus rbsZoomIcon \" ><\/i><\/div><\/div><\/div><\/div><div class=\"rbs-img  category2937 \" ><div class=\"rbs-img-image   rbs-lightbox \"  data-descbox=\"LaserPack avec 2 lasers dans un DelirePack : on peut voir la puissance des lasers alors que toutes les lumi\u00e8res de la salle sont allum\u00e9es !\" ><div class=\"rbs-img-thumbs\"  data-thumbnail=\"https:\/\/www.starnight.be\/dj-soiree\/wp-content\/uploads\/2017\/01\/LaserPack-dans-DelirePack-300x225.jpg\"  title=\"LaserPack avec 2 lasers dans un DelirePack : on peut voir la puissance des lasers alors que toutes les lumi\u00e8res de la salle sont allum\u00e9es !\"  data-width=\"300\"  data-height=\"225\" ><\/div><div class=\"rbs-img-data-popup\"  data-popup=\"https:\/\/www.starnight.be\/dj-soiree\/wp-content\/uploads\/2017\/01\/LaserPack-dans-DelirePack.jpg\"  title=\"LaserPack avec 2 lasers dans un DelirePack : on peut voir la puissance des lasers alors que toutes les lumi\u00e8res de la salle sont allum\u00e9es !\" ><\/div><div class=\"thumbnail-overlay\"><div class=\"rbsTitle \">LaserPack avec 2 lasers dans un DelirePack : on peut voir la puissance des lasers alors que toutes les lumi\u00e8res de la salle sont allum\u00e9es !<\/div><div class=\"rbsIcons\"><i class=\"fa fa-search-plus rbsZoomIcon \" ><\/i><\/div><\/div><\/div><\/div><div class=\"rbs-img  category2937 \" ><div class=\"rbs-img-image   rbs-lightbox \"  data-descbox=\"STARNIGHT - La Grange - GlamourPack + 2 sacanners-lasers + 8 uplighters + 8 mange-debout\" ><div class=\"rbs-img-thumbs\"  data-thumbnail=\"https:\/\/www.starnight.be\/dj-soiree\/wp-content\/uploads\/2022\/05\/F3AF9D11-858A-432E-BDDB-9EACADD35838-300x225.jpeg\"  title=\"STARNIGHT - La Grange - GlamourPack + 2 sacanners-lasers + 8 uplighters + 8 mange-debout\"  data-width=\"300\"  data-height=\"225\" ><\/div><div class=\"rbs-img-data-popup\"  data-popup=\"https:\/\/www.starnight.be\/dj-soiree\/wp-content\/uploads\/2022\/05\/F3AF9D11-858A-432E-BDDB-9EACADD35838.jpeg\"  title=\"STARNIGHT - La Grange - GlamourPack + 2 sacanners-lasers + 8 uplighters + 8 mange-debout\" ><\/div><div class=\"thumbnail-overlay\"><div class=\"rbsTitle \">STARNIGHT - La Grange - GlamourPack + 2 sacanners-lasers + 8 uplighters + 8 mange-debout<\/div><div class=\"rbsIcons\"><i class=\"fa fa-search-plus rbsZoomIcon \" ><\/i><\/div><\/div><\/div><\/div><div class=\"rbs-img  category2937 \" ><div class=\"rbs-img-image   rbs-lightbox \"  data-descbox=\"STARNIGHT - La Grange - GlamourPack + 2 sacanners-lasers + 8 uplighters + 8 mange-debout\" ><div class=\"rbs-img-thumbs\"  data-thumbnail=\"https:\/\/www.starnight.be\/dj-soiree\/wp-content\/uploads\/2022\/05\/B9D0F0A1-EF8A-429D-A103-15EB8243803F-300x225.jpeg\"  title=\"STARNIGHT - La Grange - GlamourPack + 2 sacanners-lasers + 8 uplighters + 8 mange-debout\"  data-width=\"300\"  data-height=\"225\" ><\/div><div class=\"rbs-img-data-popup\"  data-popup=\"https:\/\/www.starnight.be\/dj-soiree\/wp-content\/uploads\/2022\/05\/B9D0F0A1-EF8A-429D-A103-15EB8243803F.jpeg\"  title=\"STARNIGHT - La Grange - GlamourPack + 2 sacanners-lasers + 8 uplighters + 8 mange-debout\" ><\/div><div class=\"thumbnail-overlay\"><div class=\"rbsTitle \">STARNIGHT - La Grange - GlamourPack + 2 sacanners-lasers + 8 uplighters + 8 mange-debout<\/div><div class=\"rbsIcons\"><i class=\"fa fa-search-plus rbsZoomIcon \" ><\/i><\/div><\/div><\/div><\/div><div class=\"rbs-img  category2937 \" ><div class=\"rbs-img-image   rbs-lightbox \"  data-descbox=\"Laser Pack : \u00e0 l&#039;int\u00e9rieur d&#039;un rayon formant un carr\u00e9\" ><div class=\"rbs-img-thumbs\"  data-thumbnail=\"https:\/\/www.starnight.be\/dj-soiree\/wp-content\/uploads\/2016\/12\/Laser_Pack_019-225x300.jpg\"  title=\"Laser Pack : \u00e0 l&#039;int\u00e9rieur d&#039;un rayon formant un carr\u00e9\"  data-width=\"225\"  data-height=\"300\" ><\/div><div class=\"rbs-img-data-popup\"  data-popup=\"https:\/\/www.starnight.be\/dj-soiree\/wp-content\/uploads\/2016\/12\/Laser_Pack_019.jpg\"  title=\"Laser Pack : \u00e0 l&#039;int\u00e9rieur d&#039;un rayon formant un carr\u00e9\" ><\/div><div class=\"thumbnail-overlay\"><div class=\"rbsTitle \">Laser Pack : \u00e0 l&#039;int\u00e9rieur d&#039;un rayon formant un carr\u00e9<\/div><div class=\"rbsIcons\"><i class=\"fa fa-search-plus rbsZoomIcon \" ><\/i><\/div><\/div><\/div><\/div><div class=\"rbs-img  category2937 \" ><div class=\"rbs-img-image   rbs-lightbox \"  data-descbox=\"STARNIGHT_Tresnies_0002\" ><div class=\"rbs-img-thumbs\"  data-thumbnail=\"https:\/\/www.starnight.be\/dj-soiree\/wp-content\/uploads\/2025\/11\/STARNIGHT_Tresnies_0002-240x300.jpg\"  title=\"STARNIGHT_Tresnies_0002\"  data-width=\"240\"  data-height=\"300\" ><\/div><div class=\"rbs-img-data-popup\"  data-popup=\"https:\/\/www.starnight.be\/dj-soiree\/wp-content\/uploads\/2025\/11\/STARNIGHT_Tresnies_0002.jpg\"  title=\"STARNIGHT_Tresnies_0002\" ><\/div><div class=\"thumbnail-overlay\"><div class=\"rbsTitle \">STARNIGHT_Tresnies_0002<\/div><div class=\"rbsIcons\"><i class=\"fa fa-search-plus rbsZoomIcon \" ><\/i><\/div><\/div><\/div><\/div><div class=\"rbs-img  category2937 \" ><div class=\"rbs-img-image   rbs-lightbox \"  data-descbox=\"Prom-November-2025_0006\" ><div class=\"rbs-img-thumbs\"  data-thumbnail=\"https:\/\/www.starnight.be\/dj-soiree\/wp-content\/uploads\/2025\/11\/Prom-November-2025_0006-300x169.jpg\"  title=\"Prom-November-2025_0006\"  data-width=\"300\"  data-height=\"169\" ><\/div><div class=\"rbs-img-data-popup\"  data-popup=\"https:\/\/www.starnight.be\/dj-soiree\/wp-content\/uploads\/2025\/11\/Prom-November-2025_0006.jpg\"  title=\"Prom-November-2025_0006\" ><\/div><div class=\"thumbnail-overlay\"><div class=\"rbsTitle \">Prom-November-2025_0006<\/div><div class=\"rbsIcons\"><i class=\"fa fa-search-plus rbsZoomIcon \" ><\/i><\/div><\/div><\/div><\/div><div class=\"rbs-img  category2937 \" ><div class=\"rbs-img-image   rbs-lightbox \"  data-descbox=\"LaserPack avec 4 lasers\" ><div class=\"rbs-img-thumbs\"  data-thumbnail=\"https:\/\/www.starnight.be\/dj-soiree\/wp-content\/uploads\/2017\/03\/LaserPack-avec-4-lasers-300x211.jpg\"  title=\"LaserPack avec 4 lasers\"  data-width=\"300\"  data-height=\"211\" ><\/div><div class=\"rbs-img-data-popup\"  data-popup=\"https:\/\/www.starnight.be\/dj-soiree\/wp-content\/uploads\/2017\/03\/LaserPack-avec-4-lasers.jpg\"  title=\"LaserPack avec 4 lasers\" ><\/div><div class=\"thumbnail-overlay\"><div class=\"rbsTitle \">LaserPack avec 4 lasers<\/div><div class=\"rbsIcons\"><i class=\"fa fa-search-plus rbsZoomIcon \" ><\/i><\/div><\/div><\/div><\/div><div class=\"rbs-img  category2937 \" ><div class=\"rbs-img-image   rbs-lightbox \"  data-descbox=\"Laser Pack : Montage de 2 scanners laser sur sc\u00e8ne avec spot U.V. au centre\" ><div class=\"rbs-img-thumbs\"  data-thumbnail=\"https:\/\/www.starnight.be\/dj-soiree\/wp-content\/uploads\/2016\/12\/Laser_Pack_001-300x225.jpg\"  title=\"Laser Pack : Montage de 2 scanners laser sur sc\u00e8ne avec spot U.V. au centre\"  data-width=\"300\"  data-height=\"225\" ><\/div><div class=\"rbs-img-data-popup\"  data-popup=\"https:\/\/www.starnight.be\/dj-soiree\/wp-content\/uploads\/2016\/12\/Laser_Pack_001.jpg\"  title=\"Laser Pack : Montage de 2 scanners laser sur sc\u00e8ne avec spot U.V. au centre\" ><\/div><div class=\"thumbnail-overlay\"><div class=\"rbsTitle \">Laser Pack : Montage de 2 scanners laser sur sc\u00e8ne avec spot U.V. au centre<\/div><div class=\"rbsIcons\"><i class=\"fa fa-search-plus rbsZoomIcon \" ><\/i><\/div><\/div><\/div><\/div><\/div><\/div><\/div><script>var rbs_gallery_69dff76600e93 = {\"version\":\"5.1.2\",\"id\":2937,\"class\":\"id2937\",\"roboGalleryDelay\":1000,\"mainContainer\":\"#robo_gallery_main_block_rbs_gallery_69dff76600e93\",\"loadingContainer\":\"#rbs_gallery_69dff76600e93-block-loader\",\"loadingContainerObj\":\"rbs_gallery_69dff76600e93-block-loader\",\"columnWidth\":\"auto\",\"columns\":3,\"resolutions\":[{\"columnWidth\":\"auto\",\"columns\":3,\"maxWidth\":960},{\"columnWidth\":\"auto\",\"columns\":2,\"maxWidth\":650},{\"columnWidth\":\"auto\",\"columns\":1,\"maxWidth\":450}],\"descBox\":true,\"descBoxClass\":\"rbs_desc_panel_light\",\"hideTitle\":true,\"lightboxOptions\":{\"gallery\":{\"enabled\":true,\"tCounter\":\"%curr% \\\/ %total%\"}},\"facebook\":true,\"twitter\":true,\"pinterest\":true,\"overlayEffect\":\"direction-aware-fade\",\"boxesToLoadStart\":50,\"boxesToLoad\":50,\"waitUntilThumbLoads\":1,\"waitForAllThumbsNoMatterWhat\":1,\"LoadingWord\":\"Chargement des images en cours ...\",\"loadMoreWord\":\"Encore plus d'images ici ...\",\"noMoreEntriesWord\":\"No More Entries\",\"horizontalSpaceBetweenBoxes\":15,\"verticalSpaceBetweenBoxes\":15,\"lazyLoad\":1,\"wrapContainer\":\"#robo-gallery-wrap-rbs_gallery_69dff76600e93\",\"filterContainer\":\"#rbs_gallery_69dff76600e93filter\",\"loadMoreClass\":\"button-border-caution \"};<\/script>\n<hr \/>\n<h4 style=\"text-align: center;\">DeliriumPack avec 2 scanners lasers.<\/h4>\n<p style=\"text-align: center;\"><iframe loading=\"lazy\" title=\"YouTube video player\" src=\"https:\/\/www.youtube.com\/embed\/tMOkfPysDuE\" width=\"100%\" height=\"400\" frameborder=\"0\" allowfullscreen=\"allowfullscreen\"><\/iframe><\/p>\n<h4 style=\"text-align: center;\">GlamourPack avec 2 scanners laser (install\u00e9s sur la balustrade)<\/h4>\n<p style=\"text-align: center;\"><iframe loading=\"lazy\" title=\"YouTube video player\" src=\"https:\/\/www.youtube.com\/embed\/G58jucfi_XA\" width=\"100%\" height=\"400\" frameborder=\"0\" allowfullscreen=\"allowfullscreen\"><span style=\"display: inline-block; width: 0px; overflow: hidden; line-height: 0;\" data-mce-type=\"bookmark\" class=\"mce_SELRES_start\">\ufeff<\/span><\/iframe><\/p>\n<h4 style=\"text-align: center;\">GlamourPack avec 1 scanner laser.<\/h4>\n<p style=\"text-align: center;\"><iframe loading=\"lazy\" title=\"YouTube video player\" src=\"https:\/\/www.youtube.com\/embed\/xtWnorr2WFs\" width=\"100%\" height=\"400\" frameborder=\"0\" allowfullscreen=\"allowfullscreen\"><\/iframe><\/p>\n<h4 style=\"text-align: center;\">GlamourPack avec 2 scanners laser.<\/h4>\n<p style=\"text-align: center;\"><iframe loading=\"lazy\" title=\"YouTube video player\" src=\"https:\/\/www.youtube.com\/embed\/Ya8qQqnbGo4\" width=\"100%\" height=\"400\" frameborder=\"0\" allowfullscreen=\"allowfullscreen\"><\/iframe><\/p>\n<h4 style=\"text-align: center;\">TotemPack avec 2 scanners laser mont\u00e9s sur 1 totem centr\u00e9.<\/h4>\n<p style=\"text-align: center;\"><iframe loading=\"lazy\" title=\"YouTube video player\" src=\"https:\/\/www.youtube.com\/embed\/mNsroKzAEVI?si=9tVI10vjVaj3T7m3\" width=\"100%\" height=\"400\" frameborder=\"0\" allowfullscreen=\"allowfullscreen\"><span data-mce-type=\"bookmark\" style=\"display: inline-block; width: 0px; overflow: hidden; line-height: 0;\" class=\"mce_SELRES_start\">\ufeff<\/span><\/iframe><\/p>\n<hr \/>\n<h4>En voir plus sur nos derniers \u00e9v\u00e9nements utilisant ce pack !<\/h4>\n<p>Cliquez ici =&gt; <a href=\"https:\/\/www.starnight.be\/dj-soiree\/category\/laserpack\">https:\/\/www.starnight.be\/dj-soiree\/category\/laserpack<\/a><\/p>\n","protected":false},"excerpt":{"rendered":"<p>Le Laser Pack : pour un show grandiose ! Vous souhaitez \u00e9pater vos invit\u00e9s ? <a href=\"https:\/\/www.starnight.be\/dj-soiree\/materiel\/materiel-laser-pack\/\">Read more<\/a><\/p>\n","protected":false},"author":1,"featured_media":3347,"parent":1622,"menu_order":0,"comment_status":"closed","ping_status":"closed","template":"","meta":{"om_disable_all_campaigns":false,"_monsterinsights_skip_tracking":false,"_monsterinsights_sitenote_active":false,"_monsterinsights_sitenote_note":"","_monsterinsights_sitenote_category":0,"footnotes":""},"class_list":["post-2934","page","type-page","status-publish","has-post-thumbnail","hentry"],"aioseo_notices":[],"_links":{"self":[{"href":"https:\/\/www.starnight.be\/dj-soiree\/wp-json\/wp\/v2\/pages\/2934","targetHints":{"allow":["GET"]}}],"collection":[{"href":"https:\/\/www.starnight.be\/dj-soiree\/wp-json\/wp\/v2\/pages"}],"about":[{"href":"https:\/\/www.starnight.be\/dj-soiree\/wp-json\/wp\/v2\/types\/page"}],"author":[{"embeddable":true,"href":"https:\/\/www.starnight.be\/dj-soiree\/wp-json\/wp\/v2\/users\/1"}],"replies":[{"embeddable":true,"href":"https:\/\/www.starnight.be\/dj-soiree\/wp-json\/wp\/v2\/comments?post=2934"}],"version-history":[{"count":30,"href":"https:\/\/www.starnight.be\/dj-soiree\/wp-json\/wp\/v2\/pages\/2934\/revisions"}],"predecessor-version":[{"id":8338,"href":"https:\/\/www.starnight.be\/dj-soiree\/wp-json\/wp\/v2\/pages\/2934\/revisions\/8338"}],"up":[{"embeddable":true,"href":"https:\/\/www.starnight.be\/dj-soiree\/wp-json\/wp\/v2\/pages\/1622"}],"wp:featuredmedia":[{"embeddable":true,"href":"https:\/\/www.starnight.be\/dj-soiree\/wp-json\/wp\/v2\/media\/3347"}],"wp:attachment":[{"href":"https:\/\/www.starnight.be\/dj-soiree\/wp-json\/wp\/v2\/media?parent=2934"}],"curies":[{"name":"wp","href":"https:\/\/api.w.org\/{rel}","templated":true}]}}