{"id":3036,"date":"2017-01-19T15:13:32","date_gmt":"2017-01-19T14:13:32","guid":{"rendered":"http:\/\/www.starnight.be\/dj-soiree\/?page_id=3036"},"modified":"2025-10-07T15:38:34","modified_gmt":"2025-10-07T13:38:34","slug":"services-dj","status":"publish","type":"page","link":"https:\/\/www.starnight.be\/dj-soiree\/nos-services\/services-dj\/","title":{"rendered":"Services DJ"},"content":{"rendered":"<h4 style=\"text-align: justify;\"><strong>Liste des DJ r\u00e9sidents de STARNIGHT SONORISATION :<\/strong><\/h4>\n<h5><strong>DJ Only <\/strong><\/h5>\n<p><a href=\"\/dj-soiree\/wp-content\/uploads\/2017\/01\/DJ-Only-Copy.jpg\"><img loading=\"lazy\" decoding=\"async\" class=\"size-thumbnail wp-image-3103 alignleft\" src=\"\/dj-soiree\/wp-content\/uploads\/2017\/01\/DJ-Only-Copy-150x150.jpg\" alt=\"\" width=\"150\" height=\"150\" srcset=\"https:\/\/www.starnight.be\/dj-soiree\/wp-content\/uploads\/2017\/01\/DJ-Only-Copy-150x150.jpg 150w, https:\/\/www.starnight.be\/dj-soiree\/wp-content\/uploads\/2017\/01\/DJ-Only-Copy-144x144.jpg 144w, https:\/\/www.starnight.be\/dj-soiree\/wp-content\/uploads\/2017\/01\/DJ-Only-Copy-200x200.jpg 200w\" sizes=\"auto, (max-width: 150px) 100vw, 150px\" \/><\/a>Exp\u00e9riment\u00e9 depuis 1996 et fondateur de STARNIGHT SONORISATION en 1999, il a une quantit\u00e9 incalculable de soir\u00e9es derri\u00e8re lui (<em>bars, clubs, events priv\u00e9s, entreprises<\/em>) !<\/p>\n<p>C&rsquo;est avec une grande aisance qu&rsquo;il anime toutes sortes d&rsquo;\u00e9v\u00e9nements, qu&rsquo;ils soient priv\u00e9s ou professionnels, qu&rsquo;ils soient petits ou grands, \u00e0 th\u00e8mes ou g\u00e9n\u00e9ralistes, il trouvera toujours le bon morceau de musique \u00e0 placer au moment le plus opportun !<\/p>\n<p><span style=\"text-decoration: underline;\"><strong>Ecoutez<\/strong> quelques mix d\u00e9mos<\/span> de ce DJ via <a href=\"https:\/\/www.mixcloud.com\/starnight\/\" target=\"_blank\" rel=\"noopener noreferrer\">ce lien<\/a><\/p>\n<p>&nbsp;<\/p>\n<hr \/>\n<h5><strong>DJ Skee<br \/>\n<\/strong><\/h5>\n<p style=\"text-align: justify;\"><a href=\"https:\/\/www.starnight.be\/dj-soiree\/wp-content\/uploads\/2023\/03\/DJ-Skee.jpeg\"><img loading=\"lazy\" decoding=\"async\" class=\"alignleft wp-image-6762 size-thumbnail\" src=\"https:\/\/www.starnight.be\/dj-soiree\/wp-content\/uploads\/2023\/03\/DJ-Skee-150x150.jpeg\" alt=\"\" width=\"150\" height=\"150\" srcset=\"https:\/\/www.starnight.be\/dj-soiree\/wp-content\/uploads\/2023\/03\/DJ-Skee-150x150.jpeg 150w, https:\/\/www.starnight.be\/dj-soiree\/wp-content\/uploads\/2023\/03\/DJ-Skee-144x144.jpeg 144w, https:\/\/www.starnight.be\/dj-soiree\/wp-content\/uploads\/2023\/03\/DJ-Skee-480x480.jpeg 480w, https:\/\/www.starnight.be\/dj-soiree\/wp-content\/uploads\/2023\/03\/DJ-Skee-50x50.jpeg 50w, https:\/\/www.starnight.be\/dj-soiree\/wp-content\/uploads\/2023\/03\/DJ-Skee-200x200.jpeg 200w\" sizes=\"auto, (max-width: 150px) 100vw, 150px\" \/><\/a>Depuis les 90s, Dj Skee et ses vinyls mettent l&rsquo;ambiance de la Belgique \u00e0 la France en passant par la Guadeloupe.<\/p>\n<p>Il a \u00e9t\u00e9 DJ dans des groupes de hiphop, de ragga, de rock et anime encore r\u00e9guli\u00e8rement des tournois de break dance !<\/p>\n<p>Ouvert et \u00e9clectique il appr\u00e9cie les m\u00e9tissages de styles, de cultures et d&rsquo;\u00e9poques, ce qui fait \u00e9galement de lui le DJ parfait pour tout \u00e9v\u00e9nement \u00e0 caract\u00e8re g\u00e9n\u00e9raliste.<\/p>\n<p>&nbsp;<\/p>\n<hr \/>\n<h5><strong>DJ Numa<br \/>\n<\/strong><\/h5>\n<p style=\"text-align: justify;\"><a href=\"https:\/\/www.starnight.be\/dj-soiree\/wp-content\/uploads\/2024\/03\/FB_IMG_1709546264967.jpeg\"><img loading=\"lazy\" decoding=\"async\" class=\"alignleft wp-image-7342 size-thumbnail\" src=\"https:\/\/www.starnight.be\/dj-soiree\/wp-content\/uploads\/2024\/03\/FB_IMG_1709546264967-150x150.jpeg\" alt=\"\" width=\"150\" height=\"150\" srcset=\"https:\/\/www.starnight.be\/dj-soiree\/wp-content\/uploads\/2024\/03\/FB_IMG_1709546264967-150x150.jpeg 150w, https:\/\/www.starnight.be\/dj-soiree\/wp-content\/uploads\/2024\/03\/FB_IMG_1709546264967-144x144.jpeg 144w, https:\/\/www.starnight.be\/dj-soiree\/wp-content\/uploads\/2024\/03\/FB_IMG_1709546264967-480x480.jpeg 480w, https:\/\/www.starnight.be\/dj-soiree\/wp-content\/uploads\/2024\/03\/FB_IMG_1709546264967-50x50.jpeg 50w, https:\/\/www.starnight.be\/dj-soiree\/wp-content\/uploads\/2024\/03\/FB_IMG_1709546264967-200x200.jpeg 200w\" sizes=\"auto, (max-width: 150px) 100vw, 150px\" \/><\/a>DJ depuis la fin des ann\u00e9es 90, il est actuellement r\u00e9sident des <em>Roller and Bike Parade<\/em> de Belgique, ainsi que du nouveau club namurois : <em>La Plaza<\/em>.<\/p>\n<p>Il mixe aussi r\u00e9guli\u00e8rement au <em>Bowling Stones<\/em> de Wemmel ainsi que dans diff\u00e9rents bars et clubs partout en Belgique.<\/p>\n<p>Bien \u00e9videmment, il est le DJ complice de nombreux \u00e9v\u00e9nements organis\u00e9s tels que les f\u00eates d&rsquo;entreprises, mariages et anniversaires.<\/p>\n<p>&nbsp;<\/p>\n<hr \/>\n<h5><strong>Dj Franck B <\/strong><\/h5>\n<p style=\"text-align: justify;\"><img loading=\"lazy\" decoding=\"async\" class=\"alignleft wp-image-8735 size-thumbnail\" src=\"https:\/\/www.starnight.be\/dj-soiree\/wp-content\/uploads\/2025\/10\/DJ-Franck-B-150x150.jpg\" alt=\"\" width=\"150\" height=\"150\" srcset=\"https:\/\/www.starnight.be\/dj-soiree\/wp-content\/uploads\/2025\/10\/DJ-Franck-B-150x150.jpg 150w, https:\/\/www.starnight.be\/dj-soiree\/wp-content\/uploads\/2025\/10\/DJ-Franck-B-298x300.jpg 298w, https:\/\/www.starnight.be\/dj-soiree\/wp-content\/uploads\/2025\/10\/DJ-Franck-B-768x772.jpg 768w, https:\/\/www.starnight.be\/dj-soiree\/wp-content\/uploads\/2025\/10\/DJ-Franck-B-100x101.jpg 100w, https:\/\/www.starnight.be\/dj-soiree\/wp-content\/uploads\/2025\/10\/DJ-Franck-B-144x144.jpg 144w, https:\/\/www.starnight.be\/dj-soiree\/wp-content\/uploads\/2025\/10\/DJ-Franck-B-480x480.jpg 480w, https:\/\/www.starnight.be\/dj-soiree\/wp-content\/uploads\/2025\/10\/DJ-Franck-B-900x905.jpg 900w, https:\/\/www.starnight.be\/dj-soiree\/wp-content\/uploads\/2025\/10\/DJ-Franck-B-50x50.jpg 50w, https:\/\/www.starnight.be\/dj-soiree\/wp-content\/uploads\/2025\/10\/DJ-Franck-B-200x200.jpg 200w, https:\/\/www.starnight.be\/dj-soiree\/wp-content\/uploads\/2025\/10\/DJ-Franck-B-400x402.jpg 400w, https:\/\/www.starnight.be\/dj-soiree\/wp-content\/uploads\/2025\/10\/DJ-Franck-B.jpg 924w\" sizes=\"auto, (max-width: 150px) 100vw, 150px\" \/><\/p>\n<p>Dj Franck B est un dj passionn\u00e9 par le c\u00f4t\u00e9 technique, aussi bien a l&rsquo;aise avec des sons disco que de la house pure en passant par de l&rsquo;afro ou du Latino, dj r\u00e9sident des Rollers And Bike Parades dans toute la Belgique.<\/p>\n<p>Ayant mix\u00e9 plusieurs fois au Mirano pour des soir\u00e9es 90s, eurodance, au Lift (ancien Fiesta Club) et dans pas mal d&rsquo;\u00e9v\u00e9nements corporates, mariages, anniversaires, afterworks et th\u00e9s dansants. Technicien et r\u00e9gisseur son et lumi\u00e8res.<\/p>\n<p>Ce dj allie technique son et djaying en restant ouvert \u00e0 toute demande de type de musique&#8230; aussi \u00e0 l&rsquo;aise sur une console de r\u00e9gie qu&rsquo;aux platines du club&#8230; il saura faire de votre soir\u00e9e un moment m\u00e9morable.<\/p>\n<p><strong>Ecoutez<\/strong> quelques mix d\u00e9mos de ce DJ via <a href=\"https:\/\/www.mixcloud.com\/DJ-FranckB\" target=\"_blank\" rel=\"noopener\">ce lien<\/a><\/p>\n<hr \/>\n<h5><strong>DJ Wise<br \/>\n<\/strong><\/h5>\n<p style=\"text-align: justify;\"><a href=\"https:\/\/www.starnight.be\/dj-soiree\/wp-content\/uploads\/2023\/01\/DJ_Wise.jpg\"><img loading=\"lazy\" decoding=\"async\" class=\"alignleft wp-image-6593 size-thumbnail\" src=\"https:\/\/www.starnight.be\/dj-soiree\/wp-content\/uploads\/2023\/01\/DJ_Wise-150x150.jpg\" alt=\"\" width=\"150\" height=\"150\" srcset=\"https:\/\/www.starnight.be\/dj-soiree\/wp-content\/uploads\/2023\/01\/DJ_Wise-150x150.jpg 150w, https:\/\/www.starnight.be\/dj-soiree\/wp-content\/uploads\/2023\/01\/DJ_Wise-300x300.jpg 300w, https:\/\/www.starnight.be\/dj-soiree\/wp-content\/uploads\/2023\/01\/DJ_Wise-768x764.jpg 768w, https:\/\/www.starnight.be\/dj-soiree\/wp-content\/uploads\/2023\/01\/DJ_Wise-144x144.jpg 144w, https:\/\/www.starnight.be\/dj-soiree\/wp-content\/uploads\/2023\/01\/DJ_Wise-480x480.jpg 480w, https:\/\/www.starnight.be\/dj-soiree\/wp-content\/uploads\/2023\/01\/DJ_Wise-50x50.jpg 50w, https:\/\/www.starnight.be\/dj-soiree\/wp-content\/uploads\/2023\/01\/DJ_Wise-200x200.jpg 200w, https:\/\/www.starnight.be\/dj-soiree\/wp-content\/uploads\/2023\/01\/DJ_Wise-400x398.jpg 400w, https:\/\/www.starnight.be\/dj-soiree\/wp-content\/uploads\/2023\/01\/DJ_Wise.jpg 832w\" sizes=\"auto, (max-width: 150px) 100vw, 150px\" \/><\/a>DJ g\u00e9n\u00e9raliste et ancien animateur radio sur Radio Air Libre en 1997 et 1998, il a plus de 20 ans d\u2019exp\u00e9rience dans l\u2019animation d\u2019\u00e9v\u00e8nements publics et priv\u00e9s.<\/p>\n<p style=\"text-align: justify;\">Suite \u00e0 sa participation au championnat DMC Belgique, il a mix\u00e9 dans les clubs de la capitale comme, par exemple, le Fuse pour ne citer que lui. En a suivi une r\u00e9sidence au Mirano Continental et au Chicago\u2019s Bar (<em>ancien club de l\u2019h\u00f4tel Radisson<\/em>) en 2000 et 2001.<\/p>\n<p style=\"text-align: justify;\">Par la suite il s&rsquo;est perfectionn\u00e9 dans les musiques g\u00e9n\u00e9ralistes o\u00f9 il s&rsquo;amuse \u00e0 vous faire danser jusqu\u2019au bout de la nuit sur des remix de son cr\u00fb\u2026 Il aime aussi m\u00e9langer les styles en cr\u00e9ant des mashups originaux en live !<\/p>\n<p><strong>Ecoutez<\/strong> quelques mix d\u00e9mos de ce DJ via <a href=\"https:\/\/www.mixcloud.com\/s%C3%A9bastien-pensis\/\" target=\"_blank\" rel=\"noopener noreferrer\">ce lien<\/a><\/p>\n<hr \/>\n<h5><strong>DJ Bart Barocci<br \/>\n<\/strong><\/h5>\n<p style=\"text-align: justify;\"><a href=\"https:\/\/www.starnight.be\/dj-soiree\/wp-content\/uploads\/2024\/05\/bart_barocci.jpg\"><img loading=\"lazy\" decoding=\"async\" class=\"alignleft wp-image-7468 size-thumbnail\" src=\"https:\/\/www.starnight.be\/dj-soiree\/wp-content\/uploads\/2024\/05\/bart_barocci-150x150.jpg\" alt=\"\" width=\"150\" height=\"150\" srcset=\"https:\/\/www.starnight.be\/dj-soiree\/wp-content\/uploads\/2024\/05\/bart_barocci-150x150.jpg 150w, https:\/\/www.starnight.be\/dj-soiree\/wp-content\/uploads\/2024\/05\/bart_barocci-300x300.jpg 300w, https:\/\/www.starnight.be\/dj-soiree\/wp-content\/uploads\/2024\/05\/bart_barocci-144x144.jpg 144w, https:\/\/www.starnight.be\/dj-soiree\/wp-content\/uploads\/2024\/05\/bart_barocci-50x50.jpg 50w, https:\/\/www.starnight.be\/dj-soiree\/wp-content\/uploads\/2024\/05\/bart_barocci-200x200.jpg 200w, https:\/\/www.starnight.be\/dj-soiree\/wp-content\/uploads\/2024\/05\/bart_barocci.jpg 390w\" sizes=\"auto, (max-width: 150px) 100vw, 150px\" \/><\/a>Il exerce depuis 1984 en Belgique et \u00e0 l&rsquo;\u00e9tranger, il est \u00e9galement producteur depuis 1993.<\/p>\n<p>DJ parfaitement polyvalent dans tous les styles, il s&rsquo;est surtout fait conna\u00eetre dans le milieu de la Techno (directeur du label Dark Distorted Signal), Minimal, Deep House, Ethnic House, Nu Disco, 80&rsquo;s, 90&rsquo;s, Nillis, Disco, Funk, New Wave, New Beat&#8230;<\/p>\n<p>Il est \u00e9galement pass\u00e9 dans de nombreuses adresses connues, telles que Dixie&rsquo;s, Carr\u00e9 &#8211; Larocca &#8211; Barocci &#8211; Illusion &#8211; Feestpaleis &#8211; Willy&rsquo;s Moustache &#8211;\u00a0Baya Rotterdam &#8211; Aquarium Londen &#8211; Lime Light NY &#8211; Ibiza &#8211; Antalya &#8211; Marmaris &#8211; Lara &#8211; Retro Belgium &#8211; The Villa &#8211; Popking &#8211; The Room &#8211; Retro House Invasion &#8211; Signal &#8211; Disco Dasco, &#8230;<\/p>\n<p>Pr\u00e9sentations mode shows &#8211; Kids Disco<\/p>\n<p><strong>Ecoutez<\/strong> quelques mix d\u00e9mos de ce DJ via son <a href=\"https:\/\/soundcloud.com\/dj-bart-barocci\" target=\"_blank\" rel=\"noopener\">SoundCloud<\/a> et son <a href=\"https:\/\/www.mixcloud.com\/bart-barocci\/\" target=\"_blank\" rel=\"noopener\">MixCloud<\/a><\/p>\n<hr \/>\n<h5><strong>DJ Dr. No<br \/>\n<\/strong><\/h5>\n<p style=\"text-align: justify;\"><a href=\"\/dj-soiree\/wp-content\/uploads\/2017\/01\/Dr-No.jpg\"><img loading=\"lazy\" decoding=\"async\" class=\"size-thumbnail wp-image-3104 alignleft\" src=\"\/dj-soiree\/wp-content\/uploads\/2017\/01\/Dr-No-150x150.jpg\" alt=\"\" width=\"150\" height=\"150\" srcset=\"https:\/\/www.starnight.be\/dj-soiree\/wp-content\/uploads\/2017\/01\/Dr-No-150x150.jpg 150w, https:\/\/www.starnight.be\/dj-soiree\/wp-content\/uploads\/2017\/01\/Dr-No-300x300.jpg 300w, https:\/\/www.starnight.be\/dj-soiree\/wp-content\/uploads\/2017\/01\/Dr-No-144x144.jpg 144w, https:\/\/www.starnight.be\/dj-soiree\/wp-content\/uploads\/2017\/01\/Dr-No-200x200.jpg 200w, https:\/\/www.starnight.be\/dj-soiree\/wp-content\/uploads\/2017\/01\/Dr-No.jpg 400w\" sizes=\"auto, (max-width: 150px) 100vw, 150px\" \/><\/a>Sp\u00e9cialiste de la musique d&rsquo;ambiance, il est parfaitement \u00e0 l&rsquo;aise dans les mix deep \u00e9lectro funk. Ce DJ correspond parfaitement aux soir\u00e9es lounge et ambiance d\u00e9tente. Exp\u00e9riment\u00e9 depuis 1999, il s&rsquo;adonne \u00e0 mixer pour chauffer les salles, discoth\u00e8ques, les \u00e9v\u00e8nements chics, soir\u00e9es mondaines, etc&#8230;<\/p>\n<p style=\"text-align: justify;\">Il est actuellement DJ r\u00e9sident dans un club connu de Lille (France), mais adore occuper son temps libre pour sa passion en mixant encore plus pour vos soir\u00e9es !<\/p>\n<p><span style=\"text-decoration: underline;\"><strong>Ecoutez<\/strong> quelques mix d\u00e9mos<\/span> de ce DJ via <a href=\"https:\/\/soundcloud.com\/deejay-drno\/tracks\" target=\"_blank\" rel=\"noopener noreferrer\">ce lien<\/a><\/p>\n<p>&nbsp;<\/p>\n<hr \/>\n<h4>En voir plus sur nos derniers \u00e9v\u00e9nements avec services DJ !<\/h4>\n<p>Cliquez ici =&gt; <a href=\"\/dj-soiree\/category\/service-dj\">\/dj-soiree\/category\/service-dj<\/a><\/p>\n","protected":false},"excerpt":{"rendered":"<p>Liste des DJ r\u00e9sidents de STARNIGHT SONORISATION : DJ Only Exp\u00e9riment\u00e9 depuis 1996 et fondateur <a href=\"https:\/\/www.starnight.be\/dj-soiree\/nos-services\/services-dj\/\">Read more<\/a><\/p>\n","protected":false},"author":1,"featured_media":0,"parent":1576,"menu_order":0,"comment_status":"closed","ping_status":"closed","template":"","meta":{"om_disable_all_campaigns":false,"_monsterinsights_skip_tracking":false,"_monsterinsights_sitenote_active":false,"_monsterinsights_sitenote_note":"","_monsterinsights_sitenote_category":0,"footnotes":""},"class_list":["post-3036","page","type-page","status-publish","hentry"],"aioseo_notices":[],"_links":{"self":[{"href":"https:\/\/www.starnight.be\/dj-soiree\/wp-json\/wp\/v2\/pages\/3036","targetHints":{"allow":["GET"]}}],"collection":[{"href":"https:\/\/www.starnight.be\/dj-soiree\/wp-json\/wp\/v2\/pages"}],"about":[{"href":"https:\/\/www.starnight.be\/dj-soiree\/wp-json\/wp\/v2\/types\/page"}],"author":[{"embeddable":true,"href":"https:\/\/www.starnight.be\/dj-soiree\/wp-json\/wp\/v2\/users\/1"}],"replies":[{"embeddable":true,"href":"https:\/\/www.starnight.be\/dj-soiree\/wp-json\/wp\/v2\/comments?post=3036"}],"version-history":[{"count":77,"href":"https:\/\/www.starnight.be\/dj-soiree\/wp-json\/wp\/v2\/pages\/3036\/revisions"}],"predecessor-version":[{"id":8750,"href":"https:\/\/www.starnight.be\/dj-soiree\/wp-json\/wp\/v2\/pages\/3036\/revisions\/8750"}],"up":[{"embeddable":true,"href":"https:\/\/www.starnight.be\/dj-soiree\/wp-json\/wp\/v2\/pages\/1576"}],"wp:attachment":[{"href":"https:\/\/www.starnight.be\/dj-soiree\/wp-json\/wp\/v2\/media?parent=3036"}],"curies":[{"name":"wp","href":"https:\/\/api.w.org\/{rel}","templated":true}]}}