{"id":3242,"date":"2017-02-23T16:17:35","date_gmt":"2017-02-23T15:17:35","guid":{"rendered":"http:\/\/www.starnight.be\/dj-soiree\/?page_id=3242"},"modified":"2025-05-13T12:41:02","modified_gmt":"2025-05-13T10:41:02","slug":"votre-mariage","status":"publish","type":"page","link":"https:\/\/www.starnight.be\/dj-soiree\/nos-services\/votre-mariage\/","title":{"rendered":"Votre mariage !"},"content":{"rendered":"<h1><strong>Parce que votre mariage est un des moments les plus importants de votre vie !<\/strong><\/h1>\n<p><a href=\"\/dj-soiree\/wp-content\/uploads\/2014\/09\/bouquet-mariage.png\"><img loading=\"lazy\" decoding=\"async\" class=\"wp-image-3267 size-thumbnail alignleft\" src=\"\/dj-soiree\/wp-content\/uploads\/2014\/09\/bouquet-mariage-150x150.png\" width=\"150\" height=\"150\" srcset=\"https:\/\/www.starnight.be\/dj-soiree\/wp-content\/uploads\/2014\/09\/bouquet-mariage-150x150.png 150w, https:\/\/www.starnight.be\/dj-soiree\/wp-content\/uploads\/2014\/09\/bouquet-mariage-144x144.png 144w, https:\/\/www.starnight.be\/dj-soiree\/wp-content\/uploads\/2014\/09\/bouquet-mariage-480x480.png 480w, https:\/\/www.starnight.be\/dj-soiree\/wp-content\/uploads\/2014\/09\/bouquet-mariage-200x200.png 200w\" sizes=\"auto, (max-width: 150px) 100vw, 150px\" \/><\/a>Encore plus qu&rsquo;un autre \u00e9v\u00e9nement, un mariage se pr\u00e9pare \u00e0 l&rsquo;avance pour que tout soit parfait ! Nous vous proposons de nous rencontrer afin de discuter de vos d\u00e9sid\u00e9ratas et d&rsquo;en v\u00e9rifier leurs faisabilit\u00e9s.<\/p>\n<p><span style=\"text-decoration: underline;\"><strong>Ensemble<\/strong><\/span>, nous \u00e9tudierons votre planning, votre s\u00e9lection musicale, votre choix mat\u00e9riel, votre budget, etc&#8230;<\/p>\n<p><span style=\"text-decoration: underline;\"><strong>Le DJ de mariage<\/strong><\/span> a un r\u00f4le important, car il doit assurer la soir\u00e9e dansante, mais il doit \u00e9galement \u00eatre complice de la coordination entre les autres parties li\u00e9es \u00e0 ses services (traiteur, c\u00e9r\u00e9monie la\u00efque, discours, projections vid\u00e9o, jeux, etc&#8230;).<\/p>\n<p>=&gt; Nous vous invitons \u00e9galement \u00e0 partager nos coordonn\u00e9es avec vos t\u00e9moins s&rsquo;ils souhaitent s&rsquo;organiser avec nous pour l&rsquo;une ou l&rsquo;autre surprise.<\/p>\n<hr \/>\n<h2><strong>Le jour J !<\/strong><\/h2>\n<h4 style=\"text-align: center;\">Nous sommes complices de A \u00e0 Z pour garantir l&rsquo;ambiance de votre mariage !<\/h4>\n<p>&nbsp;<\/p>\n<p><span style=\"text-decoration: underline;\">G\u00e9n\u00e9ralement, voici comment se passe un mariage<\/span> :<\/p>\n<ul>\n<li><strong><u>L&rsquo;accueil de vos invit\u00e9s<\/u><\/strong> : que vous arriviez apr\u00e8s vos invit\u00e9s ou non, nous serons pr\u00eat car nous installons compl\u00e8tement le mat\u00e9riel\u00a0 avant les premiers arriv\u00e9s : nous accueillons alors tout le monde avec de la musique d&rsquo;ambiance. Si cela se fait dans le jardin ou une autre salle, nous y installerons le mat\u00e9riel n\u00e9cessaire pour couvrir cette partie.<\/li>\n<\/ul>\n<ul>\n<li><strong><u>La c\u00e9r\u00e9monie la\u00efque<\/u><\/strong> : de plus en plus courante, la c\u00e9r\u00e9monie la\u00efque demande un minimum d&rsquo;organisation. Nous nous occuperons de sonoriser les lieux et lancerons les musiques demand\u00e9es (et pr\u00e9par\u00e9es \u00e0 l&rsquo;avance) au bon moment pendant toute la c\u00e9r\u00e9monie.<\/li>\n<\/ul>\n<ul>\n<li><strong><u>Traiteur et DJ<\/u><\/strong> : Pendant l&rsquo;\u00e9v\u00e9nement, le DJ prendra contact avec le traiteur afin de conna\u00eetre son planning pour intercaller au mieux les discours, jeux, etc&#8230; et assurer les \u00e9ventuelles demandes de derni\u00e8re minute.<\/li>\n<\/ul>\n<ul>\n<li><strong><u>Votre arriv\u00e9e en salle<\/u><\/strong> : si vous le souhaitez, nous nous occuperons d&rsquo;installer vos invit\u00e9s afin que ceux-ci vous accueillent par la suite lors de votre rentr\u00e9e en salle, sous la musique de votre choix, dans une ambiance folle ou plus c\u00e9r\u00e9moniale, selon vos envies.<\/li>\n<\/ul>\n<ul>\n<li><strong><u>Le repas<\/u><\/strong> : des chansons adapt\u00e9es seront diffus\u00e9es pour que ce moment reste agr\u00e9able pour tous ! <em>Nous profitons de ce moment pour distribuer \u00e0 chaque personne une vignette comprenant notre site et le mot de passe \u00e0 placer pour que chacun puisse t\u00e9l\u00e9charger nos photos.<\/em><\/li>\n<\/ul>\n<ul>\n<li><strong><u>Discours et jeux<\/u><\/strong> : comme mentionn\u00e9 plus haut, nous nous organisons avec le traiteur afin d&rsquo;intercaler au mieux les discours ou jeux organis\u00e9s. De m\u00eame pour la jarreti\u00e8re, danse de la robe ou autres&#8230;<\/li>\n<\/ul>\n<ul>\n<li><strong><u>Les invit\u00e9s du soir<\/u><\/strong> : si c&rsquo;est le cas, nous adaptons notre s\u00e9lection musicale pour que l&rsquo;ambiance cocktail monte au fur et \u00e0 mesure que nous nous rapprochons de l&rsquo;ouverture de bal. S&rsquo;il n&rsquo;est pas pr\u00e9vu plus d&rsquo;invit\u00e9s au soir, nous adaptons nos musiques vers la fin du repas principal.<\/li>\n<\/ul>\n<ul>\n<li><strong><u>Le dessert ou la pi\u00e8ce mont\u00e9e<\/u><\/strong> : que cela se fasse avant ou pendant la soir\u00e9e dansante, nous collaborons avec votre traiteur pour cr\u00e9er l&rsquo;\u00e9v\u00e9nement au bon moment en lan\u00e7ant la musique de votre choix ainsi que l&rsquo;\u00e9clairage si souhait\u00e9.<\/li>\n<\/ul>\n<ul>\n<li><strong><u>L&rsquo;ouverture de bal<\/u><\/strong> : nous vous aidons \u00e0 bien d\u00e9marrer la soir\u00e9e dansante avec la musique de votre choix, dans une ambiance lumineuse adapt\u00e9e, tout en vous annon\u00e7ant \u00e0 vos convives que nous inviterons \u00e0 vous applaudir.<\/li>\n<\/ul>\n<ul>\n<li><strong><u>La soir\u00e9e dansante<\/u><\/strong> : ce n&rsquo;est pas le DJ la star de la soir\u00e9e, mais <span style=\"text-decoration: underline;\">VOUS<\/span> ! Nous nous adaptons en fonction de vos d\u00e9sid\u00e9ratas exprim\u00e9s lors de notre\/nos rendez-vous, mais \u00e9galement en fonction de vos invit\u00e9s. Nous restons toujours \u00e0 l&rsquo;\u00e9coute de leurs demandes s&rsquo;ils souhaitent entendre l&rsquo;une ou l&rsquo;autre chanson, dans les limites du possible bien \u00e9videmment.<\/li>\n<\/ul>\n<hr \/>\n<p><strong><a href=\"\/dj-soiree\/wp-content\/uploads\/2017\/02\/D\u00e9lirePack-customis\u00e9-pour-un-petit-mariage-plus-petit-et-adapt\u00e9-\u00e0-la-salle-et-l\u00e9v\u00e9nement-avec-4-Lyres-4-spots-PAR-1-spot-UV-1-Stroboscope-et-1-laser-du-LaserPack.jpg\"><img loading=\"lazy\" decoding=\"async\" class=\"wp-image-3218 size-thumbnail alignleft\" src=\"\/dj-soiree\/wp-content\/uploads\/2017\/02\/D\u00e9lirePack-customis\u00e9-pour-un-petit-mariage-plus-petit-et-adapt\u00e9-\u00e0-la-salle-et-l\u00e9v\u00e9nement-avec-4-Lyres-4-spots-PAR-1-spot-UV-1-Stroboscope-et-1-laser-du-LaserPack-150x150.jpg\" width=\"150\" height=\"150\" srcset=\"https:\/\/www.starnight.be\/dj-soiree\/wp-content\/uploads\/2017\/02\/D\u00e9lirePack-customis\u00e9-pour-un-petit-mariage-plus-petit-et-adapt\u00e9-\u00e0-la-salle-et-l\u00e9v\u00e9nement-avec-4-Lyres-4-spots-PAR-1-spot-UV-1-Stroboscope-et-1-laser-du-LaserPack-150x150.jpg 150w, https:\/\/www.starnight.be\/dj-soiree\/wp-content\/uploads\/2017\/02\/D\u00e9lirePack-customis\u00e9-pour-un-petit-mariage-plus-petit-et-adapt\u00e9-\u00e0-la-salle-et-l\u00e9v\u00e9nement-avec-4-Lyres-4-spots-PAR-1-spot-UV-1-Stroboscope-et-1-laser-du-LaserPack-144x144.jpg 144w, https:\/\/www.starnight.be\/dj-soiree\/wp-content\/uploads\/2017\/02\/D\u00e9lirePack-customis\u00e9-pour-un-petit-mariage-plus-petit-et-adapt\u00e9-\u00e0-la-salle-et-l\u00e9v\u00e9nement-avec-4-Lyres-4-spots-PAR-1-spot-UV-1-Stroboscope-et-1-laser-du-LaserPack-480x480.jpg 480w, https:\/\/www.starnight.be\/dj-soiree\/wp-content\/uploads\/2017\/02\/D\u00e9lirePack-customis\u00e9-pour-un-petit-mariage-plus-petit-et-adapt\u00e9-\u00e0-la-salle-et-l\u00e9v\u00e9nement-avec-4-Lyres-4-spots-PAR-1-spot-UV-1-Stroboscope-et-1-laser-du-LaserPack-200x200.jpg 200w\" sizes=\"auto, (max-width: 150px) 100vw, 150px\" \/><\/a>Point de vue mat\u00e9riel<\/strong>, le <a href=\"\/dj-soiree\/materiel\/materiel-totem-pack\/\"><strong>TotemPack<\/strong><\/a> accompagn\u00e9 du <a href=\"\/dj-soiree\/materiel\/materiel-deco-pack\/\"><strong>D\u00e9coPack<\/strong><\/a> sont les packs les plus utilis\u00e9s pour les mariages.<\/p>\n<p>Les futurs mari\u00e9s qui souhaitent encore plus de mat\u00e9riel pour une super ambiance sur la piste de danse profitent du prestige du <a href=\"\/dj-soiree\/materiel\/materiel-glamour-pack-plus\/\"><strong>GlamourPack<\/strong><\/a> que nous adapterons en fonction de la salle.<\/p>\n<p>Dans les deux cas, nous vous fournirons un devis pr\u00e9cis.<\/p>\n<h4><span class=\"with-icon\" style=\"background-image:url(https:\/\/www.starnight.be\/dj-soiree\/wp-content\/themes\/metro\/img\/icons\/0255.png)\"><\/span>Notre sonorisation utilise du <strong>mat\u00e9riel son et lumi\u00e8re professionnel de qualit\u00e9.<\/strong><\/h4>\n<hr \/>\n<h4>En voir plus sur nos derniers services DJ pour mariages!<\/h4>\n<p>Cliquez ici =&gt; <a href=\"\/dj-soiree\/category\/soiree-de-mariage\">\/dj-soiree\/category\/soiree-de-mariage<\/a><\/p>\n<hr \/>\n<h3 style=\"text-align: center;\"><span style=\"text-decoration: underline;\"><strong>Des questions ?<\/strong><\/span><\/h3>\n<p style=\"text-align: center;\">Contactez-nous et nous vous aiderons avec plaisir !<\/p>\n<p style=\"text-align: center;\"><a class=\"button single-color text-bright size-small\" href=\"contact-dj\" id=\"sc_button_1\">Cliquez ici !<\/a><style>#sc_button_1{color:#ffffff !important}<\/style><\/p>\n<hr \/>\n<p style=\"text-align: center;\"><style type=\"text\/css\" scoped>.rbs_gallery_69e00739c79f1Spinner{\r\n\t\t\t\tmargin: 50px auto;\r\n\t\t\t\twidth: 50px;\r\n\t\t\t\theight: 40px;\r\n\t\t\t\ttext-align: center;\r\n\t\t\t\tfont-size: 10px;\r\n\t\t\t}\r\n\t\t\t.rbs_gallery_69e00739c79f1Spinner > div{\r\n\t\t\t  background-color: #333;\r\n\t\t\t  height: 100%;\r\n\t\t\t  width: 6px;\r\n\t\t\t  display: inline-block;\r\n\t\t\t  -webkit-animation: rbs_gallery_69e00739c79f1-stretchdelay 1.2s infinite ease-in-out;\r\n\t\t\t  animation: rbs_gallery_69e00739c79f1-stretchdelay 1.2s infinite ease-in-out;\r\n\t\t\t}\r\n\t\t\t.rbs_gallery_69e00739c79f1Spinner .rbs_gallery_69e00739c79f1Rect2 {\r\n\t\t\t  -webkit-animation-delay: -1.1s;\r\n\t\t\t  animation-delay: -1.1s;\r\n\t\t\t}\r\n\t\t\t.rbs_gallery_69e00739c79f1Spinner .rbs_gallery_69e00739c79f1Rect3 {\r\n\t\t\t  -webkit-animation-delay: -1.0s;\r\n\t\t\t  animation-delay: -1.0s;\r\n\t\t\t}\r\n\t\t\t.rbs_gallery_69e00739c79f1Spinner .rbs_gallery_69e00739c79f1Rect4 {\r\n\t\t\t  -webkit-animation-delay: -0.9s;\r\n\t\t\t  animation-delay: -0.9s;\r\n\t\t\t}\r\n\t\t\t.rbs_gallery_69e00739c79f1Spinner .rbs_gallery_69e00739c79f1Rect5 {\r\n\t\t\t  -webkit-animation-delay: -0.8s;\r\n\t\t\t  animation-delay: -0.8s;\r\n\t\t\t}\r\n\t\t\t@-webkit-keyframes rbs_gallery_69e00739c79f1-stretchdelay {\r\n\t\t\t  0%, 40%, 100% { -webkit-transform: scaleY(0.4) }  \r\n\t\t\t  20% { -webkit-transform: scaleY(1.0) }\r\n\t\t\t}\r\n\t\t\t@keyframes rbs_gallery_69e00739c79f1-stretchdelay {\r\n\t\t\t  0%, 40%, 100% { \r\n\t\t\t    transform: scaleY(0.4);\r\n\t\t\t    -webkit-transform: scaleY(0.4);\r\n\t\t\t  }  20% { \r\n\t\t\t    transform: scaleY(1.0);\r\n\t\t\t    -webkit-transform: scaleY(1.0);\r\n\t\t\t  }\r\n\t\t\t}\r\n\t\t<\/style><div class=\"robo-gallery-wrap robo-gallery-wrap-id3321 robo-gallery-\" ><div id=\"rbs_gallery_69e00739c79f1-block-loader\" class=\"rbs_gallery_69e00739c79f1Spinner\"><div class=\"rbs_gallery_69e00739c79f1Rect1\"><\/div> <div class=\"rbs_gallery_69e00739c79f1Rect2\"><\/div> <div class=\"rbs_gallery_69e00739c79f1Rect3\"><\/div> <div class=\"rbs_gallery_69e00739c79f1Rect4\"><\/div> <div class=\"rbs_gallery_69e00739c79f1Rect5\"><\/div><\/div><div class=\"rbs_gallery_button  rbs_gallery_align_left\" id=\"rbs_gallery_69e00739c79f1filter\" style=\" display: none;\" ><\/div><div id=\"robo_gallery_main_block_rbs_gallery_69e00739c79f1\" class=\"robogallery-gallery-3321\" style=\"width:100%;margin:0 auto;  display: none;\"><div id=\"rbs_gallery_69e00739c79f1\" data-options=\"rbs_gallery_69e00739c79f1\" style=\"width:100%;\" class=\"robo_gallery  \"><div class=\"rbs-img  category3321 \" ><div class=\"rbs-img-image   rbs-lightbox \"  data-descbox=\"Demi-TotemPack pour la piste de danse\" ><div class=\"rbs-img-thumbs\"  data-thumbnail=\"https:\/\/www.starnight.be\/dj-soiree\/wp-content\/uploads\/2024\/09\/STARNIGHT-Altitude48-0005-300x200.jpg\"  title=\"Demi-TotemPack pour la piste de danse\"  data-width=\"300\"  data-height=\"200\" ><\/div><div class=\"rbs-img-data-popup\"  data-popup=\"https:\/\/www.starnight.be\/dj-soiree\/wp-content\/uploads\/2024\/09\/STARNIGHT-Altitude48-0005.jpg\"  title=\"Demi-TotemPack pour la piste de danse\" ><\/div><div class=\"thumbnail-overlay\"><div class=\"rbsTitle \">Demi-TotemPack pour la piste de danse<\/div><div class=\"rbsIcons\"><i class=\"fa fa-search-plus rbsZoomIcon \" ><\/i><\/div><\/div><\/div><\/div><div class=\"rbs-img  category3321 \" ><div class=\"rbs-img-image   rbs-lightbox \"  data-descbox=\"C\u00e9r\u00e9monie la\u00efque\" ><div class=\"rbs-img-thumbs\"  data-thumbnail=\"https:\/\/www.starnight.be\/dj-soiree\/wp-content\/uploads\/2023\/09\/Chateau-Le-Saulchoir_0002-300x169.jpg\"  title=\"C\u00e9r\u00e9monie la\u00efque\"  data-width=\"300\"  data-height=\"169\" ><\/div><div class=\"rbs-img-data-popup\"  data-popup=\"https:\/\/www.starnight.be\/dj-soiree\/wp-content\/uploads\/2023\/09\/Chateau-Le-Saulchoir_0002.jpg\"  title=\"C\u00e9r\u00e9monie la\u00efque\" ><\/div><div class=\"thumbnail-overlay\"><div class=\"rbsTitle \">C\u00e9r\u00e9monie la\u00efque<\/div><div class=\"rbsIcons\"><i class=\"fa fa-search-plus rbsZoomIcon \" ><\/i><\/div><\/div><\/div><\/div><div class=\"rbs-img  category3321 \" ><div class=\"rbs-img-image   rbs-lightbox \"  data-descbox=\"GlamourPack Plus + D\u00e9coPack\" ><div class=\"rbs-img-thumbs\"  data-thumbnail=\"https:\/\/www.starnight.be\/dj-soiree\/wp-content\/uploads\/2017\/02\/D\u00e9lirePack-r\u00e9duit-1-300x201.jpg\"  title=\"GlamourPack Plus + D\u00e9coPack\"  data-width=\"300\"  data-height=\"201\" ><\/div><div class=\"rbs-img-data-popup\"  data-popup=\"https:\/\/www.starnight.be\/dj-soiree\/wp-content\/uploads\/2017\/02\/D\u00e9lirePack-r\u00e9duit-1.jpg\"  title=\"GlamourPack Plus + D\u00e9coPack\" ><\/div><div class=\"thumbnail-overlay\"><div class=\"rbsTitle \">GlamourPack Plus + D\u00e9coPack<\/div><div class=\"rbsIcons\"><i class=\"fa fa-search-plus rbsZoomIcon \" ><\/i><\/div><\/div><\/div><\/div><div class=\"rbs-img  category3321 \" ><div class=\"rbs-img-image   rbs-lightbox \"  data-descbox=\"Ouverture de bal avec machine \u00e0 fum\u00e9e lourde\" ><div class=\"rbs-img-thumbs\"  data-thumbnail=\"https:\/\/www.starnight.be\/dj-soiree\/wp-content\/uploads\/2024\/09\/STARNIGHT-Altitude48-0002-300x200.jpg\"  title=\"Ouverture de bal avec machine \u00e0 fum\u00e9e lourde\"  data-width=\"300\"  data-height=\"200\" ><\/div><div class=\"rbs-img-data-popup\"  data-popup=\"https:\/\/www.starnight.be\/dj-soiree\/wp-content\/uploads\/2024\/09\/STARNIGHT-Altitude48-0002.jpg\"  title=\"Ouverture de bal avec machine \u00e0 fum\u00e9e lourde\" ><\/div><div class=\"thumbnail-overlay\"><div class=\"rbsTitle \">Ouverture de bal avec machine \u00e0 fum\u00e9e lourde<\/div><div class=\"rbsIcons\"><i class=\"fa fa-search-plus rbsZoomIcon \" ><\/i><\/div><\/div><\/div><\/div><div class=\"rbs-img  category3321 \" ><div class=\"rbs-img-image   rbs-lightbox \"  data-descbox=\"C\u00e9r\u00e9monie la\u00efque\" ><div class=\"rbs-img-thumbs\"  data-thumbnail=\"https:\/\/www.starnight.be\/dj-soiree\/wp-content\/uploads\/2024\/05\/Le-Manoir-du-Capitaine-STARNIGHT_0004-300x225.jpg\"  title=\"C\u00e9r\u00e9monie la\u00efque\"  data-width=\"300\"  data-height=\"225\" ><\/div><div class=\"rbs-img-data-popup\"  data-popup=\"https:\/\/www.starnight.be\/dj-soiree\/wp-content\/uploads\/2024\/05\/Le-Manoir-du-Capitaine-STARNIGHT_0004.jpg\"  title=\"C\u00e9r\u00e9monie la\u00efque\" ><\/div><div class=\"thumbnail-overlay\"><div class=\"rbsTitle \">C\u00e9r\u00e9monie la\u00efque<\/div><div class=\"rbsIcons\"><i class=\"fa fa-search-plus rbsZoomIcon \" ><\/i><\/div><\/div><\/div><\/div><div class=\"rbs-img  category3321 \" ><div class=\"rbs-img-image   rbs-lightbox \"  data-descbox=\"GlamourPack Plus_Mariage\" ><div class=\"rbs-img-thumbs\"  data-thumbnail=\"https:\/\/www.starnight.be\/dj-soiree\/wp-content\/uploads\/2017\/10\/GlamourPack-Plus_Mariage-300x200.jpg\"  title=\"GlamourPack Plus_Mariage\"  data-width=\"300\"  data-height=\"200\" ><\/div><div class=\"rbs-img-data-popup\"  data-popup=\"https:\/\/www.starnight.be\/dj-soiree\/wp-content\/uploads\/2017\/10\/GlamourPack-Plus_Mariage.jpg\"  title=\"GlamourPack Plus_Mariage\" ><\/div><div class=\"thumbnail-overlay\"><div class=\"rbsTitle \">GlamourPack Plus_Mariage<\/div><div class=\"rbsIcons\"><i class=\"fa fa-search-plus rbsZoomIcon \" ><\/i><\/div><\/div><\/div><\/div><div class=\"rbs-img  category3321 \" ><div class=\"rbs-img-image   rbs-lightbox \"  data-descbox=\"Ouverture de bal avec DeliriumPack\" ><div class=\"rbs-img-thumbs\"  data-thumbnail=\"https:\/\/www.starnight.be\/dj-soiree\/wp-content\/uploads\/2024\/06\/STARNIGHT_0006-300x200.jpg\"  title=\"Ouverture de bal avec DeliriumPack\"  data-width=\"300\"  data-height=\"200\" ><\/div><div class=\"rbs-img-data-popup\"  data-popup=\"https:\/\/www.starnight.be\/dj-soiree\/wp-content\/uploads\/2024\/06\/STARNIGHT_0006.jpg\"  title=\"Ouverture de bal avec DeliriumPack\" ><\/div><div class=\"thumbnail-overlay\"><div class=\"rbsTitle \">Ouverture de bal avec DeliriumPack<\/div><div class=\"rbsIcons\"><i class=\"fa fa-search-plus rbsZoomIcon \" ><\/i><\/div><\/div><\/div><\/div><div class=\"rbs-img  category3321 \" ><div class=\"rbs-img-image   rbs-lightbox \"  data-descbox=\"STARNIGHT_Hof ter Musschen_0004\" ><div class=\"rbs-img-thumbs\"  data-thumbnail=\"https:\/\/www.starnight.be\/dj-soiree\/wp-content\/uploads\/2024\/08\/STARNIGHT_Hof-ter-Musschen_0004-300x200.jpg\"  title=\"STARNIGHT_Hof ter Musschen_0004\"  data-width=\"300\"  data-height=\"200\" ><\/div><div class=\"rbs-img-data-popup\"  data-popup=\"https:\/\/www.starnight.be\/dj-soiree\/wp-content\/uploads\/2024\/08\/STARNIGHT_Hof-ter-Musschen_0004.jpg\"  title=\"STARNIGHT_Hof ter Musschen_0004\" ><\/div><div class=\"thumbnail-overlay\"><div class=\"rbsTitle \">STARNIGHT_Hof ter Musschen_0004<\/div><div class=\"rbsIcons\"><i class=\"fa fa-search-plus rbsZoomIcon \" ><\/i><\/div><\/div><\/div><\/div><div class=\"rbs-img  category3321 \" ><div class=\"rbs-img-image   rbs-lightbox \"  data-descbox=\"C\u00e9r\u00e9monie la\u00efque\" ><div class=\"rbs-img-thumbs\"  data-thumbnail=\"https:\/\/www.starnight.be\/dj-soiree\/wp-content\/uploads\/2023\/11\/STARNIGHT_Ferme-de-Mont-Saint-Jean_0003-300x200.jpg\"  title=\"C\u00e9r\u00e9monie la\u00efque\"  data-width=\"300\"  data-height=\"200\" ><\/div><div class=\"rbs-img-data-popup\"  data-popup=\"https:\/\/www.starnight.be\/dj-soiree\/wp-content\/uploads\/2023\/11\/STARNIGHT_Ferme-de-Mont-Saint-Jean_0003.jpg\"  title=\"C\u00e9r\u00e9monie la\u00efque\" ><\/div><div class=\"thumbnail-overlay\"><div class=\"rbsTitle \">C\u00e9r\u00e9monie la\u00efque<\/div><div class=\"rbsIcons\"><i class=\"fa fa-search-plus rbsZoomIcon \" ><\/i><\/div><\/div><\/div><\/div><div class=\"rbs-img  category3321 \" ><div class=\"rbs-img-image   rbs-lightbox \"  data-descbox=\"C\u00e9r\u00e9monie la\u00efque\" ><div class=\"rbs-img-thumbs\"  data-thumbnail=\"https:\/\/www.starnight.be\/dj-soiree\/wp-content\/uploads\/2023\/09\/Chateau-Le-Saulchoir_0001-300x225.jpg\"  title=\"C\u00e9r\u00e9monie la\u00efque\"  data-width=\"300\"  data-height=\"225\" ><\/div><div class=\"rbs-img-data-popup\"  data-popup=\"https:\/\/www.starnight.be\/dj-soiree\/wp-content\/uploads\/2023\/09\/Chateau-Le-Saulchoir_0001.jpg\"  title=\"C\u00e9r\u00e9monie la\u00efque\" ><\/div><div class=\"thumbnail-overlay\"><div class=\"rbsTitle \">C\u00e9r\u00e9monie la\u00efque<\/div><div class=\"rbsIcons\"><i class=\"fa fa-search-plus rbsZoomIcon \" ><\/i><\/div><\/div><\/div><\/div><\/div><\/div><\/div><script>var rbs_gallery_69e00739c79f1 = {\"version\":\"5.1.2\",\"id\":3321,\"class\":\"id3321\",\"roboGalleryDelay\":1000,\"mainContainer\":\"#robo_gallery_main_block_rbs_gallery_69e00739c79f1\",\"loadingContainer\":\"#rbs_gallery_69e00739c79f1-block-loader\",\"loadingContainerObj\":\"rbs_gallery_69e00739c79f1-block-loader\",\"columnWidth\":\"auto\",\"columns\":3,\"resolutions\":[{\"columnWidth\":\"auto\",\"columns\":3,\"maxWidth\":960},{\"columnWidth\":\"auto\",\"columns\":2,\"maxWidth\":650},{\"columnWidth\":\"auto\",\"columns\":1,\"maxWidth\":450}],\"descBox\":true,\"descBoxClass\":\"rbs_desc_panel_light\",\"hideTitle\":true,\"lightboxOptions\":{\"gallery\":{\"enabled\":true,\"tCounter\":\"%curr% \\\/ %total%\"}},\"facebook\":true,\"twitter\":true,\"pinterest\":true,\"overlayEffect\":\"direction-aware-fade\",\"boxesToLoadStart\":50,\"boxesToLoad\":50,\"waitUntilThumbLoads\":1,\"waitForAllThumbsNoMatterWhat\":1,\"LoadingWord\":\"Chargement des images en cours ...\",\"loadMoreWord\":\"Encore plus d'images ici ...\",\"noMoreEntriesWord\":\"No More Entries\",\"horizontalSpaceBetweenBoxes\":15,\"verticalSpaceBetweenBoxes\":15,\"lazyLoad\":1,\"wrapContainer\":\"#robo-gallery-wrap-rbs_gallery_69e00739c79f1\",\"filterContainer\":\"#rbs_gallery_69e00739c79f1filter\",\"loadMoreClass\":\"button-border-caution \"};<\/script><\/p>\n","protected":false},"excerpt":{"rendered":"<p>Parce que votre mariage est un des moments les plus importants de votre vie ! <a href=\"https:\/\/www.starnight.be\/dj-soiree\/nos-services\/votre-mariage\/\">Read more<\/a><\/p>\n","protected":false},"author":1,"featured_media":0,"parent":1576,"menu_order":0,"comment_status":"closed","ping_status":"closed","template":"","meta":{"om_disable_all_campaigns":false,"_monsterinsights_skip_tracking":false,"_monsterinsights_sitenote_active":false,"_monsterinsights_sitenote_note":"","_monsterinsights_sitenote_category":0,"footnotes":""},"class_list":["post-3242","page","type-page","status-publish","hentry"],"aioseo_notices":[],"_links":{"self":[{"href":"https:\/\/www.starnight.be\/dj-soiree\/wp-json\/wp\/v2\/pages\/3242","targetHints":{"allow":["GET"]}}],"collection":[{"href":"https:\/\/www.starnight.be\/dj-soiree\/wp-json\/wp\/v2\/pages"}],"about":[{"href":"https:\/\/www.starnight.be\/dj-soiree\/wp-json\/wp\/v2\/types\/page"}],"author":[{"embeddable":true,"href":"https:\/\/www.starnight.be\/dj-soiree\/wp-json\/wp\/v2\/users\/1"}],"replies":[{"embeddable":true,"href":"https:\/\/www.starnight.be\/dj-soiree\/wp-json\/wp\/v2\/comments?post=3242"}],"version-history":[{"count":72,"href":"https:\/\/www.starnight.be\/dj-soiree\/wp-json\/wp\/v2\/pages\/3242\/revisions"}],"predecessor-version":[{"id":6451,"href":"https:\/\/www.starnight.be\/dj-soiree\/wp-json\/wp\/v2\/pages\/3242\/revisions\/6451"}],"up":[{"embeddable":true,"href":"https:\/\/www.starnight.be\/dj-soiree\/wp-json\/wp\/v2\/pages\/1576"}],"wp:attachment":[{"href":"https:\/\/www.starnight.be\/dj-soiree\/wp-json\/wp\/v2\/media?parent=3242"}],"curies":[{"name":"wp","href":"https:\/\/api.w.org\/{rel}","templated":true}]}}