{"id":3781,"date":"2018-03-30T08:29:59","date_gmt":"2018-03-30T07:29:59","guid":{"rendered":"http:\/\/www.starnight.be\/dj-soiree\/?page_id=3781"},"modified":"2025-05-13T12:30:11","modified_gmt":"2025-05-13T10:30:11","slug":"materiel-pack-uv","status":"publish","type":"page","link":"https:\/\/www.starnight.be\/dj-soiree\/materiel\/materiel-pack-uv\/","title":{"rendered":"Mat\u00e9riel &#8211; Pack UV"},"content":{"rendered":"<h4>Le <strong>Pack<\/strong> UV : l&rsquo;effet TOP pour les soir\u00e9es Fluos ou Blanches !<\/h4>\n<p>Ce jeu de lumi\u00e8re consiste \u00e0 projeter de la lumi\u00e8re \u00ab\u00a0noire\u00a0\u00bb, commun\u00e9ment appel\u00e9e UV.<span style=\"text-decoration: underline;\"><br \/>\n<\/span><\/p>\n<p>Anciennement cr\u00e9\u00e9e avec des n\u00e9ons, cette lumi\u00e8re est actuellement diffus\u00e9es gr\u00e2ce \u00e0 nos projecteurs LED puissants : 56W par spot !<\/p>\n<p>Cette lumi\u00e8re fait ressortir tous les v\u00eatements blancs ou fluos : elle est id\u00e9ale pour vos soir\u00e9es \u00e0 th\u00e8me !<\/p>\n<p><span style=\"color: #808080;\"><em>&gt;&gt; Tarif \u00e0 partir de 10\u20ac\/pi\u00e8ce<\/em><\/span><\/p>\n<hr \/>\n<h4><strong><span style=\"text-decoration: underline;\">Voici quelques exemples de r\u00e9alisations :<\/span><\/strong><\/h4>\n<p style=\"text-align: center;\"><style type=\"text\/css\" scoped>.rbs_gallery_69dff90783aaeSpinner{\r\n\t\t\t\tmargin: 50px auto;\r\n\t\t\t\twidth: 50px;\r\n\t\t\t\theight: 40px;\r\n\t\t\t\ttext-align: center;\r\n\t\t\t\tfont-size: 10px;\r\n\t\t\t}\r\n\t\t\t.rbs_gallery_69dff90783aaeSpinner > div{\r\n\t\t\t  background-color: #333;\r\n\t\t\t  height: 100%;\r\n\t\t\t  width: 6px;\r\n\t\t\t  display: inline-block;\r\n\t\t\t  -webkit-animation: rbs_gallery_69dff90783aae-stretchdelay 1.2s infinite ease-in-out;\r\n\t\t\t  animation: rbs_gallery_69dff90783aae-stretchdelay 1.2s infinite ease-in-out;\r\n\t\t\t}\r\n\t\t\t.rbs_gallery_69dff90783aaeSpinner .rbs_gallery_69dff90783aaeRect2 {\r\n\t\t\t  -webkit-animation-delay: -1.1s;\r\n\t\t\t  animation-delay: -1.1s;\r\n\t\t\t}\r\n\t\t\t.rbs_gallery_69dff90783aaeSpinner .rbs_gallery_69dff90783aaeRect3 {\r\n\t\t\t  -webkit-animation-delay: -1.0s;\r\n\t\t\t  animation-delay: -1.0s;\r\n\t\t\t}\r\n\t\t\t.rbs_gallery_69dff90783aaeSpinner .rbs_gallery_69dff90783aaeRect4 {\r\n\t\t\t  -webkit-animation-delay: -0.9s;\r\n\t\t\t  animation-delay: -0.9s;\r\n\t\t\t}\r\n\t\t\t.rbs_gallery_69dff90783aaeSpinner .rbs_gallery_69dff90783aaeRect5 {\r\n\t\t\t  -webkit-animation-delay: -0.8s;\r\n\t\t\t  animation-delay: -0.8s;\r\n\t\t\t}\r\n\t\t\t@-webkit-keyframes rbs_gallery_69dff90783aae-stretchdelay {\r\n\t\t\t  0%, 40%, 100% { -webkit-transform: scaleY(0.4) }  \r\n\t\t\t  20% { -webkit-transform: scaleY(1.0) }\r\n\t\t\t}\r\n\t\t\t@keyframes rbs_gallery_69dff90783aae-stretchdelay {\r\n\t\t\t  0%, 40%, 100% { \r\n\t\t\t    transform: scaleY(0.4);\r\n\t\t\t    -webkit-transform: scaleY(0.4);\r\n\t\t\t  }  20% { \r\n\t\t\t    transform: scaleY(1.0);\r\n\t\t\t    -webkit-transform: scaleY(1.0);\r\n\t\t\t  }\r\n\t\t\t}\r\n\t\t<\/style><div class=\"robo-gallery-wrap robo-gallery-wrap-id3784 robo-gallery-\" ><div id=\"rbs_gallery_69dff90783aae-block-loader\" class=\"rbs_gallery_69dff90783aaeSpinner\"><div class=\"rbs_gallery_69dff90783aaeRect1\"><\/div> <div class=\"rbs_gallery_69dff90783aaeRect2\"><\/div> <div class=\"rbs_gallery_69dff90783aaeRect3\"><\/div> <div class=\"rbs_gallery_69dff90783aaeRect4\"><\/div> <div class=\"rbs_gallery_69dff90783aaeRect5\"><\/div><\/div><div class=\"rbs_gallery_button  rbs_gallery_align_left\" id=\"rbs_gallery_69dff90783aaefilter\" style=\" display: none;\" ><\/div><div id=\"robo_gallery_main_block_rbs_gallery_69dff90783aae\" class=\"robogallery-gallery-3784\" style=\"width:100%;margin:0 auto;  display: none;\"><div id=\"rbs_gallery_69dff90783aae\" data-options=\"rbs_gallery_69dff90783aae\" style=\"width:100%;\" class=\"robo_gallery  \"><div class=\"rbs-img  category3784 \" ><div class=\"rbs-img-image   rbs-lightbox \"  data-descbox=\"D\u00e9lirePack avec 2 lasers du LaserPack\" ><div class=\"rbs-img-thumbs\"  data-thumbnail=\"https:\/\/www.starnight.be\/dj-soiree\/wp-content\/uploads\/2017\/01\/D\u00e9lirePack_et_LaserPack-300x200.jpg\"  title=\"D\u00e9lirePack avec 2 lasers du LaserPack\"  data-width=\"300\"  data-height=\"200\" ><\/div><div class=\"rbs-img-data-popup\"  data-popup=\"https:\/\/www.starnight.be\/dj-soiree\/wp-content\/uploads\/2017\/01\/D\u00e9lirePack_et_LaserPack.jpg\"  title=\"D\u00e9lirePack avec 2 lasers du LaserPack\" ><\/div><div class=\"thumbnail-overlay\"><div class=\"rbsTitle \">D\u00e9lirePack avec 2 lasers du LaserPack<\/div><div class=\"rbsIcons\"><i class=\"fa fa-search-plus rbsZoomIcon \" ><\/i><\/div><\/div><\/div><\/div><div class=\"rbs-img  category3784 \" ><div class=\"rbs-img-image   rbs-lightbox \"  data-descbox=\"FiestaPack avec remplacement des 2 scanners &quot;Rover&quot; par Pack UV et rajout Pack Puissance\" ><div class=\"rbs-img-thumbs\"  data-thumbnail=\"https:\/\/www.starnight.be\/dj-soiree\/wp-content\/uploads\/2017\/01\/Fiesta-Pack-300x199.png\"  title=\"FiestaPack avec remplacement des 2 scanners &quot;Rover&quot; par Pack UV et rajout Pack Puissance\"  data-width=\"300\"  data-height=\"199\" ><\/div><div class=\"rbs-img-data-popup\"  data-popup=\"https:\/\/www.starnight.be\/dj-soiree\/wp-content\/uploads\/2017\/01\/Fiesta-Pack.png\"  title=\"FiestaPack avec remplacement des 2 scanners &quot;Rover&quot; par Pack UV et rajout Pack Puissance\" ><\/div><div class=\"thumbnail-overlay\"><div class=\"rbsTitle \">FiestaPack avec remplacement des 2 scanners &quot;Rover&quot; par Pack UV et rajout Pack Puissance<\/div><div class=\"rbsIcons\"><i class=\"fa fa-search-plus rbsZoomIcon \" ><\/i><\/div><\/div><\/div><\/div><div class=\"rbs-img  category3784 \" ><div class=\"rbs-img-image   rbs-lightbox \"  data-descbox=\"FiestaPack avec Pack Puissance et D\u00e9coPack en bleu\" ><div class=\"rbs-img-thumbs\"  data-thumbnail=\"https:\/\/www.starnight.be\/dj-soiree\/wp-content\/uploads\/2016\/11\/FiestaPack_avec_DecoPack_Bleu-300x165.jpg\"  title=\"FiestaPack avec Pack Puissance et D\u00e9coPack en bleu\"  data-width=\"300\"  data-height=\"165\" ><\/div><div class=\"rbs-img-data-popup\"  data-popup=\"https:\/\/www.starnight.be\/dj-soiree\/wp-content\/uploads\/2016\/11\/FiestaPack_avec_DecoPack_Bleu.jpg\"  title=\"FiestaPack avec Pack Puissance et D\u00e9coPack en bleu\" ><\/div><div class=\"thumbnail-overlay\"><div class=\"rbsTitle \">FiestaPack avec Pack Puissance et D\u00e9coPack en bleu<\/div><div class=\"rbsIcons\"><i class=\"fa fa-search-plus rbsZoomIcon \" ><\/i><\/div><\/div><\/div><\/div><div class=\"rbs-img  category3784 \" ><div class=\"rbs-img-image   rbs-lightbox \"  data-descbox=\"D\u00e9lirePack avec 2 lasers du LaserPack et D\u00e9coPack\" ><div class=\"rbs-img-thumbs\"  data-thumbnail=\"https:\/\/www.starnight.be\/dj-soiree\/wp-content\/uploads\/2016\/12\/DecoPack-300x225.jpg\"  title=\"D\u00e9lirePack avec 2 lasers du LaserPack et D\u00e9coPack\"  data-width=\"300\"  data-height=\"225\" ><\/div><div class=\"rbs-img-data-popup\"  data-popup=\"https:\/\/www.starnight.be\/dj-soiree\/wp-content\/uploads\/2016\/12\/DecoPack.jpg\"  title=\"D\u00e9lirePack avec 2 lasers du LaserPack et D\u00e9coPack\" ><\/div><div class=\"thumbnail-overlay\"><div class=\"rbsTitle \">D\u00e9lirePack avec 2 lasers du LaserPack et D\u00e9coPack<\/div><div class=\"rbsIcons\"><i class=\"fa fa-search-plus rbsZoomIcon \" ><\/i><\/div><\/div><\/div><\/div><div class=\"rbs-img  category3784 \" ><div class=\"rbs-img-image   rbs-lightbox \"  data-descbox=\"boule-a-facettes\" ><div class=\"rbs-img-thumbs\"  data-thumbnail=\"https:\/\/www.starnight.be\/dj-soiree\/wp-content\/uploads\/2016\/11\/boule-a-facettes-300x177.jpg\"  title=\"boule-a-facettes\"  data-width=\"300\"  data-height=\"177\" ><\/div><div class=\"rbs-img-data-popup\"  data-popup=\"https:\/\/www.starnight.be\/dj-soiree\/wp-content\/uploads\/2016\/11\/boule-a-facettes.jpg\"  title=\"boule-a-facettes\" ><\/div><div class=\"thumbnail-overlay\"><div class=\"rbsTitle \">boule-a-facettes<\/div><div class=\"rbsIcons\"><i class=\"fa fa-search-plus rbsZoomIcon \" ><\/i><\/div><\/div><\/div><\/div><div class=\"rbs-img  category3784 \" ><div class=\"rbs-img-image   rbs-lightbox \"  data-descbox=\"STARNIGHT_0041\" ><div class=\"rbs-img-thumbs\"  data-thumbnail=\"https:\/\/www.starnight.be\/dj-soiree\/wp-content\/uploads\/2024\/05\/STARNIGHT_0041-300x168.jpg\"  title=\"STARNIGHT_0041\"  data-width=\"300\"  data-height=\"168\" ><\/div><div class=\"rbs-img-data-popup\"  data-popup=\"https:\/\/www.starnight.be\/dj-soiree\/wp-content\/uploads\/2024\/05\/STARNIGHT_0041.jpg\"  title=\"STARNIGHT_0041\" ><\/div><div class=\"thumbnail-overlay\"><div class=\"rbsTitle \">STARNIGHT_0041<\/div><div class=\"rbsIcons\"><i class=\"fa fa-search-plus rbsZoomIcon \" ><\/i><\/div><\/div><\/div><\/div><div class=\"rbs-img  category3784 \" ><div class=\"rbs-img-image   rbs-lightbox \"  data-descbox=\"Laser Pack : Montage de 2 scanners laser sur sc\u00e8ne avec spot U.V. au centre\" ><div class=\"rbs-img-thumbs\"  data-thumbnail=\"https:\/\/www.starnight.be\/dj-soiree\/wp-content\/uploads\/2016\/12\/Laser_Pack_001-300x225.jpg\"  title=\"Laser Pack : Montage de 2 scanners laser sur sc\u00e8ne avec spot U.V. au centre\"  data-width=\"300\"  data-height=\"225\" ><\/div><div class=\"rbs-img-data-popup\"  data-popup=\"https:\/\/www.starnight.be\/dj-soiree\/wp-content\/uploads\/2016\/12\/Laser_Pack_001.jpg\"  title=\"Laser Pack : Montage de 2 scanners laser sur sc\u00e8ne avec spot U.V. au centre\" ><\/div><div class=\"thumbnail-overlay\"><div class=\"rbsTitle \">Laser Pack : Montage de 2 scanners laser sur sc\u00e8ne avec spot U.V. au centre<\/div><div class=\"rbsIcons\"><i class=\"fa fa-search-plus rbsZoomIcon \" ><\/i><\/div><\/div><\/div><\/div><div class=\"rbs-img  category3784 \" ><div class=\"rbs-img-image   rbs-lightbox \"  data-descbox=\"UV\" ><div class=\"rbs-img-thumbs\"  data-thumbnail=\"https:\/\/www.starnight.be\/dj-soiree\/wp-content\/uploads\/2018\/03\/UV-300x225.jpg\"  title=\"UV\"  data-width=\"300\"  data-height=\"225\" ><\/div><div class=\"rbs-img-data-popup\"  data-popup=\"https:\/\/www.starnight.be\/dj-soiree\/wp-content\/uploads\/2018\/03\/UV.jpg\"  title=\"UV\" ><\/div><div class=\"thumbnail-overlay\"><div class=\"rbsTitle \">UV<\/div><div class=\"rbsIcons\"><i class=\"fa fa-search-plus rbsZoomIcon \" ><\/i><\/div><\/div><\/div><\/div><div class=\"rbs-img  category3784 \" ><div class=\"rbs-img-image   rbs-lightbox \"  data-descbox=\"GlamourPack + 2 Spots \u00e0 Ultra Violet + D\u00e9coPack\" ><div class=\"rbs-img-thumbs\"  data-thumbnail=\"https:\/\/www.starnight.be\/dj-soiree\/wp-content\/uploads\/2016\/11\/Glamour_Pack_012-300x216.jpg\"  title=\"GlamourPack + 2 Spots \u00e0 Ultra Violet + D\u00e9coPack\"  data-width=\"300\"  data-height=\"216\" ><\/div><div class=\"rbs-img-data-popup\"  data-popup=\"https:\/\/www.starnight.be\/dj-soiree\/wp-content\/uploads\/2016\/11\/Glamour_Pack_012.jpg\"  title=\"GlamourPack + 2 Spots \u00e0 Ultra Violet + D\u00e9coPack\" ><\/div><div class=\"thumbnail-overlay\"><div class=\"rbsTitle \">GlamourPack + 2 Spots \u00e0 Ultra Violet + D\u00e9coPack<\/div><div class=\"rbsIcons\"><i class=\"fa fa-search-plus rbsZoomIcon \" ><\/i><\/div><\/div><\/div><\/div><div class=\"rbs-img  category3784 \" ><div class=\"rbs-img-image   rbs-lightbox \"  data-descbox=\"STARNIGHT - epfc - pack UV et Demi-TotemPack\" ><div class=\"rbs-img-thumbs\"  data-thumbnail=\"https:\/\/www.starnight.be\/dj-soiree\/wp-content\/uploads\/2024\/05\/STARNIGHT-epfc-pack-UV-et-Demi-TotemPack-300x168.jpg\"  title=\"STARNIGHT - epfc - pack UV et Demi-TotemPack\"  data-width=\"300\"  data-height=\"168\" ><\/div><div class=\"rbs-img-data-popup\"  data-popup=\"https:\/\/www.starnight.be\/dj-soiree\/wp-content\/uploads\/2024\/05\/STARNIGHT-epfc-pack-UV-et-Demi-TotemPack.jpg\"  title=\"STARNIGHT - epfc - pack UV et Demi-TotemPack\" ><\/div><div class=\"thumbnail-overlay\"><div class=\"rbsTitle \">STARNIGHT - epfc - pack UV et Demi-TotemPack<\/div><div class=\"rbsIcons\"><i class=\"fa fa-search-plus rbsZoomIcon \" ><\/i><\/div><\/div><\/div><\/div><\/div><\/div><\/div><script>var rbs_gallery_69dff90783aae = {\"version\":\"5.1.2\",\"id\":3784,\"class\":\"id3784\",\"roboGalleryDelay\":1000,\"mainContainer\":\"#robo_gallery_main_block_rbs_gallery_69dff90783aae\",\"loadingContainer\":\"#rbs_gallery_69dff90783aae-block-loader\",\"loadingContainerObj\":\"rbs_gallery_69dff90783aae-block-loader\",\"columnWidth\":\"auto\",\"columns\":3,\"resolutions\":[{\"columnWidth\":\"auto\",\"columns\":3,\"maxWidth\":960},{\"columnWidth\":\"auto\",\"columns\":2,\"maxWidth\":650},{\"columnWidth\":\"auto\",\"columns\":1,\"maxWidth\":450}],\"descBox\":true,\"descBoxClass\":\"rbs_desc_panel_light\",\"hideTitle\":true,\"lightboxOptions\":{\"gallery\":{\"enabled\":true,\"tCounter\":\"%curr% \\\/ %total%\"}},\"facebook\":true,\"twitter\":true,\"pinterest\":true,\"overlayEffect\":\"direction-aware-fade\",\"boxesToLoadStart\":50,\"boxesToLoad\":50,\"waitUntilThumbLoads\":1,\"waitForAllThumbsNoMatterWhat\":1,\"LoadingWord\":\"Chargement des images en cours ...\",\"loadMoreWord\":\"Encore plus d'images ici ...\",\"noMoreEntriesWord\":\"No More Entries\",\"horizontalSpaceBetweenBoxes\":15,\"verticalSpaceBetweenBoxes\":15,\"lazyLoad\":1,\"wrapContainer\":\"#robo-gallery-wrap-rbs_gallery_69dff90783aae\",\"filterContainer\":\"#rbs_gallery_69dff90783aaefilter\",\"loadMoreClass\":\"button-border-caution \"};<\/script><\/p>\n<p style=\"text-align: center;\"><iframe loading=\"lazy\" title=\"YouTube video player\" src=\"https:\/\/www.youtube.com\/embed\/mfh8g-aTxIQ\" width=\"100%\" height=\"315\" frameborder=\"0\" allowfullscreen=\"allowfullscreen\"><span style=\"display: inline-block; width: 0px; overflow: hidden; line-height: 0;\" data-mce-type=\"bookmark\" class=\"mce_SELRES_start\">\ufeff<\/span><\/iframe><\/p>\n<hr \/>\n<h4>En voir plus sur nos derniers \u00e9v\u00e9nements utilisant ce Pack U.V.!<\/h4>\n<p>Cliquez ici =&gt; <a href=\"http:\/\/www.starnight.be\/dj-soiree\/category\/pack-uv\">http:\/\/www.starnight.be\/dj-soiree\/category\/pack-uv<\/a><\/p>\n","protected":false},"excerpt":{"rendered":"<p>Le Pack UV : l&rsquo;effet TOP pour les soir\u00e9es Fluos ou Blanches ! Ce jeu <a href=\"https:\/\/www.starnight.be\/dj-soiree\/materiel\/materiel-pack-uv\/\">Read more<\/a><\/p>\n","protected":false},"author":1,"featured_media":2542,"parent":1622,"menu_order":0,"comment_status":"closed","ping_status":"closed","template":"","meta":{"om_disable_all_campaigns":false,"_monsterinsights_skip_tracking":false,"_monsterinsights_sitenote_active":false,"_monsterinsights_sitenote_note":"","_monsterinsights_sitenote_category":0,"footnotes":""},"class_list":["post-3781","page","type-page","status-publish","has-post-thumbnail","hentry"],"aioseo_notices":[],"_links":{"self":[{"href":"https:\/\/www.starnight.be\/dj-soiree\/wp-json\/wp\/v2\/pages\/3781","targetHints":{"allow":["GET"]}}],"collection":[{"href":"https:\/\/www.starnight.be\/dj-soiree\/wp-json\/wp\/v2\/pages"}],"about":[{"href":"https:\/\/www.starnight.be\/dj-soiree\/wp-json\/wp\/v2\/types\/page"}],"author":[{"embeddable":true,"href":"https:\/\/www.starnight.be\/dj-soiree\/wp-json\/wp\/v2\/users\/1"}],"replies":[{"embeddable":true,"href":"https:\/\/www.starnight.be\/dj-soiree\/wp-json\/wp\/v2\/comments?post=3781"}],"version-history":[{"count":10,"href":"https:\/\/www.starnight.be\/dj-soiree\/wp-json\/wp\/v2\/pages\/3781\/revisions"}],"predecessor-version":[{"id":6714,"href":"https:\/\/www.starnight.be\/dj-soiree\/wp-json\/wp\/v2\/pages\/3781\/revisions\/6714"}],"up":[{"embeddable":true,"href":"https:\/\/www.starnight.be\/dj-soiree\/wp-json\/wp\/v2\/pages\/1622"}],"wp:featuredmedia":[{"embeddable":true,"href":"https:\/\/www.starnight.be\/dj-soiree\/wp-json\/wp\/v2\/media\/2542"}],"wp:attachment":[{"href":"https:\/\/www.starnight.be\/dj-soiree\/wp-json\/wp\/v2\/media?parent=3781"}],"curies":[{"name":"wp","href":"https:\/\/api.w.org\/{rel}","templated":true}]}}