{"id":4670,"date":"2019-07-10T13:13:26","date_gmt":"2019-07-10T12:13:26","guid":{"rendered":"http:\/\/www.starnight.be\/dj-soiree\/?page_id=4670"},"modified":"2025-05-13T12:09:26","modified_gmt":"2025-05-13T10:09:26","slug":"conseils","status":"publish","type":"page","link":"https:\/\/www.starnight.be\/dj-soiree\/liens\/conseils\/","title":{"rendered":"Conseils"},"content":{"rendered":"<h4>Quelques conseils de STARNIGHT pour r\u00e9ussir votre \u00e9v\u00e8nement !<\/h4>\n<div class=\"accordion\"><\/p>\n<p><div class=\"toggle\"><div class=\"toggle-title\">Artistes<\/div><div class=\"toggle-inner\"><\/p>\n<p>Si vous faites appel aux services d&rsquo;un ou de plusieurs artistes, pr\u00e9voyez une pi\u00e8ce propre o\u00f9 le personnel<br \/>\nartistique puisse se changer.<\/p>\n<p>Il est tout \u00e0 fait normal qu&rsquo;un artiste puisse se pr\u00e9parer correctement avant sa repr\u00e9sentation.<\/p>\n<p>Le \u00ab\u00a0vestiaire\u00a0\u00bb est encore meilleur si celui-ci peut \u00eatre ferm\u00e9 \u00e0 clef afin d&rsquo;\u00e9viter tout risque de voyeurisme<br \/>\nou de vol.<\/p>\n<p>Si vous n&rsquo;avez pas de vestiaires se fermant \u00e0 clefs, pr\u00e9voyez \u00e9ventuellement un grand casier qui peut se fermer ou \u00eatre plac\u00e9 sous surveillance.<\/p>\n<p>Pr\u00e9voyez que les artistes, tout comme le personnel horeca par exemple, puissent se d\u00e9salt\u00e9rer \u00e9galement.<br \/>\n<\/div><\/div><\/p>\n<p><div class=\"toggle\"><div class=\"toggle-title\">Bar<\/div><div class=\"toggle-inner\"><\/p>\n<p>Pensez \u00e0 la pr\u00e9sentation du bar et \u00e0 son accessibilit\u00e9 pour les \u00ab\u00a0clients\u00a0\u00bb. Un bar bien agenc\u00e9 et facile d&rsquo;acc\u00e8s \u00e9vite d&rsquo;\u00e9ventuelles bousculades chez les consommateurs et une saturation du service de bar.<\/p>\n<p>Pour \u00e9viter des erreurs de payements, utilisez des tickets boissons et une caisse qui ne s&rsquo;occupe que de cette vente. Ainsi, le barman\/made ne devra plus que compter les tickets boissons n\u00e9cessaires aux consommations demand\u00e9es. Ceci facilite son travail et augmente sa rentabilit\u00e9.<\/p>\n<p>Ne demandez pas trop cher pour vos boissons mais pensez quand m\u00eame \u00e0 rentrer dans vos frais.<\/p>\n<p>En g\u00e9n\u00e9ral, il suffit de multiplier le prix d&rsquo;achat par deux environ. L&rsquo;exemple de prix le plus courant est :<\/p>\n<p>&#8211; Le soft : 1 Euro (sauf Red-Bull : 2 Euro)<br \/>\n&#8211; L&rsquo;alcool l\u00e9ger : 2 Euro (sauf la Bi\u00e8re : 1 Euro)<br \/>\n&#8211; L&rsquo;alcool fort : 3 Euro<\/p>\n<p>Il est beaucoup plus facile de travailler avec des arrondis pour \u00e9viter la trop petite monnaie.<\/p>\n<p>Si vous souhaitez \u00e9viter la casse et la vaisselle, prenez des gobelets en plastique. Il est possible d&rsquo;en trouver chez <a href=\"http:\/\/www.ava.be\" target=\"_blank\" rel=\"noopener noreferrer\">AVA-PAPIER<\/a> par exemple.<br \/>\n<\/div><\/div><\/p>\n<p><div class=\"toggle\"><div class=\"toggle-title\">Boissons<\/div><div class=\"toggle-inner\"><\/p>\n<p>Les diff\u00e9rents choix de boissons r\u00e9sident selon l&rsquo;\u00e2ge et les envies g\u00e9n\u00e9rales de la majorit\u00e9 de vos connaissances.<\/p>\n<p>Faites quand m\u00eame attention aux surconsommations de certains grands buveurs. Il est tout \u00e0 fait normal que vous souhaitiez remplir votre caisse (si vous faite un \u00e9v\u00e9nement payant), mais il faut \u00eatre raisonnable et pr\u00e9venir ces gens des dangers qu&rsquo;ils prennent, surtout s&rsquo;il doivent reprendre le volant par apr\u00e8s !<\/p>\n<p>Ne diversifiez pas de trop les boissons : prenez plut\u00f4t les boissons les plus connues et les plus courantes (\u00e9vitez les alcools forts \u00e0 votre mariage par exemple).<\/p>\n<p><\/div><\/div><\/p>\n<p><div class=\"toggle\"><div class=\"toggle-title\">Caisse<\/div><div class=\"toggle-inner\"><\/p>\n<h4>Ceci n&rsquo;est valable que si vous faites une entr\u00e9e et\/ou les boissons payantes.<\/h4>\n<p>Pr\u00e9voyez de pr\u00e9f\u00e9rence 2 personnes par caisse, surtout pour la vente des tickets-boissons. Une personne pour r\u00e9ceptionner l&rsquo;argent, l&rsquo;autre pour distribuer cachets ou tickets-boissons.<\/p>\n<h4>Si vous demandez une participation \u00e0 l&rsquo;entr\u00e9e :<\/h4>\n<p>&#8211; Pr\u00e9voyez un cachet original et un encreur afin de cacheter sur le poignet (droit ou gauche) de chaque personne ayant pay\u00e9.<br \/>\n&#8211; La caisse doit \u00eatre situ\u00e9e \u00e0 l&rsquo;entr\u00e9e de la salle o\u00f9 les gens sont oblig\u00e9s de passer.<br \/>\n&#8211; Un acc\u00e8s facile doit toutefois \u00eatre pr\u00e9vu.<br \/>\n&#8211; Pr\u00e9voyez suffisamment d&rsquo;\u00e9clairage pour la caisse.<br \/>\n&#8211; N&rsquo;oubliez pas de pr\u00e9voir assez de monnaie en fond de caisse.<\/p>\n<h4>Si vous faites payer les boissons :<\/h4>\n<p>&#8211; Pr\u00e9voyez un ticket de vente original afin qu&rsquo;il ne soit pas doubl\u00e9 ou confondu avec la plupart des tickets que l&rsquo;on peut trouver en commerce<br \/>\nhabituel. On peut trouver des tickets tr\u00e8s int\u00e9ressants chez <a href=\"http:\/\/www.ava.be\" target=\"_blank\" rel=\"noopener\"><strong>AVA-PAPIER<\/strong><\/a> par exemple.<br \/>\n&#8211; La caisse doit \u00eatre situ\u00e9e dans l&rsquo;entr\u00e9e de la salle facilement accessible et proche du bar.<br \/>\n&#8211; Pr\u00e9voyez suffisamment d&rsquo;\u00e9clairage pour la caisse.<br \/>\n&#8211; N&rsquo;oubliez pas de pr\u00e9voir assez de monnaie en fond de caisse.<br \/>\n<\/div><\/div><\/p>\n<p><div class=\"toggle\"><div class=\"toggle-title\">Musiques<\/div><div class=\"toggle-inner\"><\/p>\n<p>Si vous connaissez les personnes que vous invitez, il est aussi probable que vous connaissez les go\u00fbts musicaux de ces derniers &#8230;<\/p>\n<p>Il est donc int\u00e9ressant de conna\u00eetre un peu \u00e0 l&rsquo;avance les styles musicaux s&rsquo;accorderaient le mieux \u00e0 la soir\u00e9e afin se s&rsquo;assurer de la bonne ambiance sur la piste de danse.<\/p>\n<p>Pour la partie repas, si toutefois vous en faites une, de la musique douce mais non de type \u00ab\u00a0endormante\u00a0\u00bb est conseill\u00e9e. STARNIGHT poss\u00e8de tout un r\u00e9pertoire pr\u00e9vu \u00e0 cet effet.<\/p>\n<p>La musique \u00ab\u00a0\u00e0 la mode\u00a0\u00bb pour accompagner le repas est actuellement de type \u00ab\u00a0lounge\u00a0\u00bb, musique qui m\u00e9lange souvent du jazz moderne assez rythm\u00e9, ou des reprises de chansons connues en version plus lente. En effet, ce style permet de ne pas \u00eatre d\u00e9rang\u00e9 par des sons trop \u00ab\u00a0lourds\u00a0\u00bb pendant le repas tout en y apportant une certaine dynamique.<\/p>\n<p><\/div><\/div><\/p>\n<p><div class=\"toggle\"><div class=\"toggle-title\">Plan d'acc\u00e8s<\/div><div class=\"toggle-inner\"><\/p>\n<p>Lorsque vous organisez un \u00e9v\u00e8nement, le choix de la salle est primordial et que, bien qu&rsquo;il faut de pr\u00e9f\u00e9rence une salle \u00e9loign\u00e9e des habitations, il faut penser \u00e0 ce qu&rsquo;elle soit facilement accessible !<\/p>\n<p>Par exemple, une salle proche d&rsquo;une sortie d&rsquo;autoroute ou proche d&rsquo;un point d&rsquo;acc\u00e8s facile ou connu rends l&rsquo;acc\u00e8s de cette derni\u00e8re beaucoup plus facile pour vos invit\u00e9s.<\/p>\n<p>Ainsi, cela \u00e9vite d&rsquo;avoir quelques invit\u00e9 en retard parce qu\u2019il se seraient tout simplement perdus !<\/p>\n<p>Sinon, sur le faire part, n&rsquo;oubliez pas de placer un petit plan d&rsquo;acc\u00e8s que vous pourrez cr\u00e9er par exemple via le site internet tr\u00e8s pratique de <a href=\"https:\/\/www.google.be\/maps\" target=\"_blank\" rel=\"noopener noreferrer\">Google Map<\/a>Google Map !<\/p>\n<p>En effet, gr\u00e2ce \u00e0 <a href=\"https:\/\/www.google.be\/maps\" target=\"_blank\" rel=\"noopener noreferrer\">Google Map<\/a>Google Map, vous pourrez imprimer ou envoyer par e-mail votre plan d&rsquo;acc\u00e8s.<br \/>\n<\/div><\/div><\/p>\n<p><div class=\"toggle\"><div class=\"toggle-title\">Salle<\/div><div class=\"toggle-inner\"><br \/>\nChoisissez de pr\u00e9f\u00e9rence une salle qui poss\u00e8de une ou des bonnes issues de secours. Il est imp\u00e9ratif de penser \u00e0 l&rsquo;\u00e9vacuation des gens en cas de feu.<\/p>\n<p>Pensez \u00e0 v\u00e9rifier l&rsquo;\u00e9tat de la salle et son agencement. Les points principaux \u00e0 v\u00e9rifier sont :<\/p>\n<p>&#8211; La qualit\u00e9 de la salle et son infrastructure.<br \/>\n&#8211; L&rsquo;accessibilit\u00e9 aux issues de secours.<br \/>\n&#8211; L&rsquo;insonorisation vis-\u00e0-vis du voisinage.<br \/>\n&#8211; Y a t-&lsquo;il un syst\u00e8me de limitation sonore obligatoire ? (peut g\u00e2cher la qualit\u00e9 de la soir\u00e9e)<br \/>\n&#8211; L&rsquo;acc\u00e8s \u00e0 la piste de danse.<br \/>\n&#8211; L&#8217;emplacement pour le disque-jockey.<br \/>\n&#8211; L&rsquo;acc\u00e8s ext\u00e9rieur \u00e0 la salle de soir\u00e9e (route et parking).<br \/>\n&#8211; L&rsquo;acc\u00e8s int\u00e9rieur de l&rsquo;entr\u00e9e vers la salle de soir\u00e9e (couloirs, escaliers dangereux, etc&#8230;)<br \/>\n&#8211; Le bar et l&rsquo;acc\u00e8s au bar.<br \/>\n&#8211; L&rsquo;acc\u00e8s \u00e0 la caisse si vous faites un prix d&rsquo;entr\u00e9e pour la participation aux frais.<br \/>\n&#8211; L&rsquo;acc\u00e8s \u00e0 la caisse des ventes de tickets-boissons (conseill\u00e9)<br \/>\n&#8211; L&rsquo;acc\u00e8s aux toilettes et leurs propret\u00e9.<br \/>\n&#8211; La r\u00e9sonance sonore (\u00e9cho).<br \/>\n<\/div><\/div><\/p>\n<p><div class=\"toggle\"><div class=\"toggle-title\">Sonorisation<\/div><div class=\"toggle-inner\"><br \/>\nV\u00e9rifiez que la salle dispose d&rsquo;au moins une grande table pour le DJ. De pr\u00e9f\u00e9rence assez solide pour supporter le poids du mat\u00e9riel qui y sera install\u00e9.<\/p>\n<p>\u00c9galement, la salle ne soit pas \u00eatre humide ou, voire m\u00eame, avec des infiltrations d&rsquo;eau. Ceci pourrait endommager le mat\u00e9riel.<\/p>\n<p>Il faut aussi que la salle dispose de bonnes prises de courant et d&rsquo;une bonne bo\u00eete \u00e0 fusible ! La sonorisation totale demande beaucoup d&rsquo;\u00e9nergie et fait appel \u00e0 des pointes de courant assez importantes.<\/p>\n<p>Ayez une pr\u00e9f\u00e9rence pour les salles qui sont au niveau du rez-de-chauss\u00e9e. Ceci facilite l&rsquo;installation du mat\u00e9riel (qu&rsquo;il soit de STARNIGHT ou de votre traiteur).<\/p>\n<p>Le gens ne doivent jamais d\u00e9poser de boissons sur la table de travail du DJ. Ceci pourrait provoquer la destruction du mat\u00e9riel au cas o\u00f9 un verre se renverserait.<br \/>\n<\/div><\/div><\/p>\n<p><div class=\"toggle\"><div class=\"toggle-title\">Toilettes<\/div><div class=\"toggle-inner\"><br \/>\nPensez qu&rsquo;elles soient propres \u00e0 la r\u00e9ception de la salle.<br \/>\nN&rsquo;oubliez pas d&rsquo;apporter du savon, des serviettes et du papier de toilette en suffisance s&rsquo;il n&rsquo;est pas fourni !<br \/>\n<\/div><\/div><\/p>\n<p><\/div>\n","protected":false},"excerpt":{"rendered":"<p>Quelques conseils de STARNIGHT pour r\u00e9ussir votre \u00e9v\u00e8nement !<\/p>\n","protected":false},"author":1,"featured_media":0,"parent":1630,"menu_order":0,"comment_status":"closed","ping_status":"closed","template":"","meta":{"om_disable_all_campaigns":false,"_monsterinsights_skip_tracking":false,"_monsterinsights_sitenote_active":false,"_monsterinsights_sitenote_note":"","_monsterinsights_sitenote_category":0,"footnotes":""},"class_list":["post-4670","page","type-page","status-publish","hentry"],"aioseo_notices":[],"_links":{"self":[{"href":"https:\/\/www.starnight.be\/dj-soiree\/wp-json\/wp\/v2\/pages\/4670","targetHints":{"allow":["GET"]}}],"collection":[{"href":"https:\/\/www.starnight.be\/dj-soiree\/wp-json\/wp\/v2\/pages"}],"about":[{"href":"https:\/\/www.starnight.be\/dj-soiree\/wp-json\/wp\/v2\/types\/page"}],"author":[{"embeddable":true,"href":"https:\/\/www.starnight.be\/dj-soiree\/wp-json\/wp\/v2\/users\/1"}],"replies":[{"embeddable":true,"href":"https:\/\/www.starnight.be\/dj-soiree\/wp-json\/wp\/v2\/comments?post=4670"}],"version-history":[{"count":6,"href":"https:\/\/www.starnight.be\/dj-soiree\/wp-json\/wp\/v2\/pages\/4670\/revisions"}],"predecessor-version":[{"id":7251,"href":"https:\/\/www.starnight.be\/dj-soiree\/wp-json\/wp\/v2\/pages\/4670\/revisions\/7251"}],"up":[{"embeddable":true,"href":"https:\/\/www.starnight.be\/dj-soiree\/wp-json\/wp\/v2\/pages\/1630"}],"wp:attachment":[{"href":"https:\/\/www.starnight.be\/dj-soiree\/wp-json\/wp\/v2\/media?parent=4670"}],"curies":[{"name":"wp","href":"https:\/\/api.w.org\/{rel}","templated":true}]}}