{"id":5874,"date":"2021-10-12T12:29:29","date_gmt":"2021-10-12T11:29:29","guid":{"rendered":"https:\/\/www.starnight.be\/dj-soiree\/?page_id=5874"},"modified":"2025-05-13T12:27:00","modified_gmt":"2025-05-13T10:27:00","slug":"materiel-cloud-pack","status":"publish","type":"page","link":"https:\/\/www.starnight.be\/dj-soiree\/materiel\/materiel-cloud-pack\/","title":{"rendered":"Mat\u00e9riel &#8211; Cloud Pack"},"content":{"rendered":"<h4>Toute la magie de danser sur un nuage !<\/h4>\n<p><img loading=\"lazy\" decoding=\"async\" class=\"alignright wp-image-5898\" src=\"http:\/\/www.starnight.be\/dj-soiree\/wp-content\/uploads\/2021\/10\/Machine_fumee_lourde-212x300.jpg\" alt=\"\" width=\"141\" height=\"200\" srcset=\"https:\/\/www.starnight.be\/dj-soiree\/wp-content\/uploads\/2021\/10\/Machine_fumee_lourde-212x300.jpg 212w, https:\/\/www.starnight.be\/dj-soiree\/wp-content\/uploads\/2021\/10\/Machine_fumee_lourde-724x1024.jpg 724w, https:\/\/www.starnight.be\/dj-soiree\/wp-content\/uploads\/2021\/10\/Machine_fumee_lourde-768x1087.jpg 768w, https:\/\/www.starnight.be\/dj-soiree\/wp-content\/uploads\/2021\/10\/Machine_fumee_lourde-400x566.jpg 400w, https:\/\/www.starnight.be\/dj-soiree\/wp-content\/uploads\/2021\/10\/Machine_fumee_lourde.jpg 848w\" sizes=\"auto, (max-width: 141px) 100vw, 141px\" \/>Cette option ravit les mari\u00e9s, mais est \u00e9galement tr\u00e8s pris\u00e9e dans les spectacles, concerts, d\u00e9corations sp\u00e9ciales (comme Halloween), etc&#8230;<\/p>\n<p>La technologie de nos machines permet de cr\u00e9er une \u00ab\u00a0fum\u00e9e lourde\u00a0\u00bb restant au sol, et sans rajout de glace carbonique (souvent difficile \u00e0 stocker) !<\/p>\n<p>En effet, au lieu de refroidir la fum\u00e9e par un passage dans la glace, la fum\u00e9e est alourdie par l&rsquo;ionisation d&rsquo;une eau d\u00e9min\u00e9ralis\u00e9e par laquelle elle passe.<\/p>\n<p>Nous ne rajoutons aucun additifs odorants, et la fum\u00e9e est absolument sans danger et ne laisse pas de trace !<\/p>\n<p>Il est vrai que la machine ressemble \u00e0 un gros aspirateur, mais gr\u00e2ce \u00e0 la buse, celle ci se trouve en retrait et seul l&#8217;embout discret de la buse se trouve face \u00e0 la piste de danse.<\/p>\n<p><em><span style=\"text-decoration: underline;\"><span style=\"color: #000000; text-decoration: underline;\">Astuce<\/span><\/span> : rajoutez 2 spots l\u00e8che-murs \u00e0 la verticale au ras du sol pour obtenir un effet suppl\u00e9mentaire sympa !<\/em><\/p>\n<p><span style=\"color: #808080;\"><em>&gt;&gt; Tarif \u00e0 partir de 50\u20ac<\/em><\/span><\/p>\n<hr \/>\n<h4><strong><span style=\"text-decoration: underline;\">Voici quelques exemples de r\u00e9alisations :<\/span><\/strong><\/h4>\n<p style=\"text-align: center;\"><style type=\"text\/css\" scoped>.rbs_gallery_69dff767ae048Spinner{\r\n\t\t\t\tmargin: 50px auto;\r\n\t\t\t\twidth: 50px;\r\n\t\t\t\theight: 40px;\r\n\t\t\t\ttext-align: center;\r\n\t\t\t\tfont-size: 10px;\r\n\t\t\t}\r\n\t\t\t.rbs_gallery_69dff767ae048Spinner > div{\r\n\t\t\t  background-color: #333;\r\n\t\t\t  height: 100%;\r\n\t\t\t  width: 6px;\r\n\t\t\t  display: inline-block;\r\n\t\t\t  -webkit-animation: rbs_gallery_69dff767ae048-stretchdelay 1.2s infinite ease-in-out;\r\n\t\t\t  animation: rbs_gallery_69dff767ae048-stretchdelay 1.2s infinite ease-in-out;\r\n\t\t\t}\r\n\t\t\t.rbs_gallery_69dff767ae048Spinner .rbs_gallery_69dff767ae048Rect2 {\r\n\t\t\t  -webkit-animation-delay: -1.1s;\r\n\t\t\t  animation-delay: -1.1s;\r\n\t\t\t}\r\n\t\t\t.rbs_gallery_69dff767ae048Spinner .rbs_gallery_69dff767ae048Rect3 {\r\n\t\t\t  -webkit-animation-delay: -1.0s;\r\n\t\t\t  animation-delay: -1.0s;\r\n\t\t\t}\r\n\t\t\t.rbs_gallery_69dff767ae048Spinner .rbs_gallery_69dff767ae048Rect4 {\r\n\t\t\t  -webkit-animation-delay: -0.9s;\r\n\t\t\t  animation-delay: -0.9s;\r\n\t\t\t}\r\n\t\t\t.rbs_gallery_69dff767ae048Spinner .rbs_gallery_69dff767ae048Rect5 {\r\n\t\t\t  -webkit-animation-delay: -0.8s;\r\n\t\t\t  animation-delay: -0.8s;\r\n\t\t\t}\r\n\t\t\t@-webkit-keyframes rbs_gallery_69dff767ae048-stretchdelay {\r\n\t\t\t  0%, 40%, 100% { -webkit-transform: scaleY(0.4) }  \r\n\t\t\t  20% { -webkit-transform: scaleY(1.0) }\r\n\t\t\t}\r\n\t\t\t@keyframes rbs_gallery_69dff767ae048-stretchdelay {\r\n\t\t\t  0%, 40%, 100% { \r\n\t\t\t    transform: scaleY(0.4);\r\n\t\t\t    -webkit-transform: scaleY(0.4);\r\n\t\t\t  }  20% { \r\n\t\t\t    transform: scaleY(1.0);\r\n\t\t\t    -webkit-transform: scaleY(1.0);\r\n\t\t\t  }\r\n\t\t\t}\r\n\t\t<\/style><div class=\"robo-gallery-wrap robo-gallery-wrap-id6933 robo-gallery-masonry\" ><div id=\"rbs_gallery_69dff767ae048-block-loader\" class=\"rbs_gallery_69dff767ae048Spinner\"><div class=\"rbs_gallery_69dff767ae048Rect1\"><\/div> <div class=\"rbs_gallery_69dff767ae048Rect2\"><\/div> <div class=\"rbs_gallery_69dff767ae048Rect3\"><\/div> <div class=\"rbs_gallery_69dff767ae048Rect4\"><\/div> <div class=\"rbs_gallery_69dff767ae048Rect5\"><\/div><\/div><div id=\"robo_gallery_main_block_rbs_gallery_69dff767ae048\" class=\"robogallery-gallery-6933\" style=\"width:100%;  display: none;\"><div id=\"rbs_gallery_69dff767ae048\" data-options=\"rbs_gallery_69dff767ae048\" style=\"width:100%;\" class=\"robo_gallery  \"><div class=\"rbs-img  category6933 \" ><div class=\"rbs-img-image   rbs-lightbox \" ><div class=\"rbs-img-thumbs\"  data-thumbnail=\"https:\/\/www.starnight.be\/dj-soiree\/wp-content\/uploads\/2023\/07\/STARNIGHT_Les-salons-du-Forum_0007-600x1012.jpg\"  title=\"STARNIGHT_Les salons du Forum_0007\"  data-width=\"600\"  data-height=\"1012\" ><\/div><div class=\"rbs-img-data-popup\"  data-popup=\"https:\/\/www.starnight.be\/dj-soiree\/wp-content\/uploads\/2023\/07\/STARNIGHT_Les-salons-du-Forum_0007.jpg\"  title=\"STARNIGHT_Les salons du Forum_0007\" ><\/div><div class=\"thumbnail-overlay\"><div class=\"rbsTitle \">STARNIGHT_Les salons du Forum_0007<\/div><div class=\"rbsIcons\"><i class=\"fa fa-plus rbsZoomIcon \" ><\/i><\/div><\/div><\/div><\/div><div class=\"rbs-img  category6933 \" ><div class=\"rbs-img-image   rbs-lightbox \" ><div class=\"rbs-img-thumbs\"  data-thumbnail=\"https:\/\/www.starnight.be\/dj-soiree\/wp-content\/uploads\/2023\/07\/STARNIGHT_Les-salons-du-Forum_0004-1-300x218.jpg\"  title=\"STARNIGHT_Les salons du Forum_0004\"  data-width=\"300\"  data-height=\"218\" ><\/div><div class=\"rbs-img-data-popup\"  data-popup=\"https:\/\/www.starnight.be\/dj-soiree\/wp-content\/uploads\/2023\/07\/STARNIGHT_Les-salons-du-Forum_0004-1.jpg\"  title=\"STARNIGHT_Les salons du Forum_0004\" ><\/div><div class=\"thumbnail-overlay\"><div class=\"rbsTitle \">STARNIGHT_Les salons du Forum_0004<\/div><div class=\"rbsIcons\"><i class=\"fa fa-plus rbsZoomIcon \" ><\/i><\/div><\/div><\/div><\/div><div class=\"rbs-img  category6933 \" ><div class=\"rbs-img-image   rbs-lightbox \" ><div class=\"rbs-img-thumbs\"  data-thumbnail=\"https:\/\/www.starnight.be\/dj-soiree\/wp-content\/uploads\/2023\/07\/STARNIGHT_Les-salons-du-Forum_0006-600x1024.jpg\"  title=\"STARNIGHT_Les salons du Forum_0006\"  data-width=\"600\"  data-height=\"1024\" ><\/div><div class=\"rbs-img-data-popup\"  data-popup=\"https:\/\/www.starnight.be\/dj-soiree\/wp-content\/uploads\/2023\/07\/STARNIGHT_Les-salons-du-Forum_0006.jpg\"  title=\"STARNIGHT_Les salons du Forum_0006\" ><\/div><div class=\"thumbnail-overlay\"><div class=\"rbsTitle \">STARNIGHT_Les salons du Forum_0006<\/div><div class=\"rbsIcons\"><i class=\"fa fa-plus rbsZoomIcon \" ><\/i><\/div><\/div><\/div><\/div><div class=\"rbs-img  category6933 \" ><div class=\"rbs-img-image   rbs-lightbox \" ><div class=\"rbs-img-thumbs\"  data-thumbnail=\"https:\/\/www.starnight.be\/dj-soiree\/wp-content\/uploads\/2022\/07\/STARNIGHT-La-Carrosserie-CloudPack-600x1024.jpg\"  title=\"STARNIGHT - La Carrosserie - CloudPack\"  data-width=\"600\"  data-height=\"1024\" ><\/div><div class=\"rbs-img-data-popup\"  data-popup=\"https:\/\/www.starnight.be\/dj-soiree\/wp-content\/uploads\/2022\/07\/STARNIGHT-La-Carrosserie-CloudPack.jpg\"  title=\"STARNIGHT - La Carrosserie - CloudPack\" ><\/div><div class=\"thumbnail-overlay\"><div class=\"rbsTitle \">STARNIGHT - La Carrosserie - CloudPack<\/div><div class=\"rbsIcons\"><i class=\"fa fa-plus rbsZoomIcon \" ><\/i><\/div><\/div><\/div><\/div><div class=\"rbs-img  category6933 \" ><div class=\"rbs-img-image   rbs-lightbox \" ><div class=\"rbs-img-thumbs\"  data-thumbnail=\"https:\/\/www.starnight.be\/dj-soiree\/wp-content\/uploads\/2022\/02\/Ferme-de-Bertinchamps-salle-de-danse-mariage-CloudPack-600x1024.jpg\"  title=\"Ferme de Bertinchamps - salle de danse mariage - CloudPack\"  data-width=\"600\"  data-height=\"1024\" ><\/div><div class=\"rbs-img-data-popup\"  data-popup=\"https:\/\/www.starnight.be\/dj-soiree\/wp-content\/uploads\/2022\/02\/Ferme-de-Bertinchamps-salle-de-danse-mariage-CloudPack.jpg\"  title=\"Ferme de Bertinchamps - salle de danse mariage - CloudPack\" ><\/div><div class=\"thumbnail-overlay\"><div class=\"rbsTitle \">Ferme de Bertinchamps - salle de danse mariage - CloudPack<\/div><div class=\"rbsIcons\"><i class=\"fa fa-plus rbsZoomIcon \" ><\/i><\/div><\/div><\/div><\/div><div class=\"rbs-img  category6933 \" ><div class=\"rbs-img-image   rbs-lightbox \" ><div class=\"rbs-img-thumbs\"  data-thumbnail=\"https:\/\/www.starnight.be\/dj-soiree\/wp-content\/uploads\/2024\/09\/Cloud_Pack-600x1024.jpg\"  title=\"Cloud_Pack\"  data-width=\"600\"  data-height=\"1024\" ><\/div><div class=\"rbs-img-data-popup\"  data-popup=\"https:\/\/www.starnight.be\/dj-soiree\/wp-content\/uploads\/2024\/09\/Cloud_Pack.jpg\"  title=\"Cloud_Pack\" ><\/div><div class=\"thumbnail-overlay\"><div class=\"rbsTitle \">Cloud_Pack<\/div><div class=\"rbsIcons\"><i class=\"fa fa-plus rbsZoomIcon \" ><\/i><\/div><\/div><\/div><\/div><div class=\"rbs-img  category6933 \" ><div class=\"rbs-img-image   rbs-lightbox \" ><div class=\"rbs-img-thumbs\"  data-thumbnail=\"https:\/\/www.starnight.be\/dj-soiree\/wp-content\/uploads\/2024\/06\/STARNIGHT_0006-300x200.jpg\"  title=\"Ouverture de bal avec DeliriumPack\"  data-width=\"300\"  data-height=\"200\" ><\/div><div class=\"rbs-img-data-popup\"  data-popup=\"https:\/\/www.starnight.be\/dj-soiree\/wp-content\/uploads\/2024\/06\/STARNIGHT_0006.jpg\"  title=\"Ouverture de bal avec DeliriumPack\" ><\/div><div class=\"thumbnail-overlay\"><div class=\"rbsTitle \">Ouverture de bal avec DeliriumPack<\/div><div class=\"rbsIcons\"><i class=\"fa fa-plus rbsZoomIcon \" ><\/i><\/div><\/div><\/div><\/div><div class=\"rbs-img  category6933 \" ><div class=\"rbs-img-image   rbs-lightbox \" ><div class=\"rbs-img-thumbs\"  data-thumbnail=\"https:\/\/www.starnight.be\/dj-soiree\/wp-content\/uploads\/2024\/06\/STARNIGHT_0004-600x1024.jpg\"  title=\"STARNIGHT_0004\"  data-width=\"600\"  data-height=\"1024\" ><\/div><div class=\"rbs-img-data-popup\"  data-popup=\"https:\/\/www.starnight.be\/dj-soiree\/wp-content\/uploads\/2024\/06\/STARNIGHT_0004.jpg\"  title=\"STARNIGHT_0004\" ><\/div><div class=\"thumbnail-overlay\"><div class=\"rbsTitle \">STARNIGHT_0004<\/div><div class=\"rbsIcons\"><i class=\"fa fa-plus rbsZoomIcon \" ><\/i><\/div><\/div><\/div><\/div><\/div><\/div><\/div><script>var rbs_gallery_69dff767ae048 = {\"version\":\"5.1.2\",\"id\":6933,\"class\":\"id6933\",\"roboGalleryDelay\":1000,\"mainContainer\":\"#robo_gallery_main_block_rbs_gallery_69dff767ae048\",\"loadingContainer\":\"#rbs_gallery_69dff767ae048-block-loader\",\"loadingContainerObj\":\"rbs_gallery_69dff767ae048-block-loader\",\"columnWidth\":\"auto\",\"columns\":3,\"resolutions\":[{\"columnWidth\":\"auto\",\"columns\":3,\"maxWidth\":960},{\"columnWidth\":\"auto\",\"columns\":2,\"maxWidth\":650},{\"columnWidth\":\"auto\",\"columns\":1,\"maxWidth\":450}],\"lightboxOptions\":{\"gallery\":{\"enabled\":true,\"tCounter\":\"%curr% of %total%\"}},\"overlayEffect\":\"direction-aware-fade\",\"boxesToLoadStart\":12,\"boxesToLoad\":8,\"waitUntilThumbLoads\":1,\"LoadingWord\":\"Loading...\",\"loadMoreWord\":\"Load More\",\"noMoreEntriesWord\":\"No More Entries\",\"horizontalSpaceBetweenBoxes\":15,\"verticalSpaceBetweenBoxes\":15,\"lazyLoad\":1,\"wrapContainer\":\"#robo-gallery-wrap-rbs_gallery_69dff767ae048\"};<\/script><\/p>\n<hr \/>\n<h4>En voir plus sur nos derniers \u00e9v\u00e9nements utilisant ce pack !<\/h4>\n<p>Cliquez ici =&gt; <a href=\"https:\/\/www.starnight.be\/dj-soiree\/category\/cloudpack\">https:\/\/www.starnight.be\/dj-soiree\/category\/cloudpack<\/a><\/p>\n","protected":false},"excerpt":{"rendered":"<p>Toute la magie de danser sur un nuage ! Cette option ravit les mari\u00e9s, mais <a href=\"https:\/\/www.starnight.be\/dj-soiree\/materiel\/materiel-cloud-pack\/\">Read more<\/a><\/p>\n","protected":false},"author":3,"featured_media":7564,"parent":1622,"menu_order":0,"comment_status":"closed","ping_status":"closed","template":"","meta":{"om_disable_all_campaigns":false,"_monsterinsights_skip_tracking":false,"_monsterinsights_sitenote_active":false,"_monsterinsights_sitenote_note":"","_monsterinsights_sitenote_category":0,"footnotes":""},"class_list":["post-5874","page","type-page","status-publish","has-post-thumbnail","hentry"],"aioseo_notices":[],"_links":{"self":[{"href":"https:\/\/www.starnight.be\/dj-soiree\/wp-json\/wp\/v2\/pages\/5874","targetHints":{"allow":["GET"]}}],"collection":[{"href":"https:\/\/www.starnight.be\/dj-soiree\/wp-json\/wp\/v2\/pages"}],"about":[{"href":"https:\/\/www.starnight.be\/dj-soiree\/wp-json\/wp\/v2\/types\/page"}],"author":[{"embeddable":true,"href":"https:\/\/www.starnight.be\/dj-soiree\/wp-json\/wp\/v2\/users\/3"}],"replies":[{"embeddable":true,"href":"https:\/\/www.starnight.be\/dj-soiree\/wp-json\/wp\/v2\/comments?post=5874"}],"version-history":[{"count":17,"href":"https:\/\/www.starnight.be\/dj-soiree\/wp-json\/wp\/v2\/pages\/5874\/revisions"}],"predecessor-version":[{"id":5876,"href":"https:\/\/www.starnight.be\/dj-soiree\/wp-json\/wp\/v2\/pages\/5874\/revisions\/5876"}],"up":[{"embeddable":true,"href":"https:\/\/www.starnight.be\/dj-soiree\/wp-json\/wp\/v2\/pages\/1622"}],"wp:featuredmedia":[{"embeddable":true,"href":"https:\/\/www.starnight.be\/dj-soiree\/wp-json\/wp\/v2\/media\/7564"}],"wp:attachment":[{"href":"https:\/\/www.starnight.be\/dj-soiree\/wp-json\/wp\/v2\/media?parent=5874"}],"curies":[{"name":"wp","href":"https:\/\/api.w.org\/{rel}","templated":true}]}}