{"id":6989,"date":"2023-09-12T14:04:23","date_gmt":"2023-09-12T13:04:23","guid":{"rendered":"https:\/\/www.starnight.be\/dj-soiree\/?page_id=6989"},"modified":"2025-05-13T12:28:46","modified_gmt":"2025-05-13T10:28:46","slug":"materiel-etincelles-pack","status":"publish","type":"page","link":"https:\/\/www.starnight.be\/dj-soiree\/materiel\/materiel-etincelles-pack\/","title":{"rendered":"Mat\u00e9riel &#8211; \u00c9tincelles Pack"},"content":{"rendered":"<h4>Des jets d&rsquo;\u00e9tincelles froides, sans risque !<img loading=\"lazy\" decoding=\"async\" class=\"alignright wp-image-6981 size-medium\" src=\"https:\/\/www.starnight.be\/dj-soiree\/wp-content\/uploads\/2023\/08\/CloudPack_Artifices_0003-300x218.jpg\" alt=\"\" width=\"300\" height=\"218\" srcset=\"https:\/\/www.starnight.be\/dj-soiree\/wp-content\/uploads\/2023\/08\/CloudPack_Artifices_0003-300x218.jpg 300w, https:\/\/www.starnight.be\/dj-soiree\/wp-content\/uploads\/2023\/08\/CloudPack_Artifices_0003-1024x744.jpg 1024w, https:\/\/www.starnight.be\/dj-soiree\/wp-content\/uploads\/2023\/08\/CloudPack_Artifices_0003-768x558.jpg 768w, https:\/\/www.starnight.be\/dj-soiree\/wp-content\/uploads\/2023\/08\/CloudPack_Artifices_0003-900x654.jpg 900w, https:\/\/www.starnight.be\/dj-soiree\/wp-content\/uploads\/2023\/08\/CloudPack_Artifices_0003-924x671.jpg 924w, https:\/\/www.starnight.be\/dj-soiree\/wp-content\/uploads\/2023\/08\/CloudPack_Artifices_0003-400x291.jpg 400w, https:\/\/www.starnight.be\/dj-soiree\/wp-content\/uploads\/2023\/08\/CloudPack_Artifices_0003.jpg 1200w\" sizes=\"auto, (max-width: 300px) 100vw, 300px\" \/><\/h4>\n<p>Faciles \u00e0 mettre en place, les lanceurs ne n\u00e9cessitent pas de fils : le tout se contr\u00f4le depuis une t\u00e9l\u00e9commande HF.<\/p>\n<p>Nous utilisons des r\u00e9servoirs d&rsquo;\u00e9tincelles qui cr\u00e9ent chacun un jet de deux m\u00e8tres de haut, et d&rsquo;une trentaine de secondes.<\/p>\n<p>Ce pack se marie parfaitement bien avec notre <a title=\"Mat\u00e9riel \u2013 Cloud Pack\" href=\"https:\/\/www.starnight.be\/dj-soiree\/materiel\/materiel-cloud-pack\/\"><strong>Cloud Pack<\/strong><\/a> (grosse machine \u00e0 effet de nuage au sol).<\/p>\n<p>Et, la meilleure nouvelle: les \u00e9tincelles sont froides et ne sont pas dangeureuses en cas de contact avec la peau.<\/p>\n<p><span style=\"color: #808080;\"><em>&gt;&gt; Tarif \u00e0 partir de 25\u20ac\/pi\u00e8ce<\/em><\/span><\/p>\n<hr \/>\n<h4><strong><span style=\"text-decoration: underline;\">Voici quelques exemples de r\u00e9alisations :<\/span><\/strong><\/h4>\n<p style=\"text-align: center;\"><style type=\"text\/css\" scoped>.rbs_gallery_69f472c89544aSpinner{\r\n\t\t\t\tmargin: 50px auto;\r\n\t\t\t\twidth: 50px;\r\n\t\t\t\theight: 40px;\r\n\t\t\t\ttext-align: center;\r\n\t\t\t\tfont-size: 10px;\r\n\t\t\t}\r\n\t\t\t.rbs_gallery_69f472c89544aSpinner > div{\r\n\t\t\t  background-color: #333;\r\n\t\t\t  height: 100%;\r\n\t\t\t  width: 6px;\r\n\t\t\t  display: inline-block;\r\n\t\t\t  -webkit-animation: rbs_gallery_69f472c89544a-stretchdelay 1.2s infinite ease-in-out;\r\n\t\t\t  animation: rbs_gallery_69f472c89544a-stretchdelay 1.2s infinite ease-in-out;\r\n\t\t\t}\r\n\t\t\t.rbs_gallery_69f472c89544aSpinner .rbs_gallery_69f472c89544aRect2 {\r\n\t\t\t  -webkit-animation-delay: -1.1s;\r\n\t\t\t  animation-delay: -1.1s;\r\n\t\t\t}\r\n\t\t\t.rbs_gallery_69f472c89544aSpinner .rbs_gallery_69f472c89544aRect3 {\r\n\t\t\t  -webkit-animation-delay: -1.0s;\r\n\t\t\t  animation-delay: -1.0s;\r\n\t\t\t}\r\n\t\t\t.rbs_gallery_69f472c89544aSpinner .rbs_gallery_69f472c89544aRect4 {\r\n\t\t\t  -webkit-animation-delay: -0.9s;\r\n\t\t\t  animation-delay: -0.9s;\r\n\t\t\t}\r\n\t\t\t.rbs_gallery_69f472c89544aSpinner .rbs_gallery_69f472c89544aRect5 {\r\n\t\t\t  -webkit-animation-delay: -0.8s;\r\n\t\t\t  animation-delay: -0.8s;\r\n\t\t\t}\r\n\t\t\t@-webkit-keyframes rbs_gallery_69f472c89544a-stretchdelay {\r\n\t\t\t  0%, 40%, 100% { -webkit-transform: scaleY(0.4) }  \r\n\t\t\t  20% { -webkit-transform: scaleY(1.0) }\r\n\t\t\t}\r\n\t\t\t@keyframes rbs_gallery_69f472c89544a-stretchdelay {\r\n\t\t\t  0%, 40%, 100% { \r\n\t\t\t    transform: scaleY(0.4);\r\n\t\t\t    -webkit-transform: scaleY(0.4);\r\n\t\t\t  }  20% { \r\n\t\t\t    transform: scaleY(1.0);\r\n\t\t\t    -webkit-transform: scaleY(1.0);\r\n\t\t\t  }\r\n\t\t\t}\r\n\t\t<\/style><div class=\"robo-gallery-wrap robo-gallery-wrap-id6995 robo-gallery-masonry\" ><div id=\"rbs_gallery_69f472c89544a-block-loader\" class=\"rbs_gallery_69f472c89544aSpinner\"><div class=\"rbs_gallery_69f472c89544aRect1\"><\/div> <div class=\"rbs_gallery_69f472c89544aRect2\"><\/div> <div class=\"rbs_gallery_69f472c89544aRect3\"><\/div> <div class=\"rbs_gallery_69f472c89544aRect4\"><\/div> <div class=\"rbs_gallery_69f472c89544aRect5\"><\/div><\/div><div id=\"robo_gallery_main_block_rbs_gallery_69f472c89544a\" class=\"robogallery-gallery-6995\" style=\"width:100%;  display: none;\"><div id=\"rbs_gallery_69f472c89544a\" data-options=\"rbs_gallery_69f472c89544a\" style=\"width:100%;\" class=\"robo_gallery  \"><div class=\"rbs-img  category6995 \" ><div class=\"rbs-img-image   rbs-lightbox \" ><div class=\"rbs-img-thumbs\"  data-thumbnail=\"https:\/\/www.starnight.be\/dj-soiree\/wp-content\/uploads\/2023\/08\/CloudPack_Artifices_0003-600x872.jpg\"  title=\"CloudPack_Artifices_0003\"  data-width=\"600\"  data-height=\"872\" ><\/div><div class=\"rbs-img-data-popup\"  data-popup=\"https:\/\/www.starnight.be\/dj-soiree\/wp-content\/uploads\/2023\/08\/CloudPack_Artifices_0003.jpg\"  title=\"CloudPack_Artifices_0003\" ><\/div><div class=\"thumbnail-overlay\"><div class=\"rbsTitle \">CloudPack_Artifices_0003<\/div><div class=\"rbsIcons\"><i class=\"fa fa-plus rbsZoomIcon \" ><\/i><\/div><\/div><\/div><\/div><div class=\"rbs-img  category6995 \" ><div class=\"rbs-img-image   rbs-lightbox \" ><div class=\"rbs-img-thumbs\"  data-thumbnail=\"https:\/\/www.starnight.be\/dj-soiree\/wp-content\/uploads\/2024\/09\/Etincelles-froides-300x200.jpg\"  title=\"Etincelles froides\"  data-width=\"300\"  data-height=\"200\" ><\/div><div class=\"rbs-img-data-popup\"  data-popup=\"https:\/\/www.starnight.be\/dj-soiree\/wp-content\/uploads\/2024\/09\/Etincelles-froides.jpg\"  title=\"Etincelles froides\" ><\/div><div class=\"thumbnail-overlay\"><div class=\"rbsTitle \">Etincelles froides<\/div><div class=\"rbsIcons\"><i class=\"fa fa-plus rbsZoomIcon \" ><\/i><\/div><\/div><\/div><\/div><div class=\"rbs-img  category6995 \" ><div class=\"rbs-img-image   rbs-lightbox \" ><div class=\"rbs-img-thumbs\"  data-thumbnail=\"https:\/\/www.starnight.be\/dj-soiree\/wp-content\/uploads\/2024\/09\/Jets-de-scene-1-600x1024.jpg\"  title=\"Jets de sc\u00e8ne 1\"  data-width=\"600\"  data-height=\"1024\" ><\/div><div class=\"rbs-img-data-popup\"  data-popup=\"https:\/\/www.starnight.be\/dj-soiree\/wp-content\/uploads\/2024\/09\/Jets-de-scene-1.jpg\"  title=\"Jets de sc\u00e8ne 1\" ><\/div><div class=\"thumbnail-overlay\"><div class=\"rbsTitle \">Jets de sc\u00e8ne 1<\/div><div class=\"rbsIcons\"><i class=\"fa fa-plus rbsZoomIcon \" ><\/i><\/div><\/div><\/div><\/div><div class=\"rbs-img  category6995 \" ><div class=\"rbs-img-image   rbs-lightbox \" ><div class=\"rbs-img-thumbs\"  data-thumbnail=\"https:\/\/www.starnight.be\/dj-soiree\/wp-content\/uploads\/2024\/09\/Jets-de-scene-2-600x1024.jpg\"  title=\"Jets de sc\u00e8ne 2\"  data-width=\"600\"  data-height=\"1024\" ><\/div><div class=\"rbs-img-data-popup\"  data-popup=\"https:\/\/www.starnight.be\/dj-soiree\/wp-content\/uploads\/2024\/09\/Jets-de-scene-2.jpg\"  title=\"Jets de sc\u00e8ne 2\" ><\/div><div class=\"thumbnail-overlay\"><div class=\"rbsTitle \">Jets de sc\u00e8ne 2<\/div><div class=\"rbsIcons\"><i class=\"fa fa-plus rbsZoomIcon \" ><\/i><\/div><\/div><\/div><\/div><div class=\"rbs-img  category6995 \" ><div class=\"rbs-img-image   rbs-lightbox \" ><div class=\"rbs-img-thumbs\"  data-thumbnail=\"https:\/\/www.starnight.be\/dj-soiree\/wp-content\/uploads\/2024\/06\/STARNIGHT_0005-600x1024.jpg\"  title=\"STARNIGHT_0005\"  data-width=\"600\"  data-height=\"1024\" ><\/div><div class=\"rbs-img-data-popup\"  data-popup=\"https:\/\/www.starnight.be\/dj-soiree\/wp-content\/uploads\/2024\/06\/STARNIGHT_0005.jpg\"  title=\"STARNIGHT_0005\" ><\/div><div class=\"thumbnail-overlay\"><div class=\"rbsTitle \">STARNIGHT_0005<\/div><div class=\"rbsIcons\"><i class=\"fa fa-plus rbsZoomIcon \" ><\/i><\/div><\/div><\/div><\/div><\/div><\/div><\/div><script>var rbs_gallery_69f472c89544a = {\"version\":\"5.1.2\",\"id\":6995,\"class\":\"id6995\",\"roboGalleryDelay\":1000,\"mainContainer\":\"#robo_gallery_main_block_rbs_gallery_69f472c89544a\",\"loadingContainer\":\"#rbs_gallery_69f472c89544a-block-loader\",\"loadingContainerObj\":\"rbs_gallery_69f472c89544a-block-loader\",\"columnWidth\":\"auto\",\"columns\":3,\"resolutions\":[{\"columnWidth\":\"auto\",\"columns\":3,\"maxWidth\":960},{\"columnWidth\":\"auto\",\"columns\":2,\"maxWidth\":650},{\"columnWidth\":\"auto\",\"columns\":1,\"maxWidth\":450}],\"lightboxOptions\":{\"gallery\":{\"enabled\":true,\"tCounter\":\"%curr% of %total%\"}},\"overlayEffect\":\"direction-aware-fade\",\"boxesToLoadStart\":12,\"boxesToLoad\":8,\"waitUntilThumbLoads\":1,\"LoadingWord\":\"Loading...\",\"loadMoreWord\":\"Load More\",\"noMoreEntriesWord\":\"No More Entries\",\"horizontalSpaceBetweenBoxes\":15,\"verticalSpaceBetweenBoxes\":15,\"lazyLoad\":1,\"wrapContainer\":\"#robo-gallery-wrap-rbs_gallery_69f472c89544a\"};<\/script><\/p>\n<hr \/>\n<h4>En voir plus sur nos derniers \u00e9v\u00e9nements utilisant ce pack !<\/h4>\n<p>Cliquez ici =&gt; <a href=\"https:\/\/www.starnight.be\/dj-soiree\/category\/etincelles-pack\">https:\/\/www.starnight.be\/dj-soiree\/category\/etincelles-pack<\/a><\/p>\n","protected":false},"excerpt":{"rendered":"<p>Des jets d&rsquo;\u00e9tincelles froides, sans risque ! Faciles \u00e0 mettre en place, les lanceurs ne <a href=\"https:\/\/www.starnight.be\/dj-soiree\/materiel\/materiel-etincelles-pack\/\">Read more<\/a><\/p>\n","protected":false},"author":3,"featured_media":7563,"parent":1622,"menu_order":0,"comment_status":"closed","ping_status":"closed","template":"","meta":{"om_disable_all_campaigns":false,"_monsterinsights_skip_tracking":false,"_monsterinsights_sitenote_active":false,"_monsterinsights_sitenote_note":"","_monsterinsights_sitenote_category":0,"footnotes":""},"class_list":["post-6989","page","type-page","status-publish","has-post-thumbnail","hentry"],"aioseo_notices":[],"_links":{"self":[{"href":"https:\/\/www.starnight.be\/dj-soiree\/wp-json\/wp\/v2\/pages\/6989","targetHints":{"allow":["GET"]}}],"collection":[{"href":"https:\/\/www.starnight.be\/dj-soiree\/wp-json\/wp\/v2\/pages"}],"about":[{"href":"https:\/\/www.starnight.be\/dj-soiree\/wp-json\/wp\/v2\/types\/page"}],"author":[{"embeddable":true,"href":"https:\/\/www.starnight.be\/dj-soiree\/wp-json\/wp\/v2\/users\/3"}],"replies":[{"embeddable":true,"href":"https:\/\/www.starnight.be\/dj-soiree\/wp-json\/wp\/v2\/comments?post=6989"}],"version-history":[{"count":6,"href":"https:\/\/www.starnight.be\/dj-soiree\/wp-json\/wp\/v2\/pages\/6989\/revisions"}],"predecessor-version":[{"id":6996,"href":"https:\/\/www.starnight.be\/dj-soiree\/wp-json\/wp\/v2\/pages\/6989\/revisions\/6996"}],"up":[{"embeddable":true,"href":"https:\/\/www.starnight.be\/dj-soiree\/wp-json\/wp\/v2\/pages\/1622"}],"wp:featuredmedia":[{"embeddable":true,"href":"https:\/\/www.starnight.be\/dj-soiree\/wp-json\/wp\/v2\/media\/7563"}],"wp:attachment":[{"href":"https:\/\/www.starnight.be\/dj-soiree\/wp-json\/wp\/v2\/media?parent=6989"}],"curies":[{"name":"wp","href":"https:\/\/api.w.org\/{rel}","templated":true}]}}