{"id":8672,"date":"2025-09-30T15:53:28","date_gmt":"2025-09-30T13:53:28","guid":{"rendered":"https:\/\/www.starnight.be\/dj-soiree\/?page_id=8672"},"modified":"2025-09-30T16:55:45","modified_gmt":"2025-09-30T14:55:45","slug":"materiel-pack-ceremonie","status":"publish","type":"page","link":"https:\/\/www.starnight.be\/dj-soiree\/materiel\/materiel-pack-ceremonie\/","title":{"rendered":"Mat\u00e9riel &#8211; Pack C\u00e9r\u00e9monie"},"content":{"rendered":"<h4>L&rsquo;importance d&rsquo;\u00eatre bien entendu !<\/h4>\n<p>Ce pack est parfait pour toutes les c\u00e9r\u00e9monies, comme les la\u00efques organis\u00e9es dans un jardin ou une cour !<\/p>\n<p>Compos\u00e9 de 2 micros, 1 table de mixage, d&rsquo;un ampli et de 2 haut-parleurs sur pied, il est la solution parfaite pour des discours clairs et une diffusion musicale agr\u00e9able.<\/p>\n<p>Tout le mat\u00e9riel est de gamme professionnelle, ce qui est un gage de qualit\u00e9 pour un son clair pour tout le monde.<\/p>\n<p>L&rsquo;instalaltion, plut\u00f4t discr\u00e8te, trouvera facilement sa place sans nuire au d\u00e9cors.<\/p>\n<hr \/>\n<h4><strong><span style=\"text-decoration: underline;\">Voici quelques exemples de r\u00e9alisations :<\/span><\/strong><\/h4>\n<p style=\"text-align: center;\"><style type=\"text\/css\" scoped>.rbs_gallery_69dff909a0b18Spinner{\r\n\t\t\t\tmargin: 50px auto;\r\n\t\t\t\twidth: 50px;\r\n\t\t\t\theight: 40px;\r\n\t\t\t\ttext-align: center;\r\n\t\t\t\tfont-size: 10px;\r\n\t\t\t}\r\n\t\t\t.rbs_gallery_69dff909a0b18Spinner > div{\r\n\t\t\t  background-color: #333;\r\n\t\t\t  height: 100%;\r\n\t\t\t  width: 6px;\r\n\t\t\t  display: inline-block;\r\n\t\t\t  -webkit-animation: rbs_gallery_69dff909a0b18-stretchdelay 1.2s infinite ease-in-out;\r\n\t\t\t  animation: rbs_gallery_69dff909a0b18-stretchdelay 1.2s infinite ease-in-out;\r\n\t\t\t}\r\n\t\t\t.rbs_gallery_69dff909a0b18Spinner .rbs_gallery_69dff909a0b18Rect2 {\r\n\t\t\t  -webkit-animation-delay: -1.1s;\r\n\t\t\t  animation-delay: -1.1s;\r\n\t\t\t}\r\n\t\t\t.rbs_gallery_69dff909a0b18Spinner .rbs_gallery_69dff909a0b18Rect3 {\r\n\t\t\t  -webkit-animation-delay: -1.0s;\r\n\t\t\t  animation-delay: -1.0s;\r\n\t\t\t}\r\n\t\t\t.rbs_gallery_69dff909a0b18Spinner .rbs_gallery_69dff909a0b18Rect4 {\r\n\t\t\t  -webkit-animation-delay: -0.9s;\r\n\t\t\t  animation-delay: -0.9s;\r\n\t\t\t}\r\n\t\t\t.rbs_gallery_69dff909a0b18Spinner .rbs_gallery_69dff909a0b18Rect5 {\r\n\t\t\t  -webkit-animation-delay: -0.8s;\r\n\t\t\t  animation-delay: -0.8s;\r\n\t\t\t}\r\n\t\t\t@-webkit-keyframes rbs_gallery_69dff909a0b18-stretchdelay {\r\n\t\t\t  0%, 40%, 100% { -webkit-transform: scaleY(0.4) }  \r\n\t\t\t  20% { -webkit-transform: scaleY(1.0) }\r\n\t\t\t}\r\n\t\t\t@keyframes rbs_gallery_69dff909a0b18-stretchdelay {\r\n\t\t\t  0%, 40%, 100% { \r\n\t\t\t    transform: scaleY(0.4);\r\n\t\t\t    -webkit-transform: scaleY(0.4);\r\n\t\t\t  }  20% { \r\n\t\t\t    transform: scaleY(1.0);\r\n\t\t\t    -webkit-transform: scaleY(1.0);\r\n\t\t\t  }\r\n\t\t\t}\r\n\t\t<\/style><div class=\"robo-gallery-wrap robo-gallery-wrap-id8675 robo-gallery-grid\" ><div id=\"rbs_gallery_69dff909a0b18-block-loader\" class=\"rbs_gallery_69dff909a0b18Spinner\"><div class=\"rbs_gallery_69dff909a0b18Rect1\"><\/div> <div class=\"rbs_gallery_69dff909a0b18Rect2\"><\/div> <div class=\"rbs_gallery_69dff909a0b18Rect3\"><\/div> <div class=\"rbs_gallery_69dff909a0b18Rect4\"><\/div> <div class=\"rbs_gallery_69dff909a0b18Rect5\"><\/div><\/div><div id=\"robo_gallery_main_block_rbs_gallery_69dff909a0b18\" class=\"robogallery-gallery-8675\" style=\"width:100%;  display: none;\"><div id=\"rbs_gallery_69dff909a0b18\" data-options=\"rbs_gallery_69dff909a0b18\" style=\"width:100%;\" class=\"robo_gallery  \"><div class=\"rbs-img  category8675 \" ><div class=\"rbs-img-image   rbs-lightbox \" ><div class=\"rbs-img-thumbs\"  data-thumbnail=\"https:\/\/www.starnight.be\/dj-soiree\/wp-content\/uploads\/2025\/08\/STARNIGHT_0001-1-300x169.jpg\"  title=\"STARNIGHT_0001 - Pack C\u00e9r\u00e9monie La\u00efque\"  data-width=\"300\"  data-height=\"169\" ><\/div><div class=\"rbs-img-data-popup\"  data-popup=\"https:\/\/www.starnight.be\/dj-soiree\/wp-content\/uploads\/2025\/08\/STARNIGHT_0001-1.jpg\"  title=\"STARNIGHT_0001 - Pack C\u00e9r\u00e9monie La\u00efque\" ><\/div><div class=\"thumbnail-overlay\"><div class=\"rbsTitle \">STARNIGHT_0001 - Pack C\u00e9r\u00e9monie La\u00efque<\/div><div class=\"rbsIcons\"><i class=\"fa fa-plus rbsZoomIcon \" ><\/i><\/div><\/div><\/div><\/div><div class=\"rbs-img  category8675 \" ><div class=\"rbs-img-image   rbs-lightbox \" ><div class=\"rbs-img-thumbs\"  data-thumbnail=\"https:\/\/www.starnight.be\/dj-soiree\/wp-content\/uploads\/2025\/06\/STARNIGHT_Mariage_Laique_0002-300x150.jpg\"  title=\"STARNIGHT - mariage au Ch\u00e2teau Le Saulchoir\"  data-width=\"300\"  data-height=\"150\" ><\/div><div class=\"rbs-img-data-popup\"  data-popup=\"https:\/\/www.starnight.be\/dj-soiree\/wp-content\/uploads\/2025\/06\/STARNIGHT_Mariage_Laique_0002.jpg\"  title=\"STARNIGHT - mariage au Ch\u00e2teau Le Saulchoir\" ><\/div><div class=\"thumbnail-overlay\"><div class=\"rbsTitle \">STARNIGHT - mariage au Ch\u00e2teau Le Saulchoir<\/div><div class=\"rbsIcons\"><i class=\"fa fa-plus rbsZoomIcon \" ><\/i><\/div><\/div><\/div><\/div><div class=\"rbs-img  category8675 \" ><div class=\"rbs-img-image   rbs-lightbox \" ><div class=\"rbs-img-thumbs\"  data-thumbnail=\"https:\/\/www.starnight.be\/dj-soiree\/wp-content\/uploads\/2024\/05\/Le-Manoir-du-Capitaine-STARNIGHT_0004-300x225.jpg\"  title=\"C\u00e9r\u00e9monie la\u00efque\"  data-width=\"300\"  data-height=\"225\" ><\/div><div class=\"rbs-img-data-popup\"  data-popup=\"https:\/\/www.starnight.be\/dj-soiree\/wp-content\/uploads\/2024\/05\/Le-Manoir-du-Capitaine-STARNIGHT_0004.jpg\"  title=\"C\u00e9r\u00e9monie la\u00efque\" ><\/div><div class=\"thumbnail-overlay\"><div class=\"rbsTitle \">C\u00e9r\u00e9monie la\u00efque<\/div><div class=\"rbsIcons\"><i class=\"fa fa-plus rbsZoomIcon \" ><\/i><\/div><\/div><\/div><\/div><div class=\"rbs-img  category8675 \" ><div class=\"rbs-img-image   rbs-lightbox \" ><div class=\"rbs-img-thumbs\"  data-thumbnail=\"https:\/\/www.starnight.be\/dj-soiree\/wp-content\/uploads\/2023\/11\/STARNIGHT_Ferme-de-Mont-Saint-Jean_0003-300x200.jpg\"  title=\"C\u00e9r\u00e9monie la\u00efque\"  data-width=\"300\"  data-height=\"200\" ><\/div><div class=\"rbs-img-data-popup\"  data-popup=\"https:\/\/www.starnight.be\/dj-soiree\/wp-content\/uploads\/2023\/11\/STARNIGHT_Ferme-de-Mont-Saint-Jean_0003.jpg\"  title=\"C\u00e9r\u00e9monie la\u00efque\" ><\/div><div class=\"thumbnail-overlay\"><div class=\"rbsTitle \">C\u00e9r\u00e9monie la\u00efque<\/div><div class=\"rbsIcons\"><i class=\"fa fa-plus rbsZoomIcon \" ><\/i><\/div><\/div><\/div><\/div><div class=\"rbs-img  category8675 \" ><div class=\"rbs-img-image   rbs-lightbox \" ><div class=\"rbs-img-thumbs\"  data-thumbnail=\"https:\/\/www.starnight.be\/dj-soiree\/wp-content\/uploads\/2023\/09\/Chateau-Le-Saulchoir_0002-300x169.jpg\"  title=\"C\u00e9r\u00e9monie la\u00efque\"  data-width=\"300\"  data-height=\"169\" ><\/div><div class=\"rbs-img-data-popup\"  data-popup=\"https:\/\/www.starnight.be\/dj-soiree\/wp-content\/uploads\/2023\/09\/Chateau-Le-Saulchoir_0002.jpg\"  title=\"C\u00e9r\u00e9monie la\u00efque\" ><\/div><div class=\"thumbnail-overlay\"><div class=\"rbsTitle \">C\u00e9r\u00e9monie la\u00efque<\/div><div class=\"rbsIcons\"><i class=\"fa fa-plus rbsZoomIcon \" ><\/i><\/div><\/div><\/div><\/div><div class=\"rbs-img  category8675 \" ><div class=\"rbs-img-image   rbs-lightbox \" ><div class=\"rbs-img-thumbs\"  data-thumbnail=\"https:\/\/www.starnight.be\/dj-soiree\/wp-content\/uploads\/2023\/09\/Chateau-Le-Saulchoir_0001-300x225.jpg\"  title=\"C\u00e9r\u00e9monie la\u00efque\"  data-width=\"300\"  data-height=\"225\" ><\/div><div class=\"rbs-img-data-popup\"  data-popup=\"https:\/\/www.starnight.be\/dj-soiree\/wp-content\/uploads\/2023\/09\/Chateau-Le-Saulchoir_0001.jpg\"  title=\"C\u00e9r\u00e9monie la\u00efque\" ><\/div><div class=\"thumbnail-overlay\"><div class=\"rbsTitle \">C\u00e9r\u00e9monie la\u00efque<\/div><div class=\"rbsIcons\"><i class=\"fa fa-plus rbsZoomIcon \" ><\/i><\/div><\/div><\/div><\/div><div class=\"rbs-img  category8675 \" ><div class=\"rbs-img-image   rbs-lightbox \" ><div class=\"rbs-img-thumbs\"  data-thumbnail=\"https:\/\/www.starnight.be\/dj-soiree\/wp-content\/uploads\/2022\/05\/BFDECB6E-60DE-4540-AAAD-F4B4DC406A49-300x225.jpeg\"  title=\"STARNIGHT - Kibboutz - Mariage - C\u00e9r\u00e9monie La\u00efque\"  data-width=\"300\"  data-height=\"225\" ><\/div><div class=\"rbs-img-data-popup\"  data-popup=\"https:\/\/www.starnight.be\/dj-soiree\/wp-content\/uploads\/2022\/05\/BFDECB6E-60DE-4540-AAAD-F4B4DC406A49.jpeg\"  title=\"STARNIGHT - Kibboutz - Mariage - C\u00e9r\u00e9monie La\u00efque\" ><\/div><div class=\"thumbnail-overlay\"><div class=\"rbsTitle \">STARNIGHT - Kibboutz - Mariage - C\u00e9r\u00e9monie La\u00efque<\/div><div class=\"rbsIcons\"><i class=\"fa fa-plus rbsZoomIcon \" ><\/i><\/div><\/div><\/div><\/div><div class=\"rbs-img  category8675 \" ><div class=\"rbs-img-image   rbs-lightbox \" ><div class=\"rbs-img-thumbs\"  data-thumbnail=\"https:\/\/www.starnight.be\/dj-soiree\/wp-content\/uploads\/2022\/04\/A96D240A-A513-4D9B-8B15-E19B0CC72423-300x225.jpeg\"  title=\"Sonorisation C\u00e9r\u00e9monie La\u00efque\"  data-width=\"300\"  data-height=\"225\" ><\/div><div class=\"rbs-img-data-popup\"  data-popup=\"https:\/\/www.starnight.be\/dj-soiree\/wp-content\/uploads\/2022\/04\/A96D240A-A513-4D9B-8B15-E19B0CC72423.jpeg\"  title=\"Sonorisation C\u00e9r\u00e9monie La\u00efque\" ><\/div><div class=\"thumbnail-overlay\"><div class=\"rbsTitle \">Sonorisation C\u00e9r\u00e9monie La\u00efque<\/div><div class=\"rbsIcons\"><i class=\"fa fa-plus rbsZoomIcon \" ><\/i><\/div><\/div><\/div><\/div><div class=\"rbs-img  category8675 \" ><div class=\"rbs-img-image   rbs-lightbox \" ><div class=\"rbs-img-thumbs\"  data-thumbnail=\"https:\/\/www.starnight.be\/dj-soiree\/wp-content\/uploads\/2021\/09\/STARNIGHT_mariage-laique-sept-2021_ambiance-ceremonie-300x196.jpg\"  title=\"Mmariage laique - Ambiance c\u00e9r\u00e9monie la\u00efque\"  data-width=\"300\"  data-height=\"196\" ><\/div><div class=\"rbs-img-data-popup\"  data-popup=\"https:\/\/www.starnight.be\/dj-soiree\/wp-content\/uploads\/2021\/09\/STARNIGHT_mariage-laique-sept-2021_ambiance-ceremonie.jpg\"  title=\"Mmariage laique - Ambiance c\u00e9r\u00e9monie la\u00efque\" ><\/div><div class=\"thumbnail-overlay\"><div class=\"rbsTitle \">Mmariage laique - Ambiance c\u00e9r\u00e9monie la\u00efque<\/div><div class=\"rbsIcons\"><i class=\"fa fa-plus rbsZoomIcon \" ><\/i><\/div><\/div><\/div><\/div><div class=\"rbs-img  category8675 \" ><div class=\"rbs-img-image   rbs-lightbox \" ><div class=\"rbs-img-thumbs\"  data-thumbnail=\"https:\/\/www.starnight.be\/dj-soiree\/wp-content\/uploads\/2021\/09\/STARNIGHT_mariage-laique-sept-20212-300x161.jpg\"  title=\"STARNIGHT_mariage-laique-sept-2021\"  data-width=\"300\"  data-height=\"161\" ><\/div><div class=\"rbs-img-data-popup\"  data-popup=\"https:\/\/www.starnight.be\/dj-soiree\/wp-content\/uploads\/2021\/09\/STARNIGHT_mariage-laique-sept-20212.jpg\"  title=\"STARNIGHT_mariage-laique-sept-2021\" ><\/div><div class=\"thumbnail-overlay\"><div class=\"rbsTitle \">STARNIGHT_mariage-laique-sept-2021<\/div><div class=\"rbsIcons\"><i class=\"fa fa-plus rbsZoomIcon \" ><\/i><\/div><\/div><\/div><\/div><div class=\"rbs-img  category8675 \" ><div class=\"rbs-img-image   rbs-lightbox \" ><div class=\"rbs-img-thumbs\"  data-thumbnail=\"https:\/\/www.starnight.be\/dj-soiree\/wp-content\/uploads\/2019\/10\/Mariage-avec-c\u00e9r\u00e9monie-la\u00efque-\u00e0-Gembloux-2-300x200.jpg\"  title=\"Mariage avec c\u00e9r\u00e9monie la\u00efque \u00e0 Gembloux 2\"  data-width=\"300\"  data-height=\"200\" ><\/div><div class=\"rbs-img-data-popup\"  data-popup=\"https:\/\/www.starnight.be\/dj-soiree\/wp-content\/uploads\/2019\/10\/Mariage-avec-c\u00e9r\u00e9monie-la\u00efque-\u00e0-Gembloux-2.jpg\"  title=\"Mariage avec c\u00e9r\u00e9monie la\u00efque \u00e0 Gembloux 2\" ><\/div><div class=\"thumbnail-overlay\"><div class=\"rbsTitle \">Mariage avec c\u00e9r\u00e9monie la\u00efque \u00e0 Gembloux 2<\/div><div class=\"rbsIcons\"><i class=\"fa fa-plus rbsZoomIcon \" ><\/i><\/div><\/div><\/div><\/div><div class=\"rbs-img  category8675 \" ><div class=\"rbs-img-image   rbs-lightbox \" ><div class=\"rbs-img-thumbs\"  data-thumbnail=\"https:\/\/www.starnight.be\/dj-soiree\/wp-content\/uploads\/2019\/10\/Mariage-avec-c\u00e9r\u00e9monie-la\u00efque-\u00e0-Gembloux-1-300x205.jpg\"  title=\"Mariage avec c\u00e9r\u00e9monie la\u00efque \u00e0 Gembloux 1\"  data-width=\"300\"  data-height=\"205\" ><\/div><div class=\"rbs-img-data-popup\"  data-popup=\"https:\/\/www.starnight.be\/dj-soiree\/wp-content\/uploads\/2019\/10\/Mariage-avec-c\u00e9r\u00e9monie-la\u00efque-\u00e0-Gembloux-1.jpg\"  title=\"Mariage avec c\u00e9r\u00e9monie la\u00efque \u00e0 Gembloux 1\" ><\/div><div class=\"thumbnail-overlay\"><div class=\"rbsTitle \">Mariage avec c\u00e9r\u00e9monie la\u00efque \u00e0 Gembloux 1<\/div><div class=\"rbsIcons\"><i class=\"fa fa-plus rbsZoomIcon \" ><\/i><\/div><\/div><\/div><\/div><div class=\"rbs-img  category8675 \" ><div class=\"rbs-img-image   rbs-lightbox \" ><div class=\"rbs-img-thumbs\"  data-thumbnail=\"https:\/\/www.starnight.be\/dj-soiree\/wp-content\/uploads\/2019\/07\/Mariage-Laique-300x168.jpg\"  title=\"Mariage Laique\"  data-width=\"300\"  data-height=\"168\" ><\/div><div class=\"rbs-img-data-popup\"  data-popup=\"https:\/\/www.starnight.be\/dj-soiree\/wp-content\/uploads\/2019\/07\/Mariage-Laique.jpg\"  title=\"Mariage Laique\" ><\/div><div class=\"thumbnail-overlay\"><div class=\"rbsTitle \">Mariage Laique<\/div><div class=\"rbsIcons\"><i class=\"fa fa-plus rbsZoomIcon \" ><\/i><\/div><\/div><\/div><\/div><div class=\"rbs-img  category8675 \" ><div class=\"rbs-img-image   rbs-lightbox \" ><div class=\"rbs-img-thumbs\"  data-thumbnail=\"https:\/\/www.starnight.be\/dj-soiree\/wp-content\/uploads\/2019\/07\/Mariage-La\u00efque-300x200.jpg\"  title=\"Mariage La\u00efque\"  data-width=\"300\"  data-height=\"200\" ><\/div><div class=\"rbs-img-data-popup\"  data-popup=\"https:\/\/www.starnight.be\/dj-soiree\/wp-content\/uploads\/2019\/07\/Mariage-La\u00efque.jpg\"  title=\"Mariage La\u00efque\" ><\/div><div class=\"thumbnail-overlay\"><div class=\"rbsTitle \">Mariage La\u00efque<\/div><div class=\"rbsIcons\"><i class=\"fa fa-plus rbsZoomIcon \" ><\/i><\/div><\/div><\/div><\/div><div class=\"rbs-img  category8675 \" ><div class=\"rbs-img-image   rbs-lightbox \" ><div class=\"rbs-img-thumbs\"  data-thumbnail=\"https:\/\/www.starnight.be\/dj-soiree\/wp-content\/uploads\/2025\/06\/IMG_5316-300x168.jpeg\"  title=\"IMG_5316\"  data-width=\"300\"  data-height=\"168\" ><\/div><div class=\"rbs-img-data-popup\"  data-popup=\"https:\/\/www.starnight.be\/dj-soiree\/wp-content\/uploads\/2025\/06\/IMG_5316.jpeg\"  title=\"IMG_5316\" ><\/div><div class=\"thumbnail-overlay\"><div class=\"rbsTitle \">IMG_5316<\/div><div class=\"rbsIcons\"><i class=\"fa fa-plus rbsZoomIcon \" ><\/i><\/div><\/div><\/div><\/div><div class=\"rbs-img  category8675 \" ><div class=\"rbs-img-image   rbs-lightbox \" ><div class=\"rbs-img-thumbs\"  data-thumbnail=\"https:\/\/www.starnight.be\/dj-soiree\/wp-content\/uploads\/2025\/06\/IMG_5315-300x169.jpeg\"  title=\"IMG_5315\"  data-width=\"300\"  data-height=\"169\" ><\/div><div class=\"rbs-img-data-popup\"  data-popup=\"https:\/\/www.starnight.be\/dj-soiree\/wp-content\/uploads\/2025\/06\/IMG_5315.jpeg\"  title=\"IMG_5315\" ><\/div><div class=\"thumbnail-overlay\"><div class=\"rbsTitle \">IMG_5315<\/div><div class=\"rbsIcons\"><i class=\"fa fa-plus rbsZoomIcon \" ><\/i><\/div><\/div><\/div><\/div><div class=\"rbs-img  category8675 \" ><div class=\"rbs-img-image   rbs-lightbox \" ><div class=\"rbs-img-thumbs\"  data-thumbnail=\"https:\/\/www.starnight.be\/dj-soiree\/wp-content\/uploads\/2024\/12\/STARNIGHT-Gooik-Krekelhof-0004-300x169.jpg\"  title=\"STARNIGHT-Gooik-Krekelhof-0004\"  data-width=\"300\"  data-height=\"169\" ><\/div><div class=\"rbs-img-data-popup\"  data-popup=\"https:\/\/www.starnight.be\/dj-soiree\/wp-content\/uploads\/2024\/12\/STARNIGHT-Gooik-Krekelhof-0004.jpg\"  title=\"STARNIGHT-Gooik-Krekelhof-0004\" ><\/div><div class=\"thumbnail-overlay\"><div class=\"rbsTitle \">STARNIGHT-Gooik-Krekelhof-0004<\/div><div class=\"rbsIcons\"><i class=\"fa fa-plus rbsZoomIcon \" ><\/i><\/div><\/div><\/div><\/div><div class=\"rbs-img  category8675 \" ><div class=\"rbs-img-image   rbs-lightbox \" ><div class=\"rbs-img-thumbs\"  data-thumbnail=\"https:\/\/www.starnight.be\/dj-soiree\/wp-content\/uploads\/2024\/12\/STARNIGHT-Gooik-Krekelhof-0001-300x169.jpg\"  title=\"STARNIGHT-Gooik-Krekelhof-0001\"  data-width=\"300\"  data-height=\"169\" ><\/div><div class=\"rbs-img-data-popup\"  data-popup=\"https:\/\/www.starnight.be\/dj-soiree\/wp-content\/uploads\/2024\/12\/STARNIGHT-Gooik-Krekelhof-0001.jpg\"  title=\"STARNIGHT-Gooik-Krekelhof-0001\" ><\/div><div class=\"thumbnail-overlay\"><div class=\"rbsTitle \">STARNIGHT-Gooik-Krekelhof-0001<\/div><div class=\"rbsIcons\"><i class=\"fa fa-plus rbsZoomIcon \" ><\/i><\/div><\/div><\/div><\/div><div class=\"rbs-img  category8675 \" ><div class=\"rbs-img-image   rbs-lightbox \" ><div class=\"rbs-img-thumbs\"  data-thumbnail=\"https:\/\/www.starnight.be\/dj-soiree\/wp-content\/uploads\/2023\/04\/STARNIGHT_MARGAILLE_2-300x225.jpg\"  title=\"STARNIGHT_MARGAILLE_2\"  data-width=\"300\"  data-height=\"225\" ><\/div><div class=\"rbs-img-data-popup\"  data-popup=\"https:\/\/www.starnight.be\/dj-soiree\/wp-content\/uploads\/2023\/04\/STARNIGHT_MARGAILLE_2.jpg\"  title=\"STARNIGHT_MARGAILLE_2\" ><\/div><div class=\"thumbnail-overlay\"><div class=\"rbsTitle \">STARNIGHT_MARGAILLE_2<\/div><div class=\"rbsIcons\"><i class=\"fa fa-plus rbsZoomIcon \" ><\/i><\/div><\/div><\/div><\/div><div class=\"rbs-img  category8675 \" ><div class=\"rbs-img-image   rbs-lightbox \" ><div class=\"rbs-img-thumbs\"  data-thumbnail=\"https:\/\/www.starnight.be\/dj-soiree\/wp-content\/uploads\/2024\/04\/Le-Saulchoir_STARNIGHT_0003-300x225.jpg\"  title=\"Le Saulchoir_STARNIGHT_0003\"  data-width=\"300\"  data-height=\"225\" ><\/div><div class=\"rbs-img-data-popup\"  data-popup=\"https:\/\/www.starnight.be\/dj-soiree\/wp-content\/uploads\/2024\/04\/Le-Saulchoir_STARNIGHT_0003.jpg\"  title=\"Le Saulchoir_STARNIGHT_0003\" ><\/div><div class=\"thumbnail-overlay\"><div class=\"rbsTitle \">Le Saulchoir_STARNIGHT_0003<\/div><div class=\"rbsIcons\"><i class=\"fa fa-plus rbsZoomIcon \" ><\/i><\/div><\/div><\/div><\/div><\/div><\/div><\/div><script>var rbs_gallery_69dff909a0b18 = {\"version\":\"5.1.2\",\"id\":8675,\"class\":\"id8675\",\"roboGalleryDelay\":1000,\"mainContainer\":\"#robo_gallery_main_block_rbs_gallery_69dff909a0b18\",\"loadingContainer\":\"#rbs_gallery_69dff909a0b18-block-loader\",\"loadingContainerObj\":\"rbs_gallery_69dff909a0b18-block-loader\",\"columnWidth\":\"auto\",\"columns\":3,\"resolutions\":[{\"columnWidth\":\"auto\",\"columns\":3,\"maxWidth\":960},{\"columnWidth\":\"auto\",\"columns\":2,\"maxWidth\":650},{\"columnWidth\":\"auto\",\"columns\":1,\"maxWidth\":450}],\"lightboxOptions\":{\"gallery\":{\"enabled\":true,\"tCounter\":\"%curr% of %total%\"}},\"overlayEffect\":\"direction-aware-fade\",\"boxesToLoadStart\":12,\"boxesToLoad\":8,\"waitUntilThumbLoads\":1,\"LoadingWord\":\"Loading...\",\"loadMoreWord\":\"Load More\",\"noMoreEntriesWord\":\"No More Entries\",\"horizontalSpaceBetweenBoxes\":15,\"verticalSpaceBetweenBoxes\":15,\"lazyLoad\":1,\"wrapContainer\":\"#robo-gallery-wrap-rbs_gallery_69dff909a0b18\"};<\/script><\/p>\n<hr \/>\n<h4>En voir plus sur nos derniers \u00e9v\u00e9nements utilisant ce pack !<\/h4>\n<p>Cliquez ici =&gt; <a href=\"https:\/\/www.starnight.be\/dj-soiree\/category\/pack-ceremonies\">https:\/\/www.starnight.be\/dj-soiree\/category\/pack-ceremonies<\/a><\/p>\n","protected":false},"excerpt":{"rendered":"<p>L&rsquo;importance d&rsquo;\u00eatre bien entendu ! Ce pack est parfait pour toutes les c\u00e9r\u00e9monies, comme les <a href=\"https:\/\/www.starnight.be\/dj-soiree\/materiel\/materiel-pack-ceremonie\/\">Read more<\/a><\/p>\n","protected":false},"author":3,"featured_media":7564,"parent":1622,"menu_order":0,"comment_status":"closed","ping_status":"closed","template":"","meta":{"om_disable_all_campaigns":false,"_monsterinsights_skip_tracking":false,"_monsterinsights_sitenote_active":false,"_monsterinsights_sitenote_note":"","_monsterinsights_sitenote_category":0,"footnotes":""},"class_list":["post-8672","page","type-page","status-publish","has-post-thumbnail","hentry"],"aioseo_notices":[],"_links":{"self":[{"href":"https:\/\/www.starnight.be\/dj-soiree\/wp-json\/wp\/v2\/pages\/8672","targetHints":{"allow":["GET"]}}],"collection":[{"href":"https:\/\/www.starnight.be\/dj-soiree\/wp-json\/wp\/v2\/pages"}],"about":[{"href":"https:\/\/www.starnight.be\/dj-soiree\/wp-json\/wp\/v2\/types\/page"}],"author":[{"embeddable":true,"href":"https:\/\/www.starnight.be\/dj-soiree\/wp-json\/wp\/v2\/users\/3"}],"replies":[{"embeddable":true,"href":"https:\/\/www.starnight.be\/dj-soiree\/wp-json\/wp\/v2\/comments?post=8672"}],"version-history":[{"count":5,"href":"https:\/\/www.starnight.be\/dj-soiree\/wp-json\/wp\/v2\/pages\/8672\/revisions"}],"predecessor-version":[{"id":8678,"href":"https:\/\/www.starnight.be\/dj-soiree\/wp-json\/wp\/v2\/pages\/8672\/revisions\/8678"}],"up":[{"embeddable":true,"href":"https:\/\/www.starnight.be\/dj-soiree\/wp-json\/wp\/v2\/pages\/1622"}],"wp:featuredmedia":[{"embeddable":true,"href":"https:\/\/www.starnight.be\/dj-soiree\/wp-json\/wp\/v2\/media\/7564"}],"wp:attachment":[{"href":"https:\/\/www.starnight.be\/dj-soiree\/wp-json\/wp\/v2\/media?parent=8672"}],"curies":[{"name":"wp","href":"https:\/\/api.w.org\/{rel}","templated":true}]}}