{"id":113,"date":"2017-07-03T05:21:54","date_gmt":"2017-07-03T05:21:54","guid":{"rendered":"http:\/\/STARNIGHT.be\/nl\/?page_id=113"},"modified":"2021-09-14T08:05:56","modified_gmt":"2021-09-14T08:05:56","slug":"uw-bruiloft","status":"publish","type":"page","link":"https:\/\/www.starnight.be\/nl\/diensten\/uw-bruiloft\/","title":{"rendered":"Uw bruiloft!"},"content":{"rendered":"<h1><strong>Omdat uw bruiloft \u00e9\u00e9n van de belangrijkste momenten is in uw leven!<\/strong><\/h1>\n<p><a href=\"http:\/\/www.starnight.be\/dj-soiree\/wp-content\/uploads\/2014\/09\/bouquet-mariage.png\"><img loading=\"lazy\" decoding=\"async\" class=\"wp-image-3267 size-thumbnail alignleft\" src=\"http:\/\/www.starnight.be\/dj-soiree\/wp-content\/uploads\/2014\/09\/bouquet-mariage-150x150.png\" width=\"150\" height=\"150\" \/><\/a>Meer dan slechts een evenement, een bruiloft moet goed op voorhand gepland worden om perfect te zijn! We bieden aan om af te spreken en uw wensen te bespreken om na te gaan of het doenbaar is.<\/p>\n<p><span style=\"text-decoration: underline;\"><strong>Samen<\/strong><\/span> bestuderen we jullie planning, uw muzikale selectie, uw keuze in materiaal, uw budget, enz&#8230;<\/p>\n<p><span style=\"text-decoration: underline;\"><strong>De trouw DJ <\/strong><\/span> heeft een zeer belangrijke rol, aangezien hij voor uw feest moet zorgen, maar moet ook deelnemen in de co\u00f6rdinatie tussen andere verbonden partijen (toespraak, videoprojectie, spelletjes, enz\u2026). We nodigen u eveneens uit om onze co\u00f6rdinaten met uw getuigen te delen indien ze zich zouden willen organiseren voor \u00e9\u00e9n of andere verrassing.<\/p>\n<hr \/>\n<h2><strong>D Day!<\/strong><\/h2>\n<h4 style=\"text-align: center;\">We zijn uw bondgenoten van A tot Z om de sfeer van uw trouw de garanderen!<\/h4>\n<p>&nbsp;<\/p>\n<p><span style=\"text-decoration: underline;\">Zo verloopt een trouw zich in het algemeen<\/span> :<\/p>\n<ul>\n<li><strong><u>De ontvangst van uw gasten<\/u><\/strong> : of u nu voor of na uw gasten toekomt, wij zullen klaar zijn aangezien we het materiaal compleet op voorhand installeren: we zullen iedereen welkom heten met sfeervolle muziek. Als dit gebeurt in een tuin of in een andere zaal, installeren wij eveneens het nodige materiaal om dit te bedekken.<\/li>\n<\/ul>\n<ul>\n<li><strong><u>U komt toe in de zaal<\/u><\/strong> : als u dit wenst kunnen wij uw gasten installeren zodat zij u kunnen verwelkomen wanneer u de zaal binnenkomt. Dit kan op de muziek van uw keuze, of het nu met een knettergekke sfeer moet of eerder ceremoniaal moet zijn, naargelang uw wensen.<\/li>\n<\/ul>\n<ul>\n<li><strong><u>Aan tafel<\/u><\/strong> : aangepaste liedjes zullen gespeeld worden zodat dit moment aangenaam is voor iedereen! We maken eveneens gebruik van dit moment om aan iedereen een vignet uit te delen met onze website erop en het wachtwoord om de foto\u2019s te downloaden.<\/li>\n<\/ul>\n<ul>\n<li><strong><u>Speech en spel<\/u><\/strong> : we organiseren ons met de traiteur zodat de toespraak en\/of spellen zo goed mogelijk georganiseerd zijn. Hetzelfde geld voor de kousenband, dans of andere&#8230;<\/li>\n<\/ul>\n<ul>\n<li><strong><u>De avondgasten<\/u><\/strong> : indien dit het geval is, passen wij onze selectie van muziek aan zodat de cocktailsfeer beetje bij beetje naar het moment van de dans leidt. Als dit niet voorzien is, passen we onze muziek aan bij het aandringen van het avondeten.<\/li>\n<\/ul>\n<ul>\n<li><strong><u>Dessert<\/u><\/strong> : voor of na de dansavond, we werken samen met uw traiteur zodat het evenement zo goed mogelijk gelanceerd wordt met de muziek van uw keuze, evenals de verlichting van uw keuze..<\/li>\n<\/ul>\n<ul>\n<li><strong><u>De openingsdans<\/u><\/strong> : wij helpen u uw avonddans goed te beginnen met de muziek van uw keuze, terwijl wij u aankondigen en de anderen uitnodigen om te applaudisseren.<\/li>\n<\/ul>\n<ul>\n<li><strong><u>De dans<\/u><\/strong> : het is niet de DJ die de ster is van de avond maar <span style=\"text-decoration: underline;\">U<\/span> ! We passen ons aan naargelang de wensen die u ons heeft gebracht, maar ook naargelang de wensen van uw gasten. We zullen altijd luisteren naar de wensen van iedereen of ze een bepaald liedje willen horen, naargelang het mogelijke natuurlijk.<\/li>\n<\/ul>\n<hr \/>\n<p><strong><a href=\"http:\/\/www.starnight.be\/dj-soiree\/wp-content\/uploads\/2017\/02\/D\u00e9lirePack-customis\u00e9-pour-un-petit-mariage-plus-petit-et-adapt\u00e9-\u00e0-la-salle-et-l\u00e9v\u00e9nement-avec-4-Lyres-4-spots-PAR-1-spot-UV-1-Stroboscope-et-1-laser-du-LaserPack.jpg\"><img loading=\"lazy\" decoding=\"async\" class=\"wp-image-3218 size-thumbnail alignleft\" src=\"http:\/\/www.starnight.be\/dj-soiree\/wp-content\/uploads\/2017\/02\/D\u00e9lirePack-customis\u00e9-pour-un-petit-mariage-plus-petit-et-adapt\u00e9-\u00e0-la-salle-et-l\u00e9v\u00e9nement-avec-4-Lyres-4-spots-PAR-1-spot-UV-1-Stroboscope-et-1-laser-du-LaserPack-150x150.jpg\" width=\"150\" height=\"150\" \/><\/a>Kijk op materiaal<\/strong>, de <strong>GlamourPack<\/strong> samen met de <strong>DecoPack<\/strong> zijn de pakkets die het meest gebruikt worden tijdens trouwfeesten.<\/p>\n<p>De toekomstige bruid en bruidegom die nog meer materiaal wensen voor een geweldige sfeer op de dansvloer kunnen profiteren van onze prestigieuze <strong>GlamourPack <\/strong>en onze adaptaties in functie van de zaal.<\/p>\n<p>In beide zaken zullen we u een precieze valuta geven.<\/p>\n<h4><span class=\"with-icon\" style=\"background-image:url(https:\/\/www.starnight.be\/nl\/wp-content\/themes\/metro\/img\/icons\/0255.png)\"><\/span>Onze geluidsinstelling gebruikt <strong>kwaliteitsvol, professioneel materiaal<\/strong>, net als onze lichtinstellingen.<\/h4>\n<hr \/>\n<h3 style=\"text-align: center;\"><span style=\"text-decoration: underline;\"><strong>Vragen?<\/strong><\/span><\/h3>\n<p style=\"text-align: center;\">Contacteer ons en we helpen u met veel plezier!<\/p>\n<p style=\"text-align: center;\"><a class=\"button single-color text-bright size-small\" href=\"http:\/\/starnight.be\/nl\/?page_id=16\" id=\"sc_button_1\">Contact ons!<\/a><style>#sc_button_1{color:#ffffff !important}<\/style><\/p>\n<hr \/>\n<p style=\"text-align: center;\"><p><strong>Geen afbeeldingen.<\/strong><br\/>Upload afbeeldingen in de sectie afbeeldingen manager. Klik op de knop Afbeeldingen beheren aan de rechterkant van de instellingen van de galerij.<br \/><strong>Controleer of je de optie niet hebt ingeschakeld: afbeeldingen van de huidige galerij. De optie heeft de waarde Toon om afbeeldingen te tonen.<\/strong><\/p><\/p>\n","protected":false},"excerpt":{"rendered":"<p>Omdat uw bruiloft \u00e9\u00e9n van de belangrijkste momenten is in uw leven! Meer dan slechts <a href=\"https:\/\/www.starnight.be\/nl\/diensten\/uw-bruiloft\/\">Read more<\/a><\/p>\n","protected":false},"author":2,"featured_media":0,"parent":95,"menu_order":0,"comment_status":"closed","ping_status":"closed","template":"","meta":{"_exactmetrics_skip_tracking":false,"_exactmetrics_sitenote_active":false,"_exactmetrics_sitenote_note":"","_exactmetrics_sitenote_category":0,"footnotes":""},"class_list":["post-113","page","type-page","status-publish","hentry"],"_links":{"self":[{"href":"https:\/\/www.starnight.be\/nl\/wp-json\/wp\/v2\/pages\/113","targetHints":{"allow":["GET"]}}],"collection":[{"href":"https:\/\/www.starnight.be\/nl\/wp-json\/wp\/v2\/pages"}],"about":[{"href":"https:\/\/www.starnight.be\/nl\/wp-json\/wp\/v2\/types\/page"}],"author":[{"embeddable":true,"href":"https:\/\/www.starnight.be\/nl\/wp-json\/wp\/v2\/users\/2"}],"replies":[{"embeddable":true,"href":"https:\/\/www.starnight.be\/nl\/wp-json\/wp\/v2\/comments?post=113"}],"version-history":[{"count":7,"href":"https:\/\/www.starnight.be\/nl\/wp-json\/wp\/v2\/pages\/113\/revisions"}],"predecessor-version":[{"id":438,"href":"https:\/\/www.starnight.be\/nl\/wp-json\/wp\/v2\/pages\/113\/revisions\/438"}],"up":[{"embeddable":true,"href":"https:\/\/www.starnight.be\/nl\/wp-json\/wp\/v2\/pages\/95"}],"wp:attachment":[{"href":"https:\/\/www.starnight.be\/nl\/wp-json\/wp\/v2\/media?parent=113"}],"curies":[{"name":"wp","href":"https:\/\/api.w.org\/{rel}","templated":true}]}}