{"id":165,"date":"2017-07-04T11:42:07","date_gmt":"2017-07-04T11:42:07","guid":{"rendered":"http:\/\/STARNIGHT.be\/nl\/?page_id=165"},"modified":"2023-05-22T20:13:48","modified_gmt":"2023-05-22T20:13:48","slug":"materiaal-delirium-pack","status":"publish","type":"page","link":"https:\/\/www.starnight.be\/nl\/materiaal\/materiaal-delirium-pack\/","title":{"rendered":"Materiaal &#8211; Delirium Pack"},"content":{"rendered":"<h4><strong>Delirium Pack<\/strong> : het prefecte Pack voor een super party!<\/h4>\n<p><a href=\"http:\/\/www.starnight.be\/dj-soiree\/wp-content\/uploads\/2013\/03\/TRUSS.jpg\"><img loading=\"lazy\" decoding=\"async\" class=\"alignright wp-image-2697\" src=\"http:\/\/www.starnight.be\/dj-soiree\/wp-content\/uploads\/2013\/03\/TRUSS.jpg\" alt=\"Exemple de montage\" width=\"173\" height=\"150\" \/><\/a>Houdt u van mooie installaties op de vloer? Met fantastische effecten dankzij de Moving Heads die op de structuur ge\u00efnstalleerd zijn?<\/p>\n<p>Dit pakket is perfect om uw gasten onder de indruk te laten en een fantastische sfeer op de dansvloer cre\u00ebren!<\/p>\n<p><strong><span style=\"text-decoration: underline;\">Dit pakket houdt in<\/span><\/strong> :<\/p>\n<p>\u2022 2 sterke luidsprekers 700W\/RMS + versterker<br \/>\n\u2022 2 basskasten 1000W\/RMS + versterker<br \/>\n\u2022 1 vierkantige structuur van 5x5x3 (lxbxh) voor de lichtspellen<br \/>\n\u2022 4 kleurspots LED van 40W<br \/>\n<span style=\"display: inline !important; float: none; background-color: transparent; color: #333333; cursor: text; font-family: Georgia,'Times New Roman','Bitstream Charter',Times,serif; font-size: 16px; font-style: normal; font-variant: normal; font-weight: 400; letter-spacing: normal; orphans: 2; text-align: left; text-decoration: none; text-indent: 0px; text-transform: none; -webkit-text-stroke-width: 0px; white-space: normal; word-spacing: 0px;\">\u2022 8 LED Moving Head 180W<\/span><br \/>\n\u2022 2 UV spots 54 W<br \/>\n\u2022 1 sterke rookmachine<br \/>\n\u2022 2 draadloze micro\u2019s<br \/>\n\u2022 1 mixing kit voor de DJ (enkel bij de prestatie van STARNIGHT)<\/p>\n<hr \/>\n<p><strong><span style=\"text-decoration: underline;\">Installaties voorbelden van Delirium Pack<\/span><\/strong><\/p>\n<p style=\"text-align: center;\"><style type=\"text\/css\" scoped>.rbs_gallery_69e0049463356Spinner{\r\n\t\t\t\tmargin: 50px auto;\r\n\t\t\t\twidth: 50px;\r\n\t\t\t\theight: 40px;\r\n\t\t\t\ttext-align: center;\r\n\t\t\t\tfont-size: 10px;\r\n\t\t\t}\r\n\t\t\t.rbs_gallery_69e0049463356Spinner > div{\r\n\t\t\t  background-color: #333;\r\n\t\t\t  height: 100%;\r\n\t\t\t  width: 6px;\r\n\t\t\t  display: inline-block;\r\n\t\t\t  -webkit-animation: rbs_gallery_69e0049463356-stretchdelay 1.2s infinite ease-in-out;\r\n\t\t\t  animation: rbs_gallery_69e0049463356-stretchdelay 1.2s infinite ease-in-out;\r\n\t\t\t}\r\n\t\t\t.rbs_gallery_69e0049463356Spinner .rbs_gallery_69e0049463356Rect2 {\r\n\t\t\t  -webkit-animation-delay: -1.1s;\r\n\t\t\t  animation-delay: -1.1s;\r\n\t\t\t}\r\n\t\t\t.rbs_gallery_69e0049463356Spinner .rbs_gallery_69e0049463356Rect3 {\r\n\t\t\t  -webkit-animation-delay: -1.0s;\r\n\t\t\t  animation-delay: -1.0s;\r\n\t\t\t}\r\n\t\t\t.rbs_gallery_69e0049463356Spinner .rbs_gallery_69e0049463356Rect4 {\r\n\t\t\t  -webkit-animation-delay: -0.9s;\r\n\t\t\t  animation-delay: -0.9s;\r\n\t\t\t}\r\n\t\t\t.rbs_gallery_69e0049463356Spinner .rbs_gallery_69e0049463356Rect5 {\r\n\t\t\t  -webkit-animation-delay: -0.8s;\r\n\t\t\t  animation-delay: -0.8s;\r\n\t\t\t}\r\n\t\t\t@-webkit-keyframes rbs_gallery_69e0049463356-stretchdelay {\r\n\t\t\t  0%, 40%, 100% { -webkit-transform: scaleY(0.4) }  \r\n\t\t\t  20% { -webkit-transform: scaleY(1.0) }\r\n\t\t\t}\r\n\t\t\t@keyframes rbs_gallery_69e0049463356-stretchdelay {\r\n\t\t\t  0%, 40%, 100% { \r\n\t\t\t    transform: scaleY(0.4);\r\n\t\t\t    -webkit-transform: scaleY(0.4);\r\n\t\t\t  }  20% { \r\n\t\t\t    transform: scaleY(1.0);\r\n\t\t\t    -webkit-transform: scaleY(1.0);\r\n\t\t\t  }\r\n\t\t\t}\r\n\t\t<\/style><div class=\"robo-gallery-wrap robo-gallery-wrap-id539 robo-gallery-grid\" ><div id=\"rbs_gallery_69e0049463356-block-loader\" class=\"rbs_gallery_69e0049463356Spinner\"><div class=\"rbs_gallery_69e0049463356Rect1\"><\/div> <div class=\"rbs_gallery_69e0049463356Rect2\"><\/div> <div class=\"rbs_gallery_69e0049463356Rect3\"><\/div> <div class=\"rbs_gallery_69e0049463356Rect4\"><\/div> <div class=\"rbs_gallery_69e0049463356Rect5\"><\/div><\/div><div id=\"robo_gallery_main_block_rbs_gallery_69e0049463356\" class=\"robogallery-gallery-539\" style=\"width:100%;margin:0 auto;  display: none;\"><div id=\"rbs_gallery_69e0049463356\" data-options=\"rbs_gallery_69e0049463356\" style=\"width:100%;\" class=\"robo_gallery  \"><div class=\"rbs-img  category539 \" ><div class=\"rbs-img-image   rbs-lightbox \" ><div class=\"rbs-img-thumbs\"  data-thumbnail=\"https:\/\/www.starnight.be\/nl\/wp-content\/uploads\/2023\/02\/STARNIGHT_sept-21_ouverture_de_bal-300x200.jpg\"  title=\"STARNIGHT_sept-21_ouverture_de_bal\"  data-width=\"300\"  data-height=\"200\" ><\/div><div class=\"rbs-img-data-popup\"  data-popup=\"https:\/\/www.starnight.be\/nl\/wp-content\/uploads\/2023\/02\/STARNIGHT_sept-21_ouverture_de_bal.jpg\"  title=\"STARNIGHT_sept-21_ouverture_de_bal\" ><\/div><div class=\"thumbnail-overlay\"><div class=\"rbsTitle \">STARNIGHT_sept-21_ouverture_de_bal<\/div><div class=\"rbsIcons\"><i class=\"fa fa-search-plus rbsZoomIcon \" ><\/i><\/div><\/div><\/div><\/div><div class=\"rbs-img  category539 \" ><div class=\"rbs-img-image   rbs-lightbox \" ><div class=\"rbs-img-thumbs\"  data-thumbnail=\"https:\/\/www.starnight.be\/nl\/wp-content\/uploads\/2023\/02\/ICI_PARIS_XL_GEMBOUX-300x245.jpg\"  title=\"ICI_PARIS_XL_GEMBOUX\"  data-width=\"300\"  data-height=\"245\" ><\/div><div class=\"rbs-img-data-popup\"  data-popup=\"https:\/\/www.starnight.be\/nl\/wp-content\/uploads\/2023\/02\/ICI_PARIS_XL_GEMBOUX.jpg\"  title=\"ICI_PARIS_XL_GEMBOUX\" ><\/div><div class=\"thumbnail-overlay\"><div class=\"rbsTitle \">ICI_PARIS_XL_GEMBOUX<\/div><div class=\"rbsIcons\"><i class=\"fa fa-search-plus rbsZoomIcon \" ><\/i><\/div><\/div><\/div><\/div><div class=\"rbs-img  category539 \" ><div class=\"rbs-img-image   rbs-lightbox \" ><div class=\"rbs-img-thumbs\"  data-thumbnail=\"https:\/\/www.starnight.be\/nl\/wp-content\/uploads\/2023\/02\/DeliriumPack_vert-300x177.png\"  title=\"DeliriumPack_vert\"  data-width=\"300\"  data-height=\"177\" ><\/div><div class=\"rbs-img-data-popup\"  data-popup=\"https:\/\/www.starnight.be\/nl\/wp-content\/uploads\/2023\/02\/DeliriumPack_vert.png\"  title=\"DeliriumPack_vert\" ><\/div><div class=\"thumbnail-overlay\"><div class=\"rbsTitle \">DeliriumPack_vert<\/div><div class=\"rbsIcons\"><i class=\"fa fa-search-plus rbsZoomIcon \" ><\/i><\/div><\/div><\/div><\/div><div class=\"rbs-img  category539 \" ><div class=\"rbs-img-image   rbs-lightbox \" ><div class=\"rbs-img-thumbs\"  data-thumbnail=\"https:\/\/www.starnight.be\/nl\/wp-content\/uploads\/2023\/02\/DelirePack__ICI-PARIS-XL_Shopping_CORA_Rocourt-300x225.jpg\"  title=\"DelirePack__ICI-PARIS-XL_Shopping_CORA_Rocourt\"  data-width=\"300\"  data-height=\"225\" ><\/div><div class=\"rbs-img-data-popup\"  data-popup=\"https:\/\/www.starnight.be\/nl\/wp-content\/uploads\/2023\/02\/DelirePack__ICI-PARIS-XL_Shopping_CORA_Rocourt.jpg\"  title=\"DelirePack__ICI-PARIS-XL_Shopping_CORA_Rocourt\" ><\/div><div class=\"thumbnail-overlay\"><div class=\"rbsTitle \">DelirePack__ICI-PARIS-XL_Shopping_CORA_Rocourt<\/div><div class=\"rbsIcons\"><i class=\"fa fa-search-plus rbsZoomIcon \" ><\/i><\/div><\/div><\/div><\/div><div class=\"rbs-img  category539 \" ><div class=\"rbs-img-image   rbs-lightbox \" ><div class=\"rbs-img-thumbs\"  data-thumbnail=\"https:\/\/www.starnight.be\/nl\/wp-content\/uploads\/2023\/02\/DelirePack-reduit-1-300x201.jpg\"  title=\"D\u00e9lirePack-r\u00e9duit-1\"  data-width=\"300\"  data-height=\"201\" ><\/div><div class=\"rbs-img-data-popup\"  data-popup=\"https:\/\/www.starnight.be\/nl\/wp-content\/uploads\/2023\/02\/DelirePack-reduit-1-scaled.jpg\"  title=\"D\u00e9lirePack-r\u00e9duit-1\" ><\/div><div class=\"thumbnail-overlay\"><div class=\"rbsTitle \">D\u00e9lirePack-r\u00e9duit-1<\/div><div class=\"rbsIcons\"><i class=\"fa fa-search-plus rbsZoomIcon \" ><\/i><\/div><\/div><\/div><\/div><div class=\"rbs-img  category539 \" ><div class=\"rbs-img-image   rbs-lightbox \" ><div class=\"rbs-img-thumbs\"  data-thumbnail=\"https:\/\/www.starnight.be\/nl\/wp-content\/uploads\/2023\/02\/DelirePack-Avec-1-laser-du-LaserPack-300x191.jpg\"  title=\"D\u00e9lirePack-Avec-1-laser-du-LaserPack\"  data-width=\"300\"  data-height=\"191\" ><\/div><div class=\"rbs-img-data-popup\"  data-popup=\"https:\/\/www.starnight.be\/nl\/wp-content\/uploads\/2023\/02\/DelirePack-Avec-1-laser-du-LaserPack.jpg\"  title=\"D\u00e9lirePack-Avec-1-laser-du-LaserPack\" ><\/div><div class=\"thumbnail-overlay\"><div class=\"rbsTitle \">D\u00e9lirePack-Avec-1-laser-du-LaserPack<\/div><div class=\"rbsIcons\"><i class=\"fa fa-search-plus rbsZoomIcon \" ><\/i><\/div><\/div><\/div><\/div><div class=\"rbs-img  category539 \" ><div class=\"rbs-img-image   rbs-lightbox \" ><div class=\"rbs-img-thumbs\"  data-thumbnail=\"https:\/\/www.starnight.be\/nl\/wp-content\/uploads\/2023\/02\/CustomPack_ICI-PARIS-XL_Docks-Bruxsel-3-300x225.jpg\"  title=\"CustomPack_ICI-PARIS-XL_Docks-Bruxsel-3\"  data-width=\"300\"  data-height=\"225\" ><\/div><div class=\"rbs-img-data-popup\"  data-popup=\"https:\/\/www.starnight.be\/nl\/wp-content\/uploads\/2023\/02\/CustomPack_ICI-PARIS-XL_Docks-Bruxsel-3.jpg\"  title=\"CustomPack_ICI-PARIS-XL_Docks-Bruxsel-3\" ><\/div><div class=\"thumbnail-overlay\"><div class=\"rbsTitle \">CustomPack_ICI-PARIS-XL_Docks-Bruxsel-3<\/div><div class=\"rbsIcons\"><i class=\"fa fa-search-plus rbsZoomIcon \" ><\/i><\/div><\/div><\/div><\/div><div class=\"rbs-img  category539 \" ><div class=\"rbs-img-image   rbs-lightbox \" ><div class=\"rbs-img-thumbs\"  data-thumbnail=\"https:\/\/www.starnight.be\/nl\/wp-content\/uploads\/2023\/02\/STARNIGHT_sept-21_lancement-du-bouquet-300x220.jpg\"  title=\"STARNIGHT_sept-21_lancement-du-bouquet\"  data-width=\"300\"  data-height=\"220\" ><\/div><div class=\"rbs-img-data-popup\"  data-popup=\"https:\/\/www.starnight.be\/nl\/wp-content\/uploads\/2023\/02\/STARNIGHT_sept-21_lancement-du-bouquet.jpg\"  title=\"STARNIGHT_sept-21_lancement-du-bouquet\" ><\/div><div class=\"thumbnail-overlay\"><div class=\"rbsTitle \">STARNIGHT_sept-21_lancement-du-bouquet<\/div><div class=\"rbsIcons\"><i class=\"fa fa-search-plus rbsZoomIcon \" ><\/i><\/div><\/div><\/div><\/div><div class=\"rbs-img  category539 \" ><div class=\"rbs-img-image   rbs-lightbox \" ><div class=\"rbs-img-thumbs\"  data-thumbnail=\"https:\/\/www.starnight.be\/nl\/wp-content\/uploads\/2023\/02\/DecoPack-avec-DelirePack-1-300x225.jpg\"  title=\"DecoPack-avec-DelirePack\"  data-width=\"300\"  data-height=\"225\" ><\/div><div class=\"rbs-img-data-popup\"  data-popup=\"https:\/\/www.starnight.be\/nl\/wp-content\/uploads\/2023\/02\/DecoPack-avec-DelirePack-1.jpg\"  title=\"DecoPack-avec-DelirePack\" ><\/div><div class=\"thumbnail-overlay\"><div class=\"rbsTitle \">DecoPack-avec-DelirePack<\/div><div class=\"rbsIcons\"><i class=\"fa fa-search-plus rbsZoomIcon \" ><\/i><\/div><\/div><\/div><\/div><div class=\"rbs-img  category539 \" ><div class=\"rbs-img-image   rbs-lightbox \" ><div class=\"rbs-img-thumbs\"  data-thumbnail=\"https:\/\/www.starnight.be\/nl\/wp-content\/uploads\/2023\/02\/DelirePack_et_LaserPack-300x200.jpg\"  title=\"D\u00e9lirePack_et_LaserPack\"  data-width=\"300\"  data-height=\"200\" ><\/div><div class=\"rbs-img-data-popup\"  data-popup=\"https:\/\/www.starnight.be\/nl\/wp-content\/uploads\/2023\/02\/DelirePack_et_LaserPack.jpg\"  title=\"D\u00e9lirePack_et_LaserPack\" ><\/div><div class=\"thumbnail-overlay\"><div class=\"rbsTitle \">D\u00e9lirePack_et_LaserPack<\/div><div class=\"rbsIcons\"><i class=\"fa fa-search-plus rbsZoomIcon \" ><\/i><\/div><\/div><\/div><\/div><div class=\"rbs-img  category539 \" ><div class=\"rbs-img-image   rbs-lightbox \" ><div class=\"rbs-img-thumbs\"  data-thumbnail=\"https:\/\/www.starnight.be\/nl\/wp-content\/uploads\/2023\/02\/DecoPack-2-300x225.jpg\"  title=\"DecoPack\"  data-width=\"300\"  data-height=\"225\" ><\/div><div class=\"rbs-img-data-popup\"  data-popup=\"https:\/\/www.starnight.be\/nl\/wp-content\/uploads\/2023\/02\/DecoPack-2.jpg\"  title=\"DecoPack\" ><\/div><div class=\"thumbnail-overlay\"><div class=\"rbsTitle \">DecoPack<\/div><div class=\"rbsIcons\"><i class=\"fa fa-search-plus rbsZoomIcon \" ><\/i><\/div><\/div><\/div><\/div><div class=\"rbs-img  category539 \" ><div class=\"rbs-img-image   rbs-lightbox \" ><div class=\"rbs-img-thumbs\"  data-thumbnail=\"https:\/\/www.starnight.be\/nl\/wp-content\/uploads\/2023\/02\/DeliriumPack_setup-300x170.png\"  title=\"DeliriumPack_setup\"  data-width=\"300\"  data-height=\"170\" ><\/div><div class=\"rbs-img-data-popup\"  data-popup=\"https:\/\/www.starnight.be\/nl\/wp-content\/uploads\/2023\/02\/DeliriumPack_setup.png\"  title=\"DeliriumPack_setup\" ><\/div><div class=\"thumbnail-overlay\"><div class=\"rbsTitle \">DeliriumPack_setup<\/div><div class=\"rbsIcons\"><i class=\"fa fa-search-plus rbsZoomIcon \" ><\/i><\/div><\/div><\/div><\/div><div class=\"rbs-img  category539 \" ><div class=\"rbs-img-image   rbs-lightbox \" ><div class=\"rbs-img-thumbs\"  data-thumbnail=\"https:\/\/www.starnight.be\/nl\/wp-content\/uploads\/2023\/02\/DelirePack-customise-pour-un-petit-mariage-plus-petit-et-adapte-a-la-salle-et-levenement-avec-4-Lyres-4-spots-PAR-1-spot-UV-1-Stroboscope-et-1-laser-du-LaserPack-300x201.jpg\"  title=\"D\u00e9lirePack-customis\u00e9-pour-un-petit-mariage-plus-petit-et-adapt\u00e9-\u00e0-la-salle-et-l\u00e9v\u00e9nement-avec-4-Lyres-4-spots-PAR-1-spot-UV-1-Stroboscope-et-1-laser-du-LaserPack\"  data-width=\"300\"  data-height=\"201\" ><\/div><div class=\"rbs-img-data-popup\"  data-popup=\"https:\/\/www.starnight.be\/nl\/wp-content\/uploads\/2023\/02\/DelirePack-customise-pour-un-petit-mariage-plus-petit-et-adapte-a-la-salle-et-levenement-avec-4-Lyres-4-spots-PAR-1-spot-UV-1-Stroboscope-et-1-laser-du-LaserPack-scaled.jpg\"  title=\"D\u00e9lirePack-customis\u00e9-pour-un-petit-mariage-plus-petit-et-adapt\u00e9-\u00e0-la-salle-et-l\u00e9v\u00e9nement-avec-4-Lyres-4-spots-PAR-1-spot-UV-1-Stroboscope-et-1-laser-du-LaserPack\" ><\/div><div class=\"thumbnail-overlay\"><div class=\"rbsTitle \">D\u00e9lirePack-customis\u00e9-pour-un-petit-mariage-plus-petit-et-adapt\u00e9-\u00e0-la-salle-et-l\u00e9v\u00e9nement-avec-4-Lyres-4-spots-PAR-1-spot-UV-1-Stroboscope-et-1-laser-du-LaserPack<\/div><div class=\"rbsIcons\"><i class=\"fa fa-search-plus rbsZoomIcon \" ><\/i><\/div><\/div><\/div><\/div><div class=\"rbs-img  category539 \" ><div class=\"rbs-img-image   rbs-lightbox \" ><div class=\"rbs-img-thumbs\"  data-thumbnail=\"https:\/\/www.starnight.be\/nl\/wp-content\/uploads\/2023\/02\/STARNIGHT_sept-21_mariage_Ambiance_fin_de_soiree_mariage-300x200.jpg\"  title=\"STARNIGHT_sept-21_mariage_Ambiance_fin_de_soiree_mariage\"  data-width=\"300\"  data-height=\"200\" ><\/div><div class=\"rbs-img-data-popup\"  data-popup=\"https:\/\/www.starnight.be\/nl\/wp-content\/uploads\/2023\/02\/STARNIGHT_sept-21_mariage_Ambiance_fin_de_soiree_mariage.jpg\"  title=\"STARNIGHT_sept-21_mariage_Ambiance_fin_de_soiree_mariage\" ><\/div><div class=\"thumbnail-overlay\"><div class=\"rbsTitle \">STARNIGHT_sept-21_mariage_Ambiance_fin_de_soiree_mariage<\/div><div class=\"rbsIcons\"><i class=\"fa fa-search-plus rbsZoomIcon \" ><\/i><\/div><\/div><\/div><\/div><\/div><\/div><\/div><script>var rbs_gallery_69e0049463356 = {\"version\":\"5.1.0\",\"id\":539,\"class\":\"id539\",\"roboGalleryDelay\":1000,\"mainContainer\":\"#robo_gallery_main_block_rbs_gallery_69e0049463356\",\"loadingContainer\":\"#rbs_gallery_69e0049463356-block-loader\",\"loadingContainerObj\":\"rbs_gallery_69e0049463356-block-loader\",\"columnWidth\":\"auto\",\"columns\":3,\"resolutions\":[{\"columnWidth\":\"auto\",\"columns\":3,\"maxWidth\":960},{\"columnWidth\":\"auto\",\"columns\":2,\"maxWidth\":650},{\"columnWidth\":\"auto\",\"columns\":1,\"maxWidth\":450}],\"lightboxOptions\":{\"gallery\":{\"enabled\":true,\"tCounter\":\"%curr% of %total%\"}},\"overlayEffect\":\"direction-aware-fade\",\"boxesToLoadStart\":12,\"boxesToLoad\":8,\"waitUntilThumbLoads\":1,\"LoadingWord\":\"Loading...\",\"loadMoreWord\":\"Load More\",\"noMoreEntriesWord\":\"No More Entries\",\"horizontalSpaceBetweenBoxes\":15,\"verticalSpaceBetweenBoxes\":15,\"lazyLoad\":1,\"wrapContainer\":\"#robo-gallery-wrap-rbs_gallery_69e0049463356\"};<\/script><\/p>\n<p>&nbsp;<\/p>\n<hr \/>\n<p style=\"text-align: center;\"><iframe loading=\"lazy\" title=\"YouTube video player\" src=\"https:\/\/www.youtube.com\/embed\/-xf2ogKXV3E\" width=\"100%\" height=\"315\" frameborder=\"0\" allowfullscreen=\"allowfullscreen\"><\/iframe><\/p>\n<p style=\"text-align: center;\"><iframe loading=\"lazy\" title=\"YouTube video player\" src=\"https:\/\/www.youtube.com\/embed\/sj_rZUOOTxA\" width=\"100%\" height=\"315\" frameborder=\"0\" allowfullscreen=\"allowfullscreen\"><\/iframe><\/p>\n<p style=\"text-align: center;\"><iframe loading=\"lazy\" src=\"https:\/\/www.youtube.com\/embed\/tMOkfPysDuE\" width=\"100%\" height=\"315\" frameborder=\"0\" allowfullscreen=\"allowfullscreen\"><\/iframe><\/p>\n","protected":false},"excerpt":{"rendered":"<p>Delirium Pack : het prefecte Pack voor een super party! Houdt u van mooie installaties <a href=\"https:\/\/www.starnight.be\/nl\/materiaal\/materiaal-delirium-pack\/\">Read more<\/a><\/p>\n","protected":false},"author":2,"featured_media":0,"parent":24,"menu_order":0,"comment_status":"closed","ping_status":"closed","template":"","meta":{"_exactmetrics_skip_tracking":false,"_exactmetrics_sitenote_active":false,"_exactmetrics_sitenote_note":"","_exactmetrics_sitenote_category":0,"footnotes":""},"class_list":["post-165","page","type-page","status-publish","hentry"],"_links":{"self":[{"href":"https:\/\/www.starnight.be\/nl\/wp-json\/wp\/v2\/pages\/165","targetHints":{"allow":["GET"]}}],"collection":[{"href":"https:\/\/www.starnight.be\/nl\/wp-json\/wp\/v2\/pages"}],"about":[{"href":"https:\/\/www.starnight.be\/nl\/wp-json\/wp\/v2\/types\/page"}],"author":[{"embeddable":true,"href":"https:\/\/www.starnight.be\/nl\/wp-json\/wp\/v2\/users\/2"}],"replies":[{"embeddable":true,"href":"https:\/\/www.starnight.be\/nl\/wp-json\/wp\/v2\/comments?post=165"}],"version-history":[{"count":20,"href":"https:\/\/www.starnight.be\/nl\/wp-json\/wp\/v2\/pages\/165\/revisions"}],"predecessor-version":[{"id":771,"href":"https:\/\/www.starnight.be\/nl\/wp-json\/wp\/v2\/pages\/165\/revisions\/771"}],"up":[{"embeddable":true,"href":"https:\/\/www.starnight.be\/nl\/wp-json\/wp\/v2\/pages\/24"}],"wp:attachment":[{"href":"https:\/\/www.starnight.be\/nl\/wp-json\/wp\/v2\/media?parent=165"}],"curies":[{"name":"wp","href":"https:\/\/api.w.org\/{rel}","templated":true}]}}